{"id":5753,"date":"2025-04-29T22:35:10","date_gmt":"2025-04-29T20:35:10","guid":{"rendered":"https:\/\/deeva.website\/?post_type=product&#038;p=5753"},"modified":"2025-04-29T22:35:11","modified_gmt":"2025-04-29T20:35:11","slug":"hugo-boss-boss-bottled","status":"publish","type":"product","link":"https:\/\/deeva.website\/fr-tn\/produit\/hugo-boss-boss-bottled\/","title":{"rendered":"Hugo Boss Boss Bottled"},"content":{"rendered":"<p><strong>Boss Bottled 100ml<\/strong> de <em>Hugo Boss<\/em> est un\u00a0<strong>parfum identique \u00e0 l\u2019original<\/strong>, m\u00eame senteurs, packaging et flacon.<\/p>\n<p>C&#8217;est un eau de toilette Bois\u00e9 \u00c9pic\u00e9 pour homme.<\/p>\n<p>Les notes de t\u00eate sont Pomme, Prune, Bergamote, Citron, Mousse de ch\u00eane et G\u00e9ranium; les notes de c\u0153ur sont Cannelle, Acajou et \u0152illet; les notes de fond sont Vanille, Bois de santal, C\u00e8dre, V\u00e9tiver et Olivier.<\/p>\n<p><img fetchpriority=\"high\" decoding=\"async\" class=\"alignnone size-medium wp-image-5758\" src=\"http:\/\/deeva.website\/wp-content\/uploads\/2025\/04\/HugoBoss3-300x300.jpg\" alt=\"\" width=\"300\" height=\"300\" srcset=\"https:\/\/deeva.website\/wp-content\/uploads\/2025\/04\/HugoBoss3-300x300.jpg 300w, https:\/\/deeva.website\/wp-content\/uploads\/2025\/04\/HugoBoss3-150x150.jpg 150w, https:\/\/deeva.website\/wp-content\/uploads\/2025\/04\/HugoBoss3-400x400.jpg 400w, https:\/\/deeva.website\/wp-content\/uploads\/2025\/04\/HugoBoss3-100x100.jpg 100w, https:\/\/deeva.website\/wp-content\/uploads\/2025\/04\/HugoBoss3-24x24.jpg 24w, https:\/\/deeva.website\/wp-content\/uploads\/2025\/04\/HugoBoss3-48x48.jpg 48w, https:\/\/deeva.website\/wp-content\/uploads\/2025\/04\/HugoBoss3-96x96.jpg 96w, https:\/\/deeva.website\/wp-content\/uploads\/2025\/04\/HugoBoss3.jpg 458w\" sizes=\"(max-width: 300px) 100vw, 300px\" \/> <img decoding=\"async\" class=\"alignnone size-medium wp-image-5760\" src=\"http:\/\/deeva.website\/wp-content\/uploads\/2025\/04\/HugoBoss4-250x300.png\" alt=\"\" width=\"250\" height=\"300\" srcset=\"https:\/\/deeva.website\/wp-content\/uploads\/2025\/04\/HugoBoss4-250x300.png 250w, https:\/\/deeva.website\/wp-content\/uploads\/2025\/04\/HugoBoss4.png 390w\" sizes=\"(max-width: 250px) 100vw, 250px\" \/><\/p>\n","protected":false},"excerpt":{"rendered":"<p><strong>Boss Bottled 100ml<\/strong> de <em>Hugo Boss<\/em> est un\u00a0<strong>parfum identique \u00e0 l\u2019original<\/strong>, m\u00eame senteurs, packaging et flacon.<\/p>\n<p>C&#8217;est un eau de toilette Bois\u00e9 \u00c9pic\u00e9 pour homme.<\/p>\n<p>Les notes de t\u00eate sont Pomme, Prune, Bergamote, Citron, Mousse de ch\u00eane et G\u00e9ranium; les notes de c\u0153ur sont Cannelle, Acajou et \u0152illet; les notes de fond sont Vanille, Bois de santal, C\u00e8dre, V\u00e9tiver et Olivier.<\/p>\n<p><img fetchpriority=\"high\" decoding=\"async\" class=\"alignnone size-medium wp-image-5758\" src=\"http:\/\/deeva.website\/wp-content\/uploads\/2025\/04\/HugoBoss3-300x300.jpg\" alt=\"\" width=\"300\" height=\"300\" srcset=\"https:\/\/deeva.website\/wp-content\/uploads\/2025\/04\/HugoBoss3-300x300.jpg 300w, https:\/\/deeva.website\/wp-content\/uploads\/2025\/04\/HugoBoss3-150x150.jpg 150w, https:\/\/deeva.website\/wp-content\/uploads\/2025\/04\/HugoBoss3-400x400.jpg 400w, https:\/\/deeva.website\/wp-content\/uploads\/2025\/04\/HugoBoss3-100x100.jpg 100w, https:\/\/deeva.website\/wp-content\/uploads\/2025\/04\/HugoBoss3-24x24.jpg 24w, https:\/\/deeva.website\/wp-content\/uploads\/2025\/04\/HugoBoss3-48x48.jpg 48w, https:\/\/deeva.website\/wp-content\/uploads\/2025\/04\/HugoBoss3-96x96.jpg 96w, https:\/\/deeva.website\/wp-content\/uploads\/2025\/04\/HugoBoss3.jpg 458w\" sizes=\"(max-width: 300px) 100vw, 300px\" \/> <img decoding=\"async\" class=\"alignnone size-medium wp-image-5760\" src=\"http:\/\/deeva.website\/wp-content\/uploads\/2025\/04\/HugoBoss4-250x300.png\" alt=\"\" width=\"250\" height=\"300\" srcset=\"https:\/\/deeva.website\/wp-content\/uploads\/2025\/04\/HugoBoss4-250x300.png 250w, https:\/\/deeva.website\/wp-content\/uploads\/2025\/04\/HugoBoss4.png 390w\" sizes=\"(max-width: 250px) 100vw, 250px\" \/><\/p>\n","protected":false},"featured_media":5754,"comment_status":"open","ping_status":"closed","template":"","meta":[],"product_cat":[87],"product_tag":[],"_links":{"self":[{"href":"https:\/\/deeva.website\/fr-tn\/wp-json\/wp\/v2\/product\/5753"}],"collection":[{"href":"https:\/\/deeva.website\/fr-tn\/wp-json\/wp\/v2\/product"}],"about":[{"href":"https:\/\/deeva.website\/fr-tn\/wp-json\/wp\/v2\/types\/product"}],"replies":[{"embeddable":true,"href":"https:\/\/deeva.website\/fr-tn\/wp-json\/wp\/v2\/comments?post=5753"}],"version-history":[{"count":1,"href":"https:\/\/deeva.website\/fr-tn\/wp-json\/wp\/v2\/product\/5753\/revisions"}],"predecessor-version":[{"id":5762,"href":"https:\/\/deeva.website\/fr-tn\/wp-json\/wp\/v2\/product\/5753\/revisions\/5762"}],"wp:featuredmedia":[{"embeddable":true,"href":"https:\/\/deeva.website\/fr-tn\/wp-json\/wp\/v2\/media\/5754"}],"wp:attachment":[{"href":"https:\/\/deeva.website\/fr-tn\/wp-json\/wp\/v2\/media?parent=5753"}],"wp:term":[{"taxonomy":"product_cat","embeddable":true,"href":"https:\/\/deeva.website\/fr-tn\/wp-json\/wp\/v2\/product_cat?post=5753"},{"taxonomy":"product_tag","embeddable":true,"href":"https:\/\/deeva.website\/fr-tn\/wp-json\/wp\/v2\/product_tag?post=5753"}],"curies":[{"name":"wp","href":"https:\/\/api.w.org\/{rel}","templated":true}]}}