{"id":5720,"date":"2025-04-29T14:53:53","date_gmt":"2025-04-29T12:53:53","guid":{"rendered":"https:\/\/deeva.website\/?post_type=product&#038;p=5720"},"modified":"2025-04-29T14:53:53","modified_gmt":"2025-04-29T12:53:53","slug":"paco-rabanne-pure-xs","status":"publish","type":"product","link":"https:\/\/deeva.website\/fr-tn\/produit\/paco-rabanne-pure-xs\/","title":{"rendered":"Paco Rabanne Pure XS"},"content":{"rendered":"<p>Pure XS de Rabanne est un\u00a0<strong>parfum identique \u00e0 l\u2019original<\/strong>, m\u00eame senteurs, packaging et flacon.<\/p>\n<p>C&#8217;est un eau de toilette Aromatique \u00c9pic\u00e9 pour homme.<\/p>\n<p>Les notes de t\u00eate sont Gingembre, Thym, Pamplemousse, Bergamote et Accord vert; les notes de c\u0153ur sont Vanille, Liqueur, Cannelle, Cuir et Pomme; les notes de fond sont Myrrhe, Sucre, C\u00e8dre, Notes bois\u00e9es, Bois de cachemire et Patchouli.<\/p>\n<p><img fetchpriority=\"high\" decoding=\"async\" class=\"alignnone size-medium wp-image-5729\" src=\"http:\/\/deeva.website\/wp-content\/uploads\/2025\/04\/rabanexs5-226x300.png\" alt=\"\" width=\"226\" height=\"300\" srcset=\"https:\/\/deeva.website\/wp-content\/uploads\/2025\/04\/rabanexs5-226x300.png 226w, https:\/\/deeva.website\/wp-content\/uploads\/2025\/04\/rabanexs5.png 383w\" sizes=\"(max-width: 226px) 100vw, 226px\" \/> <img decoding=\"async\" class=\"alignnone size-medium wp-image-5727\" src=\"http:\/\/deeva.website\/wp-content\/uploads\/2025\/04\/rabanexs4-208x300.png\" alt=\"\" width=\"208\" height=\"300\" srcset=\"https:\/\/deeva.website\/wp-content\/uploads\/2025\/04\/rabanexs4-208x300.png 208w, https:\/\/deeva.website\/wp-content\/uploads\/2025\/04\/rabanexs4.png 332w\" sizes=\"(max-width: 208px) 100vw, 208px\" \/><\/p>\n","protected":false},"excerpt":{"rendered":"<p>Pure XS de Rabanne est un\u00a0<strong>parfum identique \u00e0 l\u2019original<\/strong>, m\u00eame senteurs, packaging et flacon.<\/p>\n<p>C&#8217;est un eau de toilette Aromatique \u00c9pic\u00e9 pour homme.<\/p>\n<p>Les notes de t\u00eate sont Gingembre, Thym, Pamplemousse, Bergamote et Accord vert; les notes de c\u0153ur sont Vanille, Liqueur, Cannelle, Cuir et Pomme; les notes de fond sont Myrrhe, Sucre, C\u00e8dre, Notes bois\u00e9es, Bois de cachemire et Patchouli.<\/p>\n<p><img fetchpriority=\"high\" decoding=\"async\" class=\"alignnone size-medium wp-image-5729\" src=\"http:\/\/deeva.website\/wp-content\/uploads\/2025\/04\/rabanexs5-226x300.png\" alt=\"\" width=\"226\" height=\"300\" srcset=\"https:\/\/deeva.website\/wp-content\/uploads\/2025\/04\/rabanexs5-226x300.png 226w, https:\/\/deeva.website\/wp-content\/uploads\/2025\/04\/rabanexs5.png 383w\" sizes=\"(max-width: 226px) 100vw, 226px\" \/> <img decoding=\"async\" class=\"alignnone size-medium wp-image-5727\" src=\"http:\/\/deeva.website\/wp-content\/uploads\/2025\/04\/rabanexs4-208x300.png\" alt=\"\" width=\"208\" height=\"300\" srcset=\"https:\/\/deeva.website\/wp-content\/uploads\/2025\/04\/rabanexs4-208x300.png 208w, https:\/\/deeva.website\/wp-content\/uploads\/2025\/04\/rabanexs4.png 332w\" sizes=\"(max-width: 208px) 100vw, 208px\" \/><\/p>\n","protected":false},"featured_media":5721,"comment_status":"open","ping_status":"closed","template":"","meta":[],"product_cat":[87],"product_tag":[],"_links":{"self":[{"href":"https:\/\/deeva.website\/fr-tn\/wp-json\/wp\/v2\/product\/5720"}],"collection":[{"href":"https:\/\/deeva.website\/fr-tn\/wp-json\/wp\/v2\/product"}],"about":[{"href":"https:\/\/deeva.website\/fr-tn\/wp-json\/wp\/v2\/types\/product"}],"replies":[{"embeddable":true,"href":"https:\/\/deeva.website\/fr-tn\/wp-json\/wp\/v2\/comments?post=5720"}],"version-history":[{"count":1,"href":"https:\/\/deeva.website\/fr-tn\/wp-json\/wp\/v2\/product\/5720\/revisions"}],"predecessor-version":[{"id":5731,"href":"https:\/\/deeva.website\/fr-tn\/wp-json\/wp\/v2\/product\/5720\/revisions\/5731"}],"wp:featuredmedia":[{"embeddable":true,"href":"https:\/\/deeva.website\/fr-tn\/wp-json\/wp\/v2\/media\/5721"}],"wp:attachment":[{"href":"https:\/\/deeva.website\/fr-tn\/wp-json\/wp\/v2\/media?parent=5720"}],"wp:term":[{"taxonomy":"product_cat","embeddable":true,"href":"https:\/\/deeva.website\/fr-tn\/wp-json\/wp\/v2\/product_cat?post=5720"},{"taxonomy":"product_tag","embeddable":true,"href":"https:\/\/deeva.website\/fr-tn\/wp-json\/wp\/v2\/product_tag?post=5720"}],"curies":[{"name":"wp","href":"https:\/\/api.w.org\/{rel}","templated":true}]}}