{"id":5708,"date":"2025-04-29T01:16:48","date_gmt":"2025-04-28T23:16:48","guid":{"rendered":"https:\/\/deeva.website\/?post_type=product&#038;p=5708"},"modified":"2025-04-29T01:16:48","modified_gmt":"2025-04-28T23:16:48","slug":"carolina-herrera-good-girl","status":"publish","type":"product","link":"https:\/\/deeva.website\/fr-tn\/produit\/carolina-herrera-good-girl\/","title":{"rendered":"Carolina Herrera  Good Girl"},"content":{"rendered":"<p><strong>Good Girl 80ml<\/strong> de <em>Carolina Herrera<\/em> est un\u00a0<strong>parfum identique \u00e0 l\u2019original<\/strong>, m\u00eame senteurs, packaging et flacon.<\/p>\n<p>C&#8217;est un eau de parfum Orientale Floral pour femme.<\/p>\n<p>Les notes de t\u00eate sont Amande, Caf\u00e9, Bergamote et Citron; les notes de c\u0153ur sont Tub\u00e9reuse, Jasmin Sambac, Fleur d&#8217;oranger, Rose de Bulgarie et Racine d&#8217;iris; les notes de fond sont F\u00e8ve de tonka, Cacao, Vanille, Pralin\u00e9, Bois de santal, Musc, Ambre, Bois de cachemire, Patchouli, Cannelle et C\u00e8dre.<\/p>\n<p><img fetchpriority=\"high\" decoding=\"async\" class=\"alignnone size-medium wp-image-5713\" src=\"http:\/\/deeva.website\/wp-content\/uploads\/2025\/04\/Carolina-Herrera4-208x300.png\" alt=\"\" width=\"208\" height=\"300\" srcset=\"https:\/\/deeva.website\/wp-content\/uploads\/2025\/04\/Carolina-Herrera4-208x300.png 208w, https:\/\/deeva.website\/wp-content\/uploads\/2025\/04\/Carolina-Herrera4.png 341w\" sizes=\"(max-width: 208px) 100vw, 208px\" \/> <img decoding=\"async\" class=\"alignnone size-medium wp-image-5715\" src=\"http:\/\/deeva.website\/wp-content\/uploads\/2025\/04\/Carolina-Herrera5-251x300.png\" alt=\"\" width=\"251\" height=\"300\" srcset=\"https:\/\/deeva.website\/wp-content\/uploads\/2025\/04\/Carolina-Herrera5-251x300.png 251w, https:\/\/deeva.website\/wp-content\/uploads\/2025\/04\/Carolina-Herrera5.png 387w\" sizes=\"(max-width: 251px) 100vw, 251px\" \/><\/p>\n","protected":false},"excerpt":{"rendered":"<p><strong>Good Girl 80ml<\/strong> de <em>Carolina Herrera<\/em> est un\u00a0<strong>parfum identique \u00e0 l\u2019original<\/strong>, m\u00eame senteurs, packaging et flacon.<\/p>\n<p>C&#8217;est un eau de parfum Orientale Floral pour femme.<\/p>\n<p>Les notes de t\u00eate sont Amande, Caf\u00e9, Bergamote et Citron; les notes de c\u0153ur sont Tub\u00e9reuse, Jasmin Sambac, Fleur d&#8217;oranger, Rose de Bulgarie et Racine d&#8217;iris; les notes de fond sont F\u00e8ve de tonka, Cacao, Vanille, Pralin\u00e9, Bois de santal, Musc, Ambre, Bois de cachemire, Patchouli, Cannelle et C\u00e8dre.<\/p>\n<p><img fetchpriority=\"high\" decoding=\"async\" class=\"alignnone size-medium wp-image-5713\" src=\"http:\/\/deeva.website\/wp-content\/uploads\/2025\/04\/Carolina-Herrera4-208x300.png\" alt=\"\" width=\"208\" height=\"300\" srcset=\"https:\/\/deeva.website\/wp-content\/uploads\/2025\/04\/Carolina-Herrera4-208x300.png 208w, https:\/\/deeva.website\/wp-content\/uploads\/2025\/04\/Carolina-Herrera4.png 341w\" sizes=\"(max-width: 208px) 100vw, 208px\" \/> <img decoding=\"async\" class=\"alignnone size-medium wp-image-5715\" src=\"http:\/\/deeva.website\/wp-content\/uploads\/2025\/04\/Carolina-Herrera5-251x300.png\" alt=\"\" width=\"251\" height=\"300\" srcset=\"https:\/\/deeva.website\/wp-content\/uploads\/2025\/04\/Carolina-Herrera5-251x300.png 251w, https:\/\/deeva.website\/wp-content\/uploads\/2025\/04\/Carolina-Herrera5.png 387w\" sizes=\"(max-width: 251px) 100vw, 251px\" \/><\/p>\n","protected":false},"featured_media":5711,"comment_status":"open","ping_status":"closed","template":"","meta":[],"product_cat":[81],"product_tag":[],"_links":{"self":[{"href":"https:\/\/deeva.website\/fr-tn\/wp-json\/wp\/v2\/product\/5708"}],"collection":[{"href":"https:\/\/deeva.website\/fr-tn\/wp-json\/wp\/v2\/product"}],"about":[{"href":"https:\/\/deeva.website\/fr-tn\/wp-json\/wp\/v2\/types\/product"}],"replies":[{"embeddable":true,"href":"https:\/\/deeva.website\/fr-tn\/wp-json\/wp\/v2\/comments?post=5708"}],"version-history":[{"count":1,"href":"https:\/\/deeva.website\/fr-tn\/wp-json\/wp\/v2\/product\/5708\/revisions"}],"predecessor-version":[{"id":5717,"href":"https:\/\/deeva.website\/fr-tn\/wp-json\/wp\/v2\/product\/5708\/revisions\/5717"}],"wp:featuredmedia":[{"embeddable":true,"href":"https:\/\/deeva.website\/fr-tn\/wp-json\/wp\/v2\/media\/5711"}],"wp:attachment":[{"href":"https:\/\/deeva.website\/fr-tn\/wp-json\/wp\/v2\/media?parent=5708"}],"wp:term":[{"taxonomy":"product_cat","embeddable":true,"href":"https:\/\/deeva.website\/fr-tn\/wp-json\/wp\/v2\/product_cat?post=5708"},{"taxonomy":"product_tag","embeddable":true,"href":"https:\/\/deeva.website\/fr-tn\/wp-json\/wp\/v2\/product_tag?post=5708"}],"curies":[{"name":"wp","href":"https:\/\/api.w.org\/{rel}","templated":true}]}}