{"id":5688,"date":"2025-04-29T00:59:09","date_gmt":"2025-04-28T22:59:09","guid":{"rendered":"https:\/\/deeva.website\/?post_type=product&#038;p=5688"},"modified":"2025-04-29T00:59:10","modified_gmt":"2025-04-28T22:59:10","slug":"givenchy-linterdit-edition-couture","status":"publish","type":"product","link":"https:\/\/deeva.website\/fr-tn\/produit\/givenchy-linterdit-edition-couture\/","title":{"rendered":"Givenchy L&#8217;Interdit Edition Couture"},"content":{"rendered":"<p><strong>L&#8217;Interdit Edition Couture 80ml<\/strong> de <em>Givenchy<\/em> est un\u00a0<strong>parfum identique \u00e0 l\u2019original<\/strong>, m\u00eame senteurs, packaging et flacon.<\/p>\n<p>C&#8217;est un eau de parfum Orientale Floral pour femme.<\/p>\n<p>Les notes de t\u00eate sont Poire et Bergamote; les notes de c\u0153ur sont Tub\u00e9reuse, Fleur d&#8217;oranger de Tunisie et Jasmin; les notes de fond sont Vanille, Patchouli, Ambroxan et V\u00e9tiver.<\/p>\n<p><img decoding=\"async\" class=\"alignnone size-medium wp-image-5691\" src=\"http:\/\/deeva.website\/wp-content\/uploads\/2025\/04\/couture2-141x300.jpg\" alt=\"\" width=\"141\" height=\"300\" srcset=\"https:\/\/deeva.website\/wp-content\/uploads\/2025\/04\/couture2-141x300.jpg 141w, https:\/\/deeva.website\/wp-content\/uploads\/2025\/04\/couture2.jpg 154w\" sizes=\"(max-width: 141px) 100vw, 141px\" \/> <img fetchpriority=\"high\" decoding=\"async\" class=\"alignnone size-medium wp-image-5695\" src=\"http:\/\/deeva.website\/wp-content\/uploads\/2025\/04\/couture5-241x300.png\" alt=\"\" width=\"241\" height=\"300\" srcset=\"https:\/\/deeva.website\/wp-content\/uploads\/2025\/04\/couture5-241x300.png 241w, https:\/\/deeva.website\/wp-content\/uploads\/2025\/04\/couture5.png 366w\" sizes=\"(max-width: 241px) 100vw, 241px\" \/><\/p>\n","protected":false},"excerpt":{"rendered":"<p><strong>L&#8217;Interdit Edition Couture 80ml<\/strong> de <em>Givenchy<\/em> est un\u00a0<strong>parfum identique \u00e0 l\u2019original<\/strong>, m\u00eame senteurs, packaging et flacon.<\/p>\n<p>C&#8217;est un eau de parfum Orientale Floral pour femme.<\/p>\n<p>Les notes de t\u00eate sont Poire et Bergamote; les notes de c\u0153ur sont Tub\u00e9reuse, Fleur d&#8217;oranger de Tunisie et Jasmin; les notes de fond sont Vanille, Patchouli, Ambroxan et V\u00e9tiver.<\/p>\n<p><img decoding=\"async\" class=\"alignnone size-medium wp-image-5691\" src=\"http:\/\/deeva.website\/wp-content\/uploads\/2025\/04\/couture2-141x300.jpg\" alt=\"\" width=\"141\" height=\"300\" srcset=\"https:\/\/deeva.website\/wp-content\/uploads\/2025\/04\/couture2-141x300.jpg 141w, https:\/\/deeva.website\/wp-content\/uploads\/2025\/04\/couture2.jpg 154w\" sizes=\"(max-width: 141px) 100vw, 141px\" \/> <img fetchpriority=\"high\" decoding=\"async\" class=\"alignnone size-medium wp-image-5695\" src=\"http:\/\/deeva.website\/wp-content\/uploads\/2025\/04\/couture5-241x300.png\" alt=\"\" width=\"241\" height=\"300\" srcset=\"https:\/\/deeva.website\/wp-content\/uploads\/2025\/04\/couture5-241x300.png 241w, https:\/\/deeva.website\/wp-content\/uploads\/2025\/04\/couture5.png 366w\" sizes=\"(max-width: 241px) 100vw, 241px\" \/><\/p>\n","protected":false},"featured_media":5689,"comment_status":"open","ping_status":"closed","template":"","meta":[],"product_cat":[81],"product_tag":[],"_links":{"self":[{"href":"https:\/\/deeva.website\/fr-tn\/wp-json\/wp\/v2\/product\/5688"}],"collection":[{"href":"https:\/\/deeva.website\/fr-tn\/wp-json\/wp\/v2\/product"}],"about":[{"href":"https:\/\/deeva.website\/fr-tn\/wp-json\/wp\/v2\/types\/product"}],"replies":[{"embeddable":true,"href":"https:\/\/deeva.website\/fr-tn\/wp-json\/wp\/v2\/comments?post=5688"}],"version-history":[{"count":1,"href":"https:\/\/deeva.website\/fr-tn\/wp-json\/wp\/v2\/product\/5688\/revisions"}],"predecessor-version":[{"id":5697,"href":"https:\/\/deeva.website\/fr-tn\/wp-json\/wp\/v2\/product\/5688\/revisions\/5697"}],"wp:featuredmedia":[{"embeddable":true,"href":"https:\/\/deeva.website\/fr-tn\/wp-json\/wp\/v2\/media\/5689"}],"wp:attachment":[{"href":"https:\/\/deeva.website\/fr-tn\/wp-json\/wp\/v2\/media?parent=5688"}],"wp:term":[{"taxonomy":"product_cat","embeddable":true,"href":"https:\/\/deeva.website\/fr-tn\/wp-json\/wp\/v2\/product_cat?post=5688"},{"taxonomy":"product_tag","embeddable":true,"href":"https:\/\/deeva.website\/fr-tn\/wp-json\/wp\/v2\/product_tag?post=5688"}],"curies":[{"name":"wp","href":"https:\/\/api.w.org\/{rel}","templated":true}]}}