{"id":5680,"date":"2025-04-29T00:49:40","date_gmt":"2025-04-28T22:49:40","guid":{"rendered":"https:\/\/deeva.website\/?post_type=product&#038;p=5680"},"modified":"2025-04-29T00:49:41","modified_gmt":"2025-04-28T22:49:41","slug":"rabanne-rabane-1-million","status":"publish","type":"product","link":"https:\/\/deeva.website\/fr-tn\/produit\/rabanne-rabane-1-million\/","title":{"rendered":"Rabanne Rabane 1 Million"},"content":{"rendered":"<p><strong>1 Million 100ml<\/strong>\u00a0de <em>Paco Rabanne<\/em> est un\u00a0<strong>parfum identique \u00e0 l\u2019original<\/strong>, m\u00eame senteurs, packaging et flacon.<\/p>\n<p>C&#8217;est un eau de toilette Cuir pour homme.<\/p>\n<p>Les notes de t\u00eate sont la mandarine sanguine et la menthe poivr\u00e9e invitent \u00e0 se laisser charmer; les notes de c\u0153ur sont rose et la cannelle<\/p>\n<p><img fetchpriority=\"high\" decoding=\"async\" class=\"alignnone size-medium wp-image-5683\" src=\"http:\/\/deeva.website\/wp-content\/uploads\/2025\/04\/paco-rabane2-300x300.jpg\" alt=\"\" width=\"300\" height=\"300\" srcset=\"https:\/\/deeva.website\/wp-content\/uploads\/2025\/04\/paco-rabane2-300x300.jpg 300w, https:\/\/deeva.website\/wp-content\/uploads\/2025\/04\/paco-rabane2-150x150.jpg 150w, https:\/\/deeva.website\/wp-content\/uploads\/2025\/04\/paco-rabane2-768x768.jpg 768w, https:\/\/deeva.website\/wp-content\/uploads\/2025\/04\/paco-rabane2-400x400.jpg 400w, https:\/\/deeva.website\/wp-content\/uploads\/2025\/04\/paco-rabane2-600x600.jpg 600w, https:\/\/deeva.website\/wp-content\/uploads\/2025\/04\/paco-rabane2-100x100.jpg 100w, https:\/\/deeva.website\/wp-content\/uploads\/2025\/04\/paco-rabane2-24x24.jpg 24w, https:\/\/deeva.website\/wp-content\/uploads\/2025\/04\/paco-rabane2-48x48.jpg 48w, https:\/\/deeva.website\/wp-content\/uploads\/2025\/04\/paco-rabane2-96x96.jpg 96w, https:\/\/deeva.website\/wp-content\/uploads\/2025\/04\/paco-rabane2.jpg 800w\" sizes=\"(max-width: 300px) 100vw, 300px\" \/> <img decoding=\"async\" class=\"alignnone size-medium wp-image-5685\" src=\"http:\/\/deeva.website\/wp-content\/uploads\/2025\/04\/paco-rabane3-227x300.png\" alt=\"\" width=\"227\" height=\"300\" srcset=\"https:\/\/deeva.website\/wp-content\/uploads\/2025\/04\/paco-rabane3-227x300.png 227w, https:\/\/deeva.website\/wp-content\/uploads\/2025\/04\/paco-rabane3.png 360w\" sizes=\"(max-width: 227px) 100vw, 227px\" \/><\/p>\n","protected":false},"excerpt":{"rendered":"<p><strong>1 Million 100ml<\/strong>\u00a0de <em>Paco Rabanne<\/em> est un\u00a0<strong>parfum identique \u00e0 l\u2019original<\/strong>, m\u00eame senteurs, packaging et flacon.<\/p>\n<p>C&#8217;est un eau de toilette Cuir pour homme.<\/p>\n<p>Les notes de t\u00eate sont la mandarine sanguine et la menthe poivr\u00e9e invitent \u00e0 se laisser charmer; les notes de c\u0153ur sont rose et la cannelle<\/p>\n<p><img fetchpriority=\"high\" decoding=\"async\" class=\"alignnone size-medium wp-image-5683\" src=\"http:\/\/deeva.website\/wp-content\/uploads\/2025\/04\/paco-rabane2-300x300.jpg\" alt=\"\" width=\"300\" height=\"300\" srcset=\"https:\/\/deeva.website\/wp-content\/uploads\/2025\/04\/paco-rabane2-300x300.jpg 300w, https:\/\/deeva.website\/wp-content\/uploads\/2025\/04\/paco-rabane2-150x150.jpg 150w, https:\/\/deeva.website\/wp-content\/uploads\/2025\/04\/paco-rabane2-768x768.jpg 768w, https:\/\/deeva.website\/wp-content\/uploads\/2025\/04\/paco-rabane2-400x400.jpg 400w, https:\/\/deeva.website\/wp-content\/uploads\/2025\/04\/paco-rabane2-600x600.jpg 600w, https:\/\/deeva.website\/wp-content\/uploads\/2025\/04\/paco-rabane2-100x100.jpg 100w, https:\/\/deeva.website\/wp-content\/uploads\/2025\/04\/paco-rabane2-24x24.jpg 24w, https:\/\/deeva.website\/wp-content\/uploads\/2025\/04\/paco-rabane2-48x48.jpg 48w, https:\/\/deeva.website\/wp-content\/uploads\/2025\/04\/paco-rabane2-96x96.jpg 96w, https:\/\/deeva.website\/wp-content\/uploads\/2025\/04\/paco-rabane2.jpg 800w\" sizes=\"(max-width: 300px) 100vw, 300px\" \/> <img decoding=\"async\" class=\"alignnone size-medium wp-image-5685\" src=\"http:\/\/deeva.website\/wp-content\/uploads\/2025\/04\/paco-rabane3-227x300.png\" alt=\"\" width=\"227\" height=\"300\" srcset=\"https:\/\/deeva.website\/wp-content\/uploads\/2025\/04\/paco-rabane3-227x300.png 227w, https:\/\/deeva.website\/wp-content\/uploads\/2025\/04\/paco-rabane3.png 360w\" sizes=\"(max-width: 227px) 100vw, 227px\" \/><\/p>\n","protected":false},"featured_media":5681,"comment_status":"open","ping_status":"closed","template":"","meta":[],"product_cat":[87],"product_tag":[],"_links":{"self":[{"href":"https:\/\/deeva.website\/fr-tn\/wp-json\/wp\/v2\/product\/5680"}],"collection":[{"href":"https:\/\/deeva.website\/fr-tn\/wp-json\/wp\/v2\/product"}],"about":[{"href":"https:\/\/deeva.website\/fr-tn\/wp-json\/wp\/v2\/types\/product"}],"replies":[{"embeddable":true,"href":"https:\/\/deeva.website\/fr-tn\/wp-json\/wp\/v2\/comments?post=5680"}],"version-history":[{"count":1,"href":"https:\/\/deeva.website\/fr-tn\/wp-json\/wp\/v2\/product\/5680\/revisions"}],"predecessor-version":[{"id":5687,"href":"https:\/\/deeva.website\/fr-tn\/wp-json\/wp\/v2\/product\/5680\/revisions\/5687"}],"wp:featuredmedia":[{"embeddable":true,"href":"https:\/\/deeva.website\/fr-tn\/wp-json\/wp\/v2\/media\/5681"}],"wp:attachment":[{"href":"https:\/\/deeva.website\/fr-tn\/wp-json\/wp\/v2\/media?parent=5680"}],"wp:term":[{"taxonomy":"product_cat","embeddable":true,"href":"https:\/\/deeva.website\/fr-tn\/wp-json\/wp\/v2\/product_cat?post=5680"},{"taxonomy":"product_tag","embeddable":true,"href":"https:\/\/deeva.website\/fr-tn\/wp-json\/wp\/v2\/product_tag?post=5680"}],"curies":[{"name":"wp","href":"https:\/\/api.w.org\/{rel}","templated":true}]}}