{"id":5670,"date":"2025-04-29T00:37:28","date_gmt":"2025-04-28T22:37:28","guid":{"rendered":"https:\/\/deeva.website\/?post_type=product&#038;p=5670"},"modified":"2025-12-13T19:37:27","modified_gmt":"2025-12-13T18:37:27","slug":"givenchy-linterdit-eau-de-parfum-rouge-ultime","status":"publish","type":"product","link":"https:\/\/deeva.website\/fr-tn\/produit\/givenchy-linterdit-eau-de-parfum-rouge-ultime\/","title":{"rendered":"Givenchy L&#8217;Interdit Eau de Parfum Rouge Ultime"},"content":{"rendered":"<p><strong>L&#8217;Interdit Eau de Parfum Rouge Ultime 100ml<\/strong> de <em>Givenchy<\/em> est un\u00a0<strong>parfum identique \u00e0 l\u2019original<\/strong>, m\u00eame senteurs, packaging et flacon.<\/p>\n<p>C&#8217;est un eau de parfum Orientale Floral pour femme.<\/p>\n<p>Les notes de t\u00eate sont <em>Fleur d&#8217;oranger de Tunisie<\/em>, Jasmin Sambac et N\u00e9roli de Tunisie; les notes de coeur sont Tub\u00e9reuse d&#8217;Inde et Cosse de cacao; les notes de fond sont Feuille de patchouli d&#8217;Indon\u00e9sie, Tabac, Ambroxan et V\u00e9tiver de Ha\u00efti.<\/p>\n<p><img fetchpriority=\"high\" decoding=\"async\" class=\"alignnone size-full wp-image-5673\" src=\"http:\/\/deeva.website\/wp-content\/uploads\/2025\/04\/rouge2.jpg\" alt=\"\" width=\"225\" height=\"225\" srcset=\"https:\/\/deeva.website\/wp-content\/uploads\/2025\/04\/rouge2.jpg 225w, https:\/\/deeva.website\/wp-content\/uploads\/2025\/04\/rouge2-150x150.jpg 150w, https:\/\/deeva.website\/wp-content\/uploads\/2025\/04\/rouge2-100x100.jpg 100w, https:\/\/deeva.website\/wp-content\/uploads\/2025\/04\/rouge2-24x24.jpg 24w, https:\/\/deeva.website\/wp-content\/uploads\/2025\/04\/rouge2-48x48.jpg 48w, https:\/\/deeva.website\/wp-content\/uploads\/2025\/04\/rouge2-96x96.jpg 96w\" sizes=\"(max-width: 225px) 100vw, 225px\" \/> <img decoding=\"async\" class=\"alignnone size-medium wp-image-5677\" src=\"http:\/\/deeva.website\/wp-content\/uploads\/2025\/04\/rouge4-245x300.png\" alt=\"\" width=\"245\" height=\"300\" srcset=\"https:\/\/deeva.website\/wp-content\/uploads\/2025\/04\/rouge4-245x300.png 245w, https:\/\/deeva.website\/wp-content\/uploads\/2025\/04\/rouge4.png 386w\" sizes=\"(max-width: 245px) 100vw, 245px\" \/><\/p>\n<p>&nbsp;<\/p>\n","protected":false},"excerpt":{"rendered":"<p><strong>L&#8217;Interdit Eau de Parfum Rouge Ultime 100ml<\/strong> de <em>Givenchy<\/em> est un\u00a0<strong>parfum identique \u00e0 l\u2019original<\/strong>, m\u00eame senteurs, packaging et flacon.<\/p>\n<p>C&#8217;est un eau de parfum Orientale Floral pour femme.<\/p>\n<p>Les notes de t\u00eate sont <em>Fleur d&#8217;oranger de Tunisie<\/em>, Jasmin Sambac et N\u00e9roli de Tunisie; les notes de coeur sont Tub\u00e9reuse d&#8217;Inde et Cosse de cacao; les notes de fond sont Feuille de patchouli d&#8217;Indon\u00e9sie, Tabac, Ambroxan et V\u00e9tiver de Ha\u00efti.<\/p>\n<p><img fetchpriority=\"high\" decoding=\"async\" class=\"alignnone size-full wp-image-5673\" src=\"http:\/\/deeva.website\/wp-content\/uploads\/2025\/04\/rouge2.jpg\" alt=\"\" width=\"225\" height=\"225\" srcset=\"https:\/\/deeva.website\/wp-content\/uploads\/2025\/04\/rouge2.jpg 225w, https:\/\/deeva.website\/wp-content\/uploads\/2025\/04\/rouge2-150x150.jpg 150w, https:\/\/deeva.website\/wp-content\/uploads\/2025\/04\/rouge2-100x100.jpg 100w, https:\/\/deeva.website\/wp-content\/uploads\/2025\/04\/rouge2-24x24.jpg 24w, https:\/\/deeva.website\/wp-content\/uploads\/2025\/04\/rouge2-48x48.jpg 48w, https:\/\/deeva.website\/wp-content\/uploads\/2025\/04\/rouge2-96x96.jpg 96w\" sizes=\"(max-width: 225px) 100vw, 225px\" \/> <img decoding=\"async\" class=\"alignnone size-medium wp-image-5677\" src=\"http:\/\/deeva.website\/wp-content\/uploads\/2025\/04\/rouge4-245x300.png\" alt=\"\" width=\"245\" height=\"300\" srcset=\"https:\/\/deeva.website\/wp-content\/uploads\/2025\/04\/rouge4-245x300.png 245w, https:\/\/deeva.website\/wp-content\/uploads\/2025\/04\/rouge4.png 386w\" sizes=\"(max-width: 245px) 100vw, 245px\" \/><\/p>\n<p>&nbsp;<\/p>\n","protected":false},"featured_media":5675,"comment_status":"open","ping_status":"closed","template":"","meta":[],"product_cat":[81],"product_tag":[],"_links":{"self":[{"href":"https:\/\/deeva.website\/fr-tn\/wp-json\/wp\/v2\/product\/5670"}],"collection":[{"href":"https:\/\/deeva.website\/fr-tn\/wp-json\/wp\/v2\/product"}],"about":[{"href":"https:\/\/deeva.website\/fr-tn\/wp-json\/wp\/v2\/types\/product"}],"replies":[{"embeddable":true,"href":"https:\/\/deeva.website\/fr-tn\/wp-json\/wp\/v2\/comments?post=5670"}],"version-history":[{"count":1,"href":"https:\/\/deeva.website\/fr-tn\/wp-json\/wp\/v2\/product\/5670\/revisions"}],"predecessor-version":[{"id":5679,"href":"https:\/\/deeva.website\/fr-tn\/wp-json\/wp\/v2\/product\/5670\/revisions\/5679"}],"wp:featuredmedia":[{"embeddable":true,"href":"https:\/\/deeva.website\/fr-tn\/wp-json\/wp\/v2\/media\/5675"}],"wp:attachment":[{"href":"https:\/\/deeva.website\/fr-tn\/wp-json\/wp\/v2\/media?parent=5670"}],"wp:term":[{"taxonomy":"product_cat","embeddable":true,"href":"https:\/\/deeva.website\/fr-tn\/wp-json\/wp\/v2\/product_cat?post=5670"},{"taxonomy":"product_tag","embeddable":true,"href":"https:\/\/deeva.website\/fr-tn\/wp-json\/wp\/v2\/product_tag?post=5670"}],"curies":[{"name":"wp","href":"https:\/\/api.w.org\/{rel}","templated":true}]}}