{"id":5662,"date":"2025-04-29T00:12:29","date_gmt":"2025-04-28T22:12:29","guid":{"rendered":"https:\/\/deeva.website\/?post_type=product&#038;p=5662"},"modified":"2025-04-29T00:13:47","modified_gmt":"2025-04-28T22:13:47","slug":"terre-dhermes","status":"publish","type":"product","link":"https:\/\/deeva.website\/fr-tn\/produit\/terre-dhermes\/","title":{"rendered":"Terre d&#8217;Herm\u00e8s"},"content":{"rendered":"<p><strong>Terre d&#8217;Herm\u00e8s 100ml<\/strong> de <em>Herm\u00e8s<\/em> est un\u00a0<strong>parfum identique \u00e0 l\u2019original<\/strong>, m\u00eame senteurs, packaging et flacon.<\/p>\n<p>C&#8217;est un eau de toilette Bois\u00e9 \u00c9pic\u00e9 pour homme.<\/p>\n<p>Les notes de t\u00eate sont Orange et Pamplemousse; les notes de c\u0153ur sont Poivre, P\u00e9largonium et Silex; les notes de fond sont V\u00e9tiver, C\u00e8dre, Patchouli et Benjoin.<\/p>\n<p><img fetchpriority=\"high\" decoding=\"async\" class=\"alignnone size-medium wp-image-5667\" src=\"http:\/\/deeva.website\/wp-content\/uploads\/2025\/04\/edtHermes3-263x300.png\" alt=\"\" width=\"263\" height=\"300\" srcset=\"https:\/\/deeva.website\/wp-content\/uploads\/2025\/04\/edtHermes3-263x300.png 263w, https:\/\/deeva.website\/wp-content\/uploads\/2025\/04\/edtHermes3.png 343w\" sizes=\"(max-width: 263px) 100vw, 263px\" \/> <img decoding=\"async\" class=\"alignnone size-medium wp-image-5665\" src=\"http:\/\/deeva.website\/wp-content\/uploads\/2025\/04\/edtHermes2-300x300.jpg\" alt=\"\" width=\"300\" height=\"300\" srcset=\"https:\/\/deeva.website\/wp-content\/uploads\/2025\/04\/edtHermes2-300x300.jpg 300w, https:\/\/deeva.website\/wp-content\/uploads\/2025\/04\/edtHermes2-150x150.jpg 150w, https:\/\/deeva.website\/wp-content\/uploads\/2025\/04\/edtHermes2-768x768.jpg 768w, https:\/\/deeva.website\/wp-content\/uploads\/2025\/04\/edtHermes2-400x400.jpg 400w, https:\/\/deeva.website\/wp-content\/uploads\/2025\/04\/edtHermes2-600x600.jpg 600w, https:\/\/deeva.website\/wp-content\/uploads\/2025\/04\/edtHermes2-100x100.jpg 100w, https:\/\/deeva.website\/wp-content\/uploads\/2025\/04\/edtHermes2-24x24.jpg 24w, https:\/\/deeva.website\/wp-content\/uploads\/2025\/04\/edtHermes2-48x48.jpg 48w, https:\/\/deeva.website\/wp-content\/uploads\/2025\/04\/edtHermes2-96x96.jpg 96w, https:\/\/deeva.website\/wp-content\/uploads\/2025\/04\/edtHermes2.jpg 800w\" sizes=\"(max-width: 300px) 100vw, 300px\" \/><\/p>\n","protected":false},"excerpt":{"rendered":"<p><strong>Terre d&#8217;Herm\u00e8s 100ml<\/strong> de <em>Herm\u00e8s<\/em> est un\u00a0<strong>parfum identique \u00e0 l\u2019original<\/strong>, m\u00eame senteurs, packaging et flacon.<\/p>\n<p>C&#8217;est un eau de toilette Bois\u00e9 \u00c9pic\u00e9 pour homme.<\/p>\n<p>Les notes de t\u00eate sont Orange et Pamplemousse; les notes de c\u0153ur sont Poivre, P\u00e9largonium et Silex; les notes de fond sont V\u00e9tiver, C\u00e8dre, Patchouli et Benjoin.<\/p>\n<p><img fetchpriority=\"high\" decoding=\"async\" class=\"alignnone size-medium wp-image-5667\" src=\"http:\/\/deeva.website\/wp-content\/uploads\/2025\/04\/edtHermes3-263x300.png\" alt=\"\" width=\"263\" height=\"300\" srcset=\"https:\/\/deeva.website\/wp-content\/uploads\/2025\/04\/edtHermes3-263x300.png 263w, https:\/\/deeva.website\/wp-content\/uploads\/2025\/04\/edtHermes3.png 343w\" sizes=\"(max-width: 263px) 100vw, 263px\" \/> <img decoding=\"async\" class=\"alignnone size-medium wp-image-5665\" src=\"http:\/\/deeva.website\/wp-content\/uploads\/2025\/04\/edtHermes2-300x300.jpg\" alt=\"\" width=\"300\" height=\"300\" srcset=\"https:\/\/deeva.website\/wp-content\/uploads\/2025\/04\/edtHermes2-300x300.jpg 300w, https:\/\/deeva.website\/wp-content\/uploads\/2025\/04\/edtHermes2-150x150.jpg 150w, https:\/\/deeva.website\/wp-content\/uploads\/2025\/04\/edtHermes2-768x768.jpg 768w, https:\/\/deeva.website\/wp-content\/uploads\/2025\/04\/edtHermes2-400x400.jpg 400w, https:\/\/deeva.website\/wp-content\/uploads\/2025\/04\/edtHermes2-600x600.jpg 600w, https:\/\/deeva.website\/wp-content\/uploads\/2025\/04\/edtHermes2-100x100.jpg 100w, https:\/\/deeva.website\/wp-content\/uploads\/2025\/04\/edtHermes2-24x24.jpg 24w, https:\/\/deeva.website\/wp-content\/uploads\/2025\/04\/edtHermes2-48x48.jpg 48w, https:\/\/deeva.website\/wp-content\/uploads\/2025\/04\/edtHermes2-96x96.jpg 96w, https:\/\/deeva.website\/wp-content\/uploads\/2025\/04\/edtHermes2.jpg 800w\" sizes=\"(max-width: 300px) 100vw, 300px\" \/><\/p>\n","protected":false},"featured_media":5663,"comment_status":"open","ping_status":"closed","template":"","meta":[],"product_cat":[87],"product_tag":[],"_links":{"self":[{"href":"https:\/\/deeva.website\/fr-tn\/wp-json\/wp\/v2\/product\/5662"}],"collection":[{"href":"https:\/\/deeva.website\/fr-tn\/wp-json\/wp\/v2\/product"}],"about":[{"href":"https:\/\/deeva.website\/fr-tn\/wp-json\/wp\/v2\/types\/product"}],"replies":[{"embeddable":true,"href":"https:\/\/deeva.website\/fr-tn\/wp-json\/wp\/v2\/comments?post=5662"}],"version-history":[{"count":1,"href":"https:\/\/deeva.website\/fr-tn\/wp-json\/wp\/v2\/product\/5662\/revisions"}],"predecessor-version":[{"id":5669,"href":"https:\/\/deeva.website\/fr-tn\/wp-json\/wp\/v2\/product\/5662\/revisions\/5669"}],"wp:featuredmedia":[{"embeddable":true,"href":"https:\/\/deeva.website\/fr-tn\/wp-json\/wp\/v2\/media\/5663"}],"wp:attachment":[{"href":"https:\/\/deeva.website\/fr-tn\/wp-json\/wp\/v2\/media?parent=5662"}],"wp:term":[{"taxonomy":"product_cat","embeddable":true,"href":"https:\/\/deeva.website\/fr-tn\/wp-json\/wp\/v2\/product_cat?post=5662"},{"taxonomy":"product_tag","embeddable":true,"href":"https:\/\/deeva.website\/fr-tn\/wp-json\/wp\/v2\/product_tag?post=5662"}],"curies":[{"name":"wp","href":"https:\/\/api.w.org\/{rel}","templated":true}]}}