{"id":5652,"date":"2025-04-29T00:04:09","date_gmt":"2025-04-28T22:04:09","guid":{"rendered":"https:\/\/deeva.website\/?post_type=product&#038;p=5652"},"modified":"2025-04-29T00:04:09","modified_gmt":"2025-04-28T22:04:09","slug":"irresistible-givenchy-eau-de-toilette","status":"publish","type":"product","link":"https:\/\/deeva.website\/fr-tn\/produit\/irresistible-givenchy-eau-de-toilette\/","title":{"rendered":"Irr\u00e9sistible Givenchy Eau de Toilette"},"content":{"rendered":"<p><strong>Irr\u00e9sistible Givenchy Eau de Toilette 100ml<\/strong>\u00a0de\u00a0<em>Givenchy<\/em> est un\u00a0<strong>parfum identique \u00e0 l\u2019original<\/strong>, m\u00eame senteurs, packaging et flacon.<\/p>\n<p>C&#8217;est un eau de toilette Floral fruit\u00e9 pour femme.<\/p>\n<p>Les notes de t\u00eate sont Eau de rose et Bourgeon de cassis; les notes de c\u0153ur sont Rose de Damas et Iris; les notes de fond sont Musc blanc et C\u00e8dre de Virginie.<\/p>\n<p><img fetchpriority=\"high\" decoding=\"async\" class=\"alignnone size-medium wp-image-5657\" src=\"http:\/\/deeva.website\/wp-content\/uploads\/2025\/04\/edtGivenchy4-300x300.png\" alt=\"\" width=\"300\" height=\"300\" srcset=\"https:\/\/deeva.website\/wp-content\/uploads\/2025\/04\/edtGivenchy4-300x300.png 300w, https:\/\/deeva.website\/wp-content\/uploads\/2025\/04\/edtGivenchy4-150x150.png 150w, https:\/\/deeva.website\/wp-content\/uploads\/2025\/04\/edtGivenchy4-400x400.png 400w, https:\/\/deeva.website\/wp-content\/uploads\/2025\/04\/edtGivenchy4-100x100.png 100w, https:\/\/deeva.website\/wp-content\/uploads\/2025\/04\/edtGivenchy4-24x24.png 24w, https:\/\/deeva.website\/wp-content\/uploads\/2025\/04\/edtGivenchy4-48x48.png 48w, https:\/\/deeva.website\/wp-content\/uploads\/2025\/04\/edtGivenchy4-96x96.png 96w, https:\/\/deeva.website\/wp-content\/uploads\/2025\/04\/edtGivenchy4.png 589w\" sizes=\"(max-width: 300px) 100vw, 300px\" \/> <img decoding=\"async\" class=\"alignnone size-medium wp-image-5659\" src=\"http:\/\/deeva.website\/wp-content\/uploads\/2025\/04\/edtGivenchy5-217x300.png\" alt=\"\" width=\"217\" height=\"300\" srcset=\"https:\/\/deeva.website\/wp-content\/uploads\/2025\/04\/edtGivenchy5-217x300.png 217w, https:\/\/deeva.website\/wp-content\/uploads\/2025\/04\/edtGivenchy5.png 344w\" sizes=\"(max-width: 217px) 100vw, 217px\" \/><\/p>\n","protected":false},"excerpt":{"rendered":"<p><strong>Irr\u00e9sistible Givenchy Eau de Toilette 100ml<\/strong>\u00a0de\u00a0<em>Givenchy<\/em> est un\u00a0<strong>parfum identique \u00e0 l\u2019original<\/strong>, m\u00eame senteurs, packaging et flacon.<\/p>\n<p>C&#8217;est un eau de toilette Floral fruit\u00e9 pour femme.<\/p>\n<p>Les notes de t\u00eate sont Eau de rose et Bourgeon de cassis; les notes de c\u0153ur sont Rose de Damas et Iris; les notes de fond sont Musc blanc et C\u00e8dre de Virginie.<\/p>\n<p><img fetchpriority=\"high\" decoding=\"async\" class=\"alignnone size-medium wp-image-5657\" src=\"http:\/\/deeva.website\/wp-content\/uploads\/2025\/04\/edtGivenchy4-300x300.png\" alt=\"\" width=\"300\" height=\"300\" srcset=\"https:\/\/deeva.website\/wp-content\/uploads\/2025\/04\/edtGivenchy4-300x300.png 300w, https:\/\/deeva.website\/wp-content\/uploads\/2025\/04\/edtGivenchy4-150x150.png 150w, https:\/\/deeva.website\/wp-content\/uploads\/2025\/04\/edtGivenchy4-400x400.png 400w, https:\/\/deeva.website\/wp-content\/uploads\/2025\/04\/edtGivenchy4-100x100.png 100w, https:\/\/deeva.website\/wp-content\/uploads\/2025\/04\/edtGivenchy4-24x24.png 24w, https:\/\/deeva.website\/wp-content\/uploads\/2025\/04\/edtGivenchy4-48x48.png 48w, https:\/\/deeva.website\/wp-content\/uploads\/2025\/04\/edtGivenchy4-96x96.png 96w, https:\/\/deeva.website\/wp-content\/uploads\/2025\/04\/edtGivenchy4.png 589w\" sizes=\"(max-width: 300px) 100vw, 300px\" \/> <img decoding=\"async\" class=\"alignnone size-medium wp-image-5659\" src=\"http:\/\/deeva.website\/wp-content\/uploads\/2025\/04\/edtGivenchy5-217x300.png\" alt=\"\" width=\"217\" height=\"300\" srcset=\"https:\/\/deeva.website\/wp-content\/uploads\/2025\/04\/edtGivenchy5-217x300.png 217w, https:\/\/deeva.website\/wp-content\/uploads\/2025\/04\/edtGivenchy5.png 344w\" sizes=\"(max-width: 217px) 100vw, 217px\" \/><\/p>\n","protected":false},"featured_media":5653,"comment_status":"open","ping_status":"closed","template":"","meta":[],"product_cat":[86],"product_tag":[],"_links":{"self":[{"href":"https:\/\/deeva.website\/fr-tn\/wp-json\/wp\/v2\/product\/5652"}],"collection":[{"href":"https:\/\/deeva.website\/fr-tn\/wp-json\/wp\/v2\/product"}],"about":[{"href":"https:\/\/deeva.website\/fr-tn\/wp-json\/wp\/v2\/types\/product"}],"replies":[{"embeddable":true,"href":"https:\/\/deeva.website\/fr-tn\/wp-json\/wp\/v2\/comments?post=5652"}],"version-history":[{"count":1,"href":"https:\/\/deeva.website\/fr-tn\/wp-json\/wp\/v2\/product\/5652\/revisions"}],"predecessor-version":[{"id":5661,"href":"https:\/\/deeva.website\/fr-tn\/wp-json\/wp\/v2\/product\/5652\/revisions\/5661"}],"wp:featuredmedia":[{"embeddable":true,"href":"https:\/\/deeva.website\/fr-tn\/wp-json\/wp\/v2\/media\/5653"}],"wp:attachment":[{"href":"https:\/\/deeva.website\/fr-tn\/wp-json\/wp\/v2\/media?parent=5652"}],"wp:term":[{"taxonomy":"product_cat","embeddable":true,"href":"https:\/\/deeva.website\/fr-tn\/wp-json\/wp\/v2\/product_cat?post=5652"},{"taxonomy":"product_tag","embeddable":true,"href":"https:\/\/deeva.website\/fr-tn\/wp-json\/wp\/v2\/product_tag?post=5652"}],"curies":[{"name":"wp","href":"https:\/\/api.w.org\/{rel}","templated":true}]}}