{"id":5640,"date":"2025-04-28T23:49:34","date_gmt":"2025-04-28T21:49:34","guid":{"rendered":"https:\/\/deeva.website\/?post_type=product&#038;p=5640"},"modified":"2025-04-28T23:49:34","modified_gmt":"2025-04-28T21:49:34","slug":"givenchy-linterdit-eau-de-parfum-intense","status":"publish","type":"product","link":"https:\/\/deeva.website\/fr-tn\/produit\/givenchy-linterdit-eau-de-parfum-intense\/","title":{"rendered":"Givenchy L&#8217;Interdit Eau de Parfum Intense"},"content":{"rendered":"<p><strong>L&#8217;Interdit Eau de Parfum Intense 80m<\/strong> de <em>Givenchy<\/em> est un\u00a0<strong>parfum identique \u00e0 l\u2019original<\/strong>, m\u00eame senteurs, packaging et flacon.<\/p>\n<p>C&#8217;est un eau de parfum Orientale Floral pour femme.<\/p>\n<p>La note de t\u00eate est Poivre noir; les notes de c\u0153ur sont Tub\u00e9reuse, S\u00e9same et Fleur d&#8217;oranger; les notes de fond sont Vanille de Madagascar, Patchouli et V\u00e9tiver.<\/p>\n<p><img fetchpriority=\"high\" decoding=\"async\" class=\"alignnone size-full wp-image-5641\" src=\"http:\/\/deeva.website\/wp-content\/uploads\/2025\/04\/interditintence.jpg\" alt=\"\" width=\"225\" height=\"225\" srcset=\"https:\/\/deeva.website\/wp-content\/uploads\/2025\/04\/interditintence.jpg 225w, https:\/\/deeva.website\/wp-content\/uploads\/2025\/04\/interditintence-150x150.jpg 150w, https:\/\/deeva.website\/wp-content\/uploads\/2025\/04\/interditintence-100x100.jpg 100w, https:\/\/deeva.website\/wp-content\/uploads\/2025\/04\/interditintence-24x24.jpg 24w, https:\/\/deeva.website\/wp-content\/uploads\/2025\/04\/interditintence-48x48.jpg 48w, https:\/\/deeva.website\/wp-content\/uploads\/2025\/04\/interditintence-96x96.jpg 96w\" sizes=\"(max-width: 225px) 100vw, 225px\" \/> <img decoding=\"async\" class=\"alignnone size-medium wp-image-5647\" src=\"http:\/\/deeva.website\/wp-content\/uploads\/2025\/04\/interditintence4-239x300.png\" alt=\"\" width=\"239\" height=\"300\" srcset=\"https:\/\/deeva.website\/wp-content\/uploads\/2025\/04\/interditintence4-239x300.png 239w, https:\/\/deeva.website\/wp-content\/uploads\/2025\/04\/interditintence4.png 379w\" sizes=\"(max-width: 239px) 100vw, 239px\" \/><\/p>\n","protected":false},"excerpt":{"rendered":"<p><strong>L&#8217;Interdit Eau de Parfum Intense 80m<\/strong> de <em>Givenchy<\/em> est un\u00a0<strong>parfum identique \u00e0 l\u2019original<\/strong>, m\u00eame senteurs, packaging et flacon.<\/p>\n<p>C&#8217;est un eau de parfum Orientale Floral pour femme.<\/p>\n<p>La note de t\u00eate est Poivre noir; les notes de c\u0153ur sont Tub\u00e9reuse, S\u00e9same et Fleur d&#8217;oranger; les notes de fond sont Vanille de Madagascar, Patchouli et V\u00e9tiver.<\/p>\n<p><img fetchpriority=\"high\" decoding=\"async\" class=\"alignnone size-full wp-image-5641\" src=\"http:\/\/deeva.website\/wp-content\/uploads\/2025\/04\/interditintence.jpg\" alt=\"\" width=\"225\" height=\"225\" srcset=\"https:\/\/deeva.website\/wp-content\/uploads\/2025\/04\/interditintence.jpg 225w, https:\/\/deeva.website\/wp-content\/uploads\/2025\/04\/interditintence-150x150.jpg 150w, https:\/\/deeva.website\/wp-content\/uploads\/2025\/04\/interditintence-100x100.jpg 100w, https:\/\/deeva.website\/wp-content\/uploads\/2025\/04\/interditintence-24x24.jpg 24w, https:\/\/deeva.website\/wp-content\/uploads\/2025\/04\/interditintence-48x48.jpg 48w, https:\/\/deeva.website\/wp-content\/uploads\/2025\/04\/interditintence-96x96.jpg 96w\" sizes=\"(max-width: 225px) 100vw, 225px\" \/> <img decoding=\"async\" class=\"alignnone size-medium wp-image-5647\" src=\"http:\/\/deeva.website\/wp-content\/uploads\/2025\/04\/interditintence4-239x300.png\" alt=\"\" width=\"239\" height=\"300\" srcset=\"https:\/\/deeva.website\/wp-content\/uploads\/2025\/04\/interditintence4-239x300.png 239w, https:\/\/deeva.website\/wp-content\/uploads\/2025\/04\/interditintence4.png 379w\" sizes=\"(max-width: 239px) 100vw, 239px\" \/><\/p>\n","protected":false},"featured_media":5643,"comment_status":"open","ping_status":"closed","template":"","meta":[],"product_cat":[81],"product_tag":[],"_links":{"self":[{"href":"https:\/\/deeva.website\/fr-tn\/wp-json\/wp\/v2\/product\/5640"}],"collection":[{"href":"https:\/\/deeva.website\/fr-tn\/wp-json\/wp\/v2\/product"}],"about":[{"href":"https:\/\/deeva.website\/fr-tn\/wp-json\/wp\/v2\/types\/product"}],"replies":[{"embeddable":true,"href":"https:\/\/deeva.website\/fr-tn\/wp-json\/wp\/v2\/comments?post=5640"}],"version-history":[{"count":1,"href":"https:\/\/deeva.website\/fr-tn\/wp-json\/wp\/v2\/product\/5640\/revisions"}],"predecessor-version":[{"id":5651,"href":"https:\/\/deeva.website\/fr-tn\/wp-json\/wp\/v2\/product\/5640\/revisions\/5651"}],"wp:featuredmedia":[{"embeddable":true,"href":"https:\/\/deeva.website\/fr-tn\/wp-json\/wp\/v2\/media\/5643"}],"wp:attachment":[{"href":"https:\/\/deeva.website\/fr-tn\/wp-json\/wp\/v2\/media?parent=5640"}],"wp:term":[{"taxonomy":"product_cat","embeddable":true,"href":"https:\/\/deeva.website\/fr-tn\/wp-json\/wp\/v2\/product_cat?post=5640"},{"taxonomy":"product_tag","embeddable":true,"href":"https:\/\/deeva.website\/fr-tn\/wp-json\/wp\/v2\/product_tag?post=5640"}],"curies":[{"name":"wp","href":"https:\/\/api.w.org\/{rel}","templated":true}]}}