{"id":5628,"date":"2025-04-28T23:39:23","date_gmt":"2025-04-28T21:39:23","guid":{"rendered":"https:\/\/deeva.website\/?post_type=product&#038;p=5628"},"modified":"2025-04-28T23:39:23","modified_gmt":"2025-04-28T21:39:23","slug":"emporio-armani-stronger-with-you","status":"publish","type":"product","link":"https:\/\/deeva.website\/fr-tn\/produit\/emporio-armani-stronger-with-you\/","title":{"rendered":"Emporio Armani Stronger With You"},"content":{"rendered":"<p><strong>Emporio Armani Stronger With You 100ml<\/strong> de <em>Giorgio Armani<\/em> est un\u00a0<strong>parfum identique \u00e0 l\u2019original<\/strong>, m\u00eame senteurs, packaging et flacon.<\/p>\n<p>C&#8217;est un eau de toilette Aromatique Foug\u00e8re pour homme.<\/p>\n<p>Les notes de t\u00eate sont Ch\u00e2taigne et Sucre; les notes de c\u0153ur sont Sauge et Lavande; les notes de fond sont Vanille et Fum\u00e9e.<\/p>\n<p><img fetchpriority=\"high\" decoding=\"async\" class=\"alignnone size-medium wp-image-5635\" src=\"http:\/\/deeva.website\/wp-content\/uploads\/2025\/04\/you4-246x300.png\" alt=\"\" width=\"246\" height=\"300\" srcset=\"https:\/\/deeva.website\/wp-content\/uploads\/2025\/04\/you4-246x300.png 246w, https:\/\/deeva.website\/wp-content\/uploads\/2025\/04\/you4.png 384w\" sizes=\"(max-width: 246px) 100vw, 246px\" \/> <img decoding=\"async\" class=\"alignnone size-full wp-image-5629\" src=\"http:\/\/deeva.website\/wp-content\/uploads\/2025\/04\/you1.jpg\" alt=\"\" width=\"225\" height=\"225\" srcset=\"https:\/\/deeva.website\/wp-content\/uploads\/2025\/04\/you1.jpg 225w, https:\/\/deeva.website\/wp-content\/uploads\/2025\/04\/you1-150x150.jpg 150w, https:\/\/deeva.website\/wp-content\/uploads\/2025\/04\/you1-100x100.jpg 100w, https:\/\/deeva.website\/wp-content\/uploads\/2025\/04\/you1-24x24.jpg 24w, https:\/\/deeva.website\/wp-content\/uploads\/2025\/04\/you1-48x48.jpg 48w, https:\/\/deeva.website\/wp-content\/uploads\/2025\/04\/you1-96x96.jpg 96w\" sizes=\"(max-width: 225px) 100vw, 225px\" \/><\/p>\n","protected":false},"excerpt":{"rendered":"<p><strong>Emporio Armani Stronger With You 100ml<\/strong> de <em>Giorgio Armani<\/em> est un\u00a0<strong>parfum identique \u00e0 l\u2019original<\/strong>, m\u00eame senteurs, packaging et flacon.<\/p>\n<p>C&#8217;est un eau de toilette Aromatique Foug\u00e8re pour homme.<\/p>\n<p>Les notes de t\u00eate sont Ch\u00e2taigne et Sucre; les notes de c\u0153ur sont Sauge et Lavande; les notes de fond sont Vanille et Fum\u00e9e.<\/p>\n<p><img fetchpriority=\"high\" decoding=\"async\" class=\"alignnone size-medium wp-image-5635\" src=\"http:\/\/deeva.website\/wp-content\/uploads\/2025\/04\/you4-246x300.png\" alt=\"\" width=\"246\" height=\"300\" srcset=\"https:\/\/deeva.website\/wp-content\/uploads\/2025\/04\/you4-246x300.png 246w, https:\/\/deeva.website\/wp-content\/uploads\/2025\/04\/you4.png 384w\" sizes=\"(max-width: 246px) 100vw, 246px\" \/> <img decoding=\"async\" class=\"alignnone size-full wp-image-5629\" src=\"http:\/\/deeva.website\/wp-content\/uploads\/2025\/04\/you1.jpg\" alt=\"\" width=\"225\" height=\"225\" srcset=\"https:\/\/deeva.website\/wp-content\/uploads\/2025\/04\/you1.jpg 225w, https:\/\/deeva.website\/wp-content\/uploads\/2025\/04\/you1-150x150.jpg 150w, https:\/\/deeva.website\/wp-content\/uploads\/2025\/04\/you1-100x100.jpg 100w, https:\/\/deeva.website\/wp-content\/uploads\/2025\/04\/you1-24x24.jpg 24w, https:\/\/deeva.website\/wp-content\/uploads\/2025\/04\/you1-48x48.jpg 48w, https:\/\/deeva.website\/wp-content\/uploads\/2025\/04\/you1-96x96.jpg 96w\" sizes=\"(max-width: 225px) 100vw, 225px\" \/><\/p>\n","protected":false},"featured_media":5637,"comment_status":"open","ping_status":"closed","template":"","meta":[],"product_cat":[87],"product_tag":[],"_links":{"self":[{"href":"https:\/\/deeva.website\/fr-tn\/wp-json\/wp\/v2\/product\/5628"}],"collection":[{"href":"https:\/\/deeva.website\/fr-tn\/wp-json\/wp\/v2\/product"}],"about":[{"href":"https:\/\/deeva.website\/fr-tn\/wp-json\/wp\/v2\/types\/product"}],"replies":[{"embeddable":true,"href":"https:\/\/deeva.website\/fr-tn\/wp-json\/wp\/v2\/comments?post=5628"}],"version-history":[{"count":1,"href":"https:\/\/deeva.website\/fr-tn\/wp-json\/wp\/v2\/product\/5628\/revisions"}],"predecessor-version":[{"id":5639,"href":"https:\/\/deeva.website\/fr-tn\/wp-json\/wp\/v2\/product\/5628\/revisions\/5639"}],"wp:featuredmedia":[{"embeddable":true,"href":"https:\/\/deeva.website\/fr-tn\/wp-json\/wp\/v2\/media\/5637"}],"wp:attachment":[{"href":"https:\/\/deeva.website\/fr-tn\/wp-json\/wp\/v2\/media?parent=5628"}],"wp:term":[{"taxonomy":"product_cat","embeddable":true,"href":"https:\/\/deeva.website\/fr-tn\/wp-json\/wp\/v2\/product_cat?post=5628"},{"taxonomy":"product_tag","embeddable":true,"href":"https:\/\/deeva.website\/fr-tn\/wp-json\/wp\/v2\/product_tag?post=5628"}],"curies":[{"name":"wp","href":"https:\/\/api.w.org\/{rel}","templated":true}]}}