{"id":5618,"date":"2025-04-28T23:28:04","date_gmt":"2025-04-28T21:28:04","guid":{"rendered":"https:\/\/deeva.website\/?post_type=product&#038;p=5618"},"modified":"2025-04-28T23:28:04","modified_gmt":"2025-04-28T21:28:04","slug":"givenchy-linterdit-eau-de-parfum","status":"publish","type":"product","link":"https:\/\/deeva.website\/fr-tn\/produit\/givenchy-linterdit-eau-de-parfum\/","title":{"rendered":"Givenchy L&#8217;Interdit Eau de Parfum"},"content":{"rendered":"<p><strong>L&#8217;Interdit Eau de Parfum 80ml<\/strong> de <em>Givenchy<\/em> est un\u00a0<strong>parfum identique \u00e0 l\u2019original<\/strong>, m\u00eame senteurs, packaging et flacon.<\/p>\n<p>C&#8217;est un eau de parfum Orientale Floral pour femme.<\/p>\n<p>Les notes de t\u00eate sont Poire et Bergamote; les notes de c\u0153ur sont Tub\u00e9reuse, Fleur d&#8217;oranger et Jasmin Sambac; les notes de fond sont Vanille, Patchouli, Ambroxan et V\u00e9tiver.<\/p>\n<p><img fetchpriority=\"high\" decoding=\"async\" class=\"alignnone size-medium wp-image-5621\" src=\"http:\/\/deeva.website\/wp-content\/uploads\/2025\/04\/interdi3-195x300.png\" alt=\"\" width=\"195\" height=\"300\" srcset=\"https:\/\/deeva.website\/wp-content\/uploads\/2025\/04\/interdi3-195x300.png 195w, https:\/\/deeva.website\/wp-content\/uploads\/2025\/04\/interdi3.png 334w\" sizes=\"(max-width: 195px) 100vw, 195px\" \/> <img decoding=\"async\" class=\"alignnone size-medium wp-image-5623\" src=\"http:\/\/deeva.website\/wp-content\/uploads\/2025\/04\/interdi4-248x300.png\" alt=\"\" width=\"248\" height=\"300\" srcset=\"https:\/\/deeva.website\/wp-content\/uploads\/2025\/04\/interdi4-248x300.png 248w, https:\/\/deeva.website\/wp-content\/uploads\/2025\/04\/interdi4.png 368w\" sizes=\"(max-width: 248px) 100vw, 248px\" \/><\/p>\n","protected":false},"excerpt":{"rendered":"<p><strong>L&#8217;Interdit Eau de Parfum 80ml<\/strong> de <em>Givenchy<\/em> est un\u00a0<strong>parfum identique \u00e0 l\u2019original<\/strong>, m\u00eame senteurs, packaging et flacon.<\/p>\n<p>C&#8217;est un eau de parfum Orientale Floral pour femme.<\/p>\n<p>Les notes de t\u00eate sont Poire et Bergamote; les notes de c\u0153ur sont Tub\u00e9reuse, Fleur d&#8217;oranger et Jasmin Sambac; les notes de fond sont Vanille, Patchouli, Ambroxan et V\u00e9tiver.<\/p>\n<p><img fetchpriority=\"high\" decoding=\"async\" class=\"alignnone size-medium wp-image-5621\" src=\"http:\/\/deeva.website\/wp-content\/uploads\/2025\/04\/interdi3-195x300.png\" alt=\"\" width=\"195\" height=\"300\" srcset=\"https:\/\/deeva.website\/wp-content\/uploads\/2025\/04\/interdi3-195x300.png 195w, https:\/\/deeva.website\/wp-content\/uploads\/2025\/04\/interdi3.png 334w\" sizes=\"(max-width: 195px) 100vw, 195px\" \/> <img decoding=\"async\" class=\"alignnone size-medium wp-image-5623\" src=\"http:\/\/deeva.website\/wp-content\/uploads\/2025\/04\/interdi4-248x300.png\" alt=\"\" width=\"248\" height=\"300\" srcset=\"https:\/\/deeva.website\/wp-content\/uploads\/2025\/04\/interdi4-248x300.png 248w, https:\/\/deeva.website\/wp-content\/uploads\/2025\/04\/interdi4.png 368w\" sizes=\"(max-width: 248px) 100vw, 248px\" \/><\/p>\n","protected":false},"featured_media":5625,"comment_status":"open","ping_status":"closed","template":"","meta":[],"product_cat":[81],"product_tag":[],"_links":{"self":[{"href":"https:\/\/deeva.website\/fr-tn\/wp-json\/wp\/v2\/product\/5618"}],"collection":[{"href":"https:\/\/deeva.website\/fr-tn\/wp-json\/wp\/v2\/product"}],"about":[{"href":"https:\/\/deeva.website\/fr-tn\/wp-json\/wp\/v2\/types\/product"}],"replies":[{"embeddable":true,"href":"https:\/\/deeva.website\/fr-tn\/wp-json\/wp\/v2\/comments?post=5618"}],"version-history":[{"count":1,"href":"https:\/\/deeva.website\/fr-tn\/wp-json\/wp\/v2\/product\/5618\/revisions"}],"predecessor-version":[{"id":5627,"href":"https:\/\/deeva.website\/fr-tn\/wp-json\/wp\/v2\/product\/5618\/revisions\/5627"}],"wp:featuredmedia":[{"embeddable":true,"href":"https:\/\/deeva.website\/fr-tn\/wp-json\/wp\/v2\/media\/5625"}],"wp:attachment":[{"href":"https:\/\/deeva.website\/fr-tn\/wp-json\/wp\/v2\/media?parent=5618"}],"wp:term":[{"taxonomy":"product_cat","embeddable":true,"href":"https:\/\/deeva.website\/fr-tn\/wp-json\/wp\/v2\/product_cat?post=5618"},{"taxonomy":"product_tag","embeddable":true,"href":"https:\/\/deeva.website\/fr-tn\/wp-json\/wp\/v2\/product_tag?post=5618"}],"curies":[{"name":"wp","href":"https:\/\/api.w.org\/{rel}","templated":true}]}}