{"id":5606,"date":"2025-04-28T19:33:41","date_gmt":"2025-04-28T17:33:41","guid":{"rendered":"https:\/\/deeva.website\/?post_type=product&#038;p=5606"},"modified":"2025-04-28T19:33:41","modified_gmt":"2025-04-28T17:33:41","slug":"giorgio-armani-acqua-di-gio","status":"publish","type":"product","link":"https:\/\/deeva.website\/fr-tn\/produit\/giorgio-armani-acqua-di-gio\/","title":{"rendered":"Giorgio Armani Acqua di Gio"},"content":{"rendered":"<p><strong>Acqua di Gio<\/strong> de <em>Giorgio Armani<\/em> est un\u00a0<strong>parfum identique \u00e0 l\u2019original<\/strong>, m\u00eame senteurs, packaging et flacon.<\/p>\n<p>C&#8217;est un eau de toilette Aromatique Aquatique pour homme.<\/p>\n<p>Les notes de t\u00eate sont Citron vert, Citron, Bergamote, Jasmin, Orange, Mandarine et N\u00e9roli; les notes de c\u0153ur sont Notes marines, Jasmin, Calone, Romarin, P\u00eache, Freesia, Jacinthe, Cyclamen, Violette, Coriandre, Rose, Noix de muscade et R\u00e9s\u00e9da; les notes de fond sont Musc blanc, C\u00e8dre, Mousse de ch\u00eane, Patchouli et Ambre.<\/p>\n<p><img fetchpriority=\"high\" decoding=\"async\" class=\"alignnone size-medium wp-image-5613\" src=\"http:\/\/deeva.website\/wp-content\/uploads\/2025\/04\/georg5-265x300.png\" alt=\"\" width=\"265\" height=\"300\" srcset=\"https:\/\/deeva.website\/wp-content\/uploads\/2025\/04\/georg5-265x300.png 265w, https:\/\/deeva.website\/wp-content\/uploads\/2025\/04\/georg5.png 361w\" sizes=\"(max-width: 265px) 100vw, 265px\" \/> <img decoding=\"async\" class=\"alignnone size-medium wp-image-5611\" src=\"http:\/\/deeva.website\/wp-content\/uploads\/2025\/04\/georg4-296x300.png\" alt=\"\" width=\"296\" height=\"300\" srcset=\"https:\/\/deeva.website\/wp-content\/uploads\/2025\/04\/georg4-296x300.png 296w, https:\/\/deeva.website\/wp-content\/uploads\/2025\/04\/georg4-100x100.png 100w, https:\/\/deeva.website\/wp-content\/uploads\/2025\/04\/georg4-24x24.png 24w, https:\/\/deeva.website\/wp-content\/uploads\/2025\/04\/georg4-48x48.png 48w, https:\/\/deeva.website\/wp-content\/uploads\/2025\/04\/georg4-96x96.png 96w, https:\/\/deeva.website\/wp-content\/uploads\/2025\/04\/georg4.png 467w\" sizes=\"(max-width: 296px) 100vw, 296px\" \/><\/p>\n","protected":false},"excerpt":{"rendered":"<p><strong>Acqua di Gio<\/strong> de <em>Giorgio Armani<\/em> est un\u00a0<strong>parfum identique \u00e0 l\u2019original<\/strong>, m\u00eame senteurs, packaging et flacon.<\/p>\n<p>C&#8217;est un eau de toilette Aromatique Aquatique pour homme.<\/p>\n<p>Les notes de t\u00eate sont Citron vert, Citron, Bergamote, Jasmin, Orange, Mandarine et N\u00e9roli; les notes de c\u0153ur sont Notes marines, Jasmin, Calone, Romarin, P\u00eache, Freesia, Jacinthe, Cyclamen, Violette, Coriandre, Rose, Noix de muscade et R\u00e9s\u00e9da; les notes de fond sont Musc blanc, C\u00e8dre, Mousse de ch\u00eane, Patchouli et Ambre.<\/p>\n<p><img fetchpriority=\"high\" decoding=\"async\" class=\"alignnone size-medium wp-image-5613\" src=\"http:\/\/deeva.website\/wp-content\/uploads\/2025\/04\/georg5-265x300.png\" alt=\"\" width=\"265\" height=\"300\" srcset=\"https:\/\/deeva.website\/wp-content\/uploads\/2025\/04\/georg5-265x300.png 265w, https:\/\/deeva.website\/wp-content\/uploads\/2025\/04\/georg5.png 361w\" sizes=\"(max-width: 265px) 100vw, 265px\" \/> <img decoding=\"async\" class=\"alignnone size-medium wp-image-5611\" src=\"http:\/\/deeva.website\/wp-content\/uploads\/2025\/04\/georg4-296x300.png\" alt=\"\" width=\"296\" height=\"300\" srcset=\"https:\/\/deeva.website\/wp-content\/uploads\/2025\/04\/georg4-296x300.png 296w, https:\/\/deeva.website\/wp-content\/uploads\/2025\/04\/georg4-100x100.png 100w, https:\/\/deeva.website\/wp-content\/uploads\/2025\/04\/georg4-24x24.png 24w, https:\/\/deeva.website\/wp-content\/uploads\/2025\/04\/georg4-48x48.png 48w, https:\/\/deeva.website\/wp-content\/uploads\/2025\/04\/georg4-96x96.png 96w, https:\/\/deeva.website\/wp-content\/uploads\/2025\/04\/georg4.png 467w\" sizes=\"(max-width: 296px) 100vw, 296px\" \/><\/p>\n","protected":false},"featured_media":5609,"comment_status":"open","ping_status":"closed","template":"","meta":[],"product_cat":[87],"product_tag":[],"_links":{"self":[{"href":"https:\/\/deeva.website\/fr-tn\/wp-json\/wp\/v2\/product\/5606"}],"collection":[{"href":"https:\/\/deeva.website\/fr-tn\/wp-json\/wp\/v2\/product"}],"about":[{"href":"https:\/\/deeva.website\/fr-tn\/wp-json\/wp\/v2\/types\/product"}],"replies":[{"embeddable":true,"href":"https:\/\/deeva.website\/fr-tn\/wp-json\/wp\/v2\/comments?post=5606"}],"version-history":[{"count":1,"href":"https:\/\/deeva.website\/fr-tn\/wp-json\/wp\/v2\/product\/5606\/revisions"}],"predecessor-version":[{"id":5615,"href":"https:\/\/deeva.website\/fr-tn\/wp-json\/wp\/v2\/product\/5606\/revisions\/5615"}],"wp:featuredmedia":[{"embeddable":true,"href":"https:\/\/deeva.website\/fr-tn\/wp-json\/wp\/v2\/media\/5609"}],"wp:attachment":[{"href":"https:\/\/deeva.website\/fr-tn\/wp-json\/wp\/v2\/media?parent=5606"}],"wp:term":[{"taxonomy":"product_cat","embeddable":true,"href":"https:\/\/deeva.website\/fr-tn\/wp-json\/wp\/v2\/product_cat?post=5606"},{"taxonomy":"product_tag","embeddable":true,"href":"https:\/\/deeva.website\/fr-tn\/wp-json\/wp\/v2\/product_tag?post=5606"}],"curies":[{"name":"wp","href":"https:\/\/api.w.org\/{rel}","templated":true}]}}