{"id":5577,"date":"2025-04-28T01:59:52","date_gmt":"2025-04-27T23:59:52","guid":{"rendered":"https:\/\/deeva.website\/?post_type=product&#038;p=5577"},"modified":"2025-05-04T22:00:48","modified_gmt":"2025-05-04T20:00:48","slug":"jean-paul-gaultier-scandal-pink-sexy","status":"publish","type":"product","link":"https:\/\/deeva.website\/fr-tn\/produit\/jean-paul-gaultier-scandal-pink-sexy\/","title":{"rendered":"Jean Paul Gaultier Scandal"},"content":{"rendered":"<p><strong>Scandal\u00a0 80ml<\/strong> de <em>Jean Paul Gaultier<\/em> est un\u00a0<strong>parfum identique \u00e0 l\u2019original<\/strong>, m\u00eame senteurs, packaging et flacon.<\/p>\n<p>C&#8217;est un eau de parfum Chypr\u00e9 Floral pour femme.<\/p>\n<p>Les notes de t\u00eate sont Orange sanguine et Mandarine; les notes de c\u0153ur sont Miel, Gard\u00e9nia, Fleur d&#8217;oranger, Jasmin et P\u00eache; les notes de fond sont Cire d&#8217;abeille, Caramel, Patchouli et R\u00e9glisse.<\/p>\n<p><img fetchpriority=\"high\" decoding=\"async\" class=\"alignnone wp-image-5580 size-medium\" src=\"http:\/\/deeva.website\/wp-content\/uploads\/2025\/04\/scandal2-283x300.png\" alt=\"\" width=\"283\" height=\"300\" srcset=\"https:\/\/deeva.website\/wp-content\/uploads\/2025\/04\/scandal2-283x300.png 283w, https:\/\/deeva.website\/wp-content\/uploads\/2025\/04\/scandal2-24x24.png 24w, https:\/\/deeva.website\/wp-content\/uploads\/2025\/04\/scandal2.png 439w\" sizes=\"(max-width: 283px) 100vw, 283px\" \/> <img decoding=\"async\" class=\"alignnone size-medium wp-image-5584\" src=\"http:\/\/deeva.website\/wp-content\/uploads\/2025\/04\/scandal4-250x300.png\" alt=\"\" width=\"250\" height=\"300\" srcset=\"https:\/\/deeva.website\/wp-content\/uploads\/2025\/04\/scandal4-250x300.png 250w, https:\/\/deeva.website\/wp-content\/uploads\/2025\/04\/scandal4.png 401w\" sizes=\"(max-width: 250px) 100vw, 250px\" \/><\/p>\n","protected":false},"excerpt":{"rendered":"<p><strong>Scandal\u00a0 80ml<\/strong> de <em>Jean Paul Gaultier<\/em> est un\u00a0<strong>parfum identique \u00e0 l\u2019original<\/strong>, m\u00eame senteurs, packaging et flacon.<\/p>\n<p>C&#8217;est un eau de parfum Chypr\u00e9 Floral pour femme.<\/p>\n<p>Les notes de t\u00eate sont Orange sanguine et Mandarine; les notes de c\u0153ur sont Miel, Gard\u00e9nia, Fleur d&#8217;oranger, Jasmin et P\u00eache; les notes de fond sont Cire d&#8217;abeille, Caramel, Patchouli et R\u00e9glisse.<\/p>\n<p><img fetchpriority=\"high\" decoding=\"async\" class=\"alignnone wp-image-5580 size-medium\" src=\"http:\/\/deeva.website\/wp-content\/uploads\/2025\/04\/scandal2-283x300.png\" alt=\"\" width=\"283\" height=\"300\" srcset=\"https:\/\/deeva.website\/wp-content\/uploads\/2025\/04\/scandal2-283x300.png 283w, https:\/\/deeva.website\/wp-content\/uploads\/2025\/04\/scandal2-24x24.png 24w, https:\/\/deeva.website\/wp-content\/uploads\/2025\/04\/scandal2.png 439w\" sizes=\"(max-width: 283px) 100vw, 283px\" \/> <img decoding=\"async\" class=\"alignnone size-medium wp-image-5584\" src=\"http:\/\/deeva.website\/wp-content\/uploads\/2025\/04\/scandal4-250x300.png\" alt=\"\" width=\"250\" height=\"300\" srcset=\"https:\/\/deeva.website\/wp-content\/uploads\/2025\/04\/scandal4-250x300.png 250w, https:\/\/deeva.website\/wp-content\/uploads\/2025\/04\/scandal4.png 401w\" sizes=\"(max-width: 250px) 100vw, 250px\" \/><\/p>\n","protected":false},"featured_media":5578,"comment_status":"open","ping_status":"closed","template":"","meta":[],"product_cat":[81],"product_tag":[],"_links":{"self":[{"href":"https:\/\/deeva.website\/fr-tn\/wp-json\/wp\/v2\/product\/5577"}],"collection":[{"href":"https:\/\/deeva.website\/fr-tn\/wp-json\/wp\/v2\/product"}],"about":[{"href":"https:\/\/deeva.website\/fr-tn\/wp-json\/wp\/v2\/types\/product"}],"replies":[{"embeddable":true,"href":"https:\/\/deeva.website\/fr-tn\/wp-json\/wp\/v2\/comments?post=5577"}],"version-history":[{"count":3,"href":"https:\/\/deeva.website\/fr-tn\/wp-json\/wp\/v2\/product\/5577\/revisions"}],"predecessor-version":[{"id":6524,"href":"https:\/\/deeva.website\/fr-tn\/wp-json\/wp\/v2\/product\/5577\/revisions\/6524"}],"wp:featuredmedia":[{"embeddable":true,"href":"https:\/\/deeva.website\/fr-tn\/wp-json\/wp\/v2\/media\/5578"}],"wp:attachment":[{"href":"https:\/\/deeva.website\/fr-tn\/wp-json\/wp\/v2\/media?parent=5577"}],"wp:term":[{"taxonomy":"product_cat","embeddable":true,"href":"https:\/\/deeva.website\/fr-tn\/wp-json\/wp\/v2\/product_cat?post=5577"},{"taxonomy":"product_tag","embeddable":true,"href":"https:\/\/deeva.website\/fr-tn\/wp-json\/wp\/v2\/product_tag?post=5577"}],"curies":[{"name":"wp","href":"https:\/\/api.w.org\/{rel}","templated":true}]}}