{"id":5557,"date":"2025-04-28T01:41:02","date_gmt":"2025-04-27T23:41:02","guid":{"rendered":"https:\/\/deeva.website\/?post_type=product&#038;p=5557"},"modified":"2025-10-02T07:32:23","modified_gmt":"2025-10-02T05:32:23","slug":"chanel-n5-eau-de-parfum","status":"publish","type":"product","link":"https:\/\/deeva.website\/fr-tn\/produit\/chanel-n5-eau-de-parfum\/","title":{"rendered":"Chanel N\u00b05 Eau de Parfum"},"content":{"rendered":"<p><strong>Chanel No 5 Eau de Parfum 100ml<\/strong>\u00a0de <em>Chanel<\/em> est un\u00a0<strong>parfum identique \u00e0 l\u2019original<\/strong>, m\u00eame senteurs, packaging et flacon.<\/p>\n<p>C&#8217;est un eau de parfum Floral Ald\u00e9hyd\u00e9 pour femme.<\/p>\n<p>Les notes de t\u00eate sont Ald\u00e9hydes, Ylang-ylang, N\u00e9roli, Bergamote et P\u00eache; les notes de c\u0153ur sont Iris, Jasmin, Rose et Muguet; les notes de fond sont Bois de santal, Mousse de ch\u00eane, Vanille, Patchouli et V\u00e9tiver.<\/p>\n<p><img fetchpriority=\"high\" decoding=\"async\" class=\"alignnone size-medium wp-image-5558\" src=\"http:\/\/deeva.website\/wp-content\/uploads\/2025\/04\/chaneln5-216x300.png\" alt=\"\" width=\"216\" height=\"300\" srcset=\"https:\/\/deeva.website\/wp-content\/uploads\/2025\/04\/chaneln5-216x300.png 216w, https:\/\/deeva.website\/wp-content\/uploads\/2025\/04\/chaneln5.png 378w\" sizes=\"(max-width: 216px) 100vw, 216px\" \/> <img decoding=\"async\" class=\"alignnone size-medium wp-image-5560\" src=\"http:\/\/deeva.website\/wp-content\/uploads\/2025\/04\/chaneln51-257x300.png\" alt=\"\" width=\"257\" height=\"300\" srcset=\"https:\/\/deeva.website\/wp-content\/uploads\/2025\/04\/chaneln51-257x300.png 257w, https:\/\/deeva.website\/wp-content\/uploads\/2025\/04\/chaneln51.png 416w\" sizes=\"(max-width: 257px) 100vw, 257px\" \/><\/p>\n","protected":false},"excerpt":{"rendered":"<p><strong>Chanel No 5 Eau de Parfum 100ml<\/strong>\u00a0de <em>Chanel<\/em> est un\u00a0<strong>parfum identique \u00e0 l\u2019original<\/strong>, m\u00eame senteurs, packaging et flacon.<\/p>\n<p>C&#8217;est un eau de parfum Floral Ald\u00e9hyd\u00e9 pour femme.<\/p>\n<p>Les notes de t\u00eate sont Ald\u00e9hydes, Ylang-ylang, N\u00e9roli, Bergamote et P\u00eache; les notes de c\u0153ur sont Iris, Jasmin, Rose et Muguet; les notes de fond sont Bois de santal, Mousse de ch\u00eane, Vanille, Patchouli et V\u00e9tiver.<\/p>\n<p><img fetchpriority=\"high\" decoding=\"async\" class=\"alignnone size-medium wp-image-5558\" src=\"http:\/\/deeva.website\/wp-content\/uploads\/2025\/04\/chaneln5-216x300.png\" alt=\"\" width=\"216\" height=\"300\" srcset=\"https:\/\/deeva.website\/wp-content\/uploads\/2025\/04\/chaneln5-216x300.png 216w, https:\/\/deeva.website\/wp-content\/uploads\/2025\/04\/chaneln5.png 378w\" sizes=\"(max-width: 216px) 100vw, 216px\" \/> <img decoding=\"async\" class=\"alignnone size-medium wp-image-5560\" src=\"http:\/\/deeva.website\/wp-content\/uploads\/2025\/04\/chaneln51-257x300.png\" alt=\"\" width=\"257\" height=\"300\" srcset=\"https:\/\/deeva.website\/wp-content\/uploads\/2025\/04\/chaneln51-257x300.png 257w, https:\/\/deeva.website\/wp-content\/uploads\/2025\/04\/chaneln51.png 416w\" sizes=\"(max-width: 257px) 100vw, 257px\" \/><\/p>\n","protected":false},"featured_media":5562,"comment_status":"open","ping_status":"closed","template":"","meta":[],"product_cat":[81],"product_tag":[],"_links":{"self":[{"href":"https:\/\/deeva.website\/fr-tn\/wp-json\/wp\/v2\/product\/5557"}],"collection":[{"href":"https:\/\/deeva.website\/fr-tn\/wp-json\/wp\/v2\/product"}],"about":[{"href":"https:\/\/deeva.website\/fr-tn\/wp-json\/wp\/v2\/types\/product"}],"replies":[{"embeddable":true,"href":"https:\/\/deeva.website\/fr-tn\/wp-json\/wp\/v2\/comments?post=5557"}],"version-history":[{"count":1,"href":"https:\/\/deeva.website\/fr-tn\/wp-json\/wp\/v2\/product\/5557\/revisions"}],"predecessor-version":[{"id":5564,"href":"https:\/\/deeva.website\/fr-tn\/wp-json\/wp\/v2\/product\/5557\/revisions\/5564"}],"wp:featuredmedia":[{"embeddable":true,"href":"https:\/\/deeva.website\/fr-tn\/wp-json\/wp\/v2\/media\/5562"}],"wp:attachment":[{"href":"https:\/\/deeva.website\/fr-tn\/wp-json\/wp\/v2\/media?parent=5557"}],"wp:term":[{"taxonomy":"product_cat","embeddable":true,"href":"https:\/\/deeva.website\/fr-tn\/wp-json\/wp\/v2\/product_cat?post=5557"},{"taxonomy":"product_tag","embeddable":true,"href":"https:\/\/deeva.website\/fr-tn\/wp-json\/wp\/v2\/product_tag?post=5557"}],"curies":[{"name":"wp","href":"https:\/\/api.w.org\/{rel}","templated":true}]}}