{"id":5544,"date":"2025-04-28T01:19:30","date_gmt":"2025-04-27T23:19:30","guid":{"rendered":"https:\/\/deeva.website\/?post_type=product&#038;p=5544"},"modified":"2025-04-28T01:19:30","modified_gmt":"2025-04-27T23:19:30","slug":"chanel-chance-eau-tendre","status":"publish","type":"product","link":"https:\/\/deeva.website\/fr-tn\/produit\/chanel-chance-eau-tendre\/","title":{"rendered":"Chanel Chance Eau Tendre"},"content":{"rendered":"<p><strong>Chance Eau Tendre 100ml<\/strong> de <em>Chanel<\/em> est un\u00a0<strong>parfum identique \u00e0 l\u2019original<\/strong>, m\u00eame senteurs, packaging et flacon.<\/p>\n<p>C&#8217;est un eau de parfum Floral fruit\u00e9 pour femme.<\/p>\n<p>Les notes de t\u00eate sont Coing et Pamplemousse; les notes de c\u0153ur sont Jacinthe et Jasmin; les notes de fond sont Musc, Iris, C\u00e8dre de Virginie et Ambre.<\/p>\n<p><img fetchpriority=\"high\" decoding=\"async\" class=\"alignnone size-full wp-image-5547\" src=\"http:\/\/deeva.website\/wp-content\/uploads\/2025\/04\/images-2025-04-22T150612.747-1.jpg\" alt=\"\" width=\"225\" height=\"225\" srcset=\"https:\/\/deeva.website\/wp-content\/uploads\/2025\/04\/images-2025-04-22T150612.747-1.jpg 225w, https:\/\/deeva.website\/wp-content\/uploads\/2025\/04\/images-2025-04-22T150612.747-1-150x150.jpg 150w, https:\/\/deeva.website\/wp-content\/uploads\/2025\/04\/images-2025-04-22T150612.747-1-100x100.jpg 100w, https:\/\/deeva.website\/wp-content\/uploads\/2025\/04\/images-2025-04-22T150612.747-1-24x24.jpg 24w, https:\/\/deeva.website\/wp-content\/uploads\/2025\/04\/images-2025-04-22T150612.747-1-48x48.jpg 48w, https:\/\/deeva.website\/wp-content\/uploads\/2025\/04\/images-2025-04-22T150612.747-1-96x96.jpg 96w\" sizes=\"(max-width: 225px) 100vw, 225px\" \/> <img decoding=\"async\" class=\"alignnone size-medium wp-image-5553\" src=\"http:\/\/deeva.website\/wp-content\/uploads\/2025\/04\/tendre2-267x300.png\" alt=\"\" width=\"267\" height=\"300\" srcset=\"https:\/\/deeva.website\/wp-content\/uploads\/2025\/04\/tendre2-267x300.png 267w, https:\/\/deeva.website\/wp-content\/uploads\/2025\/04\/tendre2.png 436w\" sizes=\"(max-width: 267px) 100vw, 267px\" \/><\/p>\n","protected":false},"excerpt":{"rendered":"<p><strong>Chance Eau Tendre 100ml<\/strong> de <em>Chanel<\/em> est un\u00a0<strong>parfum identique \u00e0 l\u2019original<\/strong>, m\u00eame senteurs, packaging et flacon.<\/p>\n<p>C&#8217;est un eau de parfum Floral fruit\u00e9 pour femme.<\/p>\n<p>Les notes de t\u00eate sont Coing et Pamplemousse; les notes de c\u0153ur sont Jacinthe et Jasmin; les notes de fond sont Musc, Iris, C\u00e8dre de Virginie et Ambre.<\/p>\n<p><img fetchpriority=\"high\" decoding=\"async\" class=\"alignnone size-full wp-image-5547\" src=\"http:\/\/deeva.website\/wp-content\/uploads\/2025\/04\/images-2025-04-22T150612.747-1.jpg\" alt=\"\" width=\"225\" height=\"225\" srcset=\"https:\/\/deeva.website\/wp-content\/uploads\/2025\/04\/images-2025-04-22T150612.747-1.jpg 225w, https:\/\/deeva.website\/wp-content\/uploads\/2025\/04\/images-2025-04-22T150612.747-1-150x150.jpg 150w, https:\/\/deeva.website\/wp-content\/uploads\/2025\/04\/images-2025-04-22T150612.747-1-100x100.jpg 100w, https:\/\/deeva.website\/wp-content\/uploads\/2025\/04\/images-2025-04-22T150612.747-1-24x24.jpg 24w, https:\/\/deeva.website\/wp-content\/uploads\/2025\/04\/images-2025-04-22T150612.747-1-48x48.jpg 48w, https:\/\/deeva.website\/wp-content\/uploads\/2025\/04\/images-2025-04-22T150612.747-1-96x96.jpg 96w\" sizes=\"(max-width: 225px) 100vw, 225px\" \/> <img decoding=\"async\" class=\"alignnone size-medium wp-image-5553\" src=\"http:\/\/deeva.website\/wp-content\/uploads\/2025\/04\/tendre2-267x300.png\" alt=\"\" width=\"267\" height=\"300\" srcset=\"https:\/\/deeva.website\/wp-content\/uploads\/2025\/04\/tendre2-267x300.png 267w, https:\/\/deeva.website\/wp-content\/uploads\/2025\/04\/tendre2.png 436w\" sizes=\"(max-width: 267px) 100vw, 267px\" \/><\/p>\n","protected":false},"featured_media":5545,"comment_status":"open","ping_status":"closed","template":"","meta":[],"product_cat":[81],"product_tag":[],"_links":{"self":[{"href":"https:\/\/deeva.website\/fr-tn\/wp-json\/wp\/v2\/product\/5544"}],"collection":[{"href":"https:\/\/deeva.website\/fr-tn\/wp-json\/wp\/v2\/product"}],"about":[{"href":"https:\/\/deeva.website\/fr-tn\/wp-json\/wp\/v2\/types\/product"}],"replies":[{"embeddable":true,"href":"https:\/\/deeva.website\/fr-tn\/wp-json\/wp\/v2\/comments?post=5544"}],"version-history":[{"count":1,"href":"https:\/\/deeva.website\/fr-tn\/wp-json\/wp\/v2\/product\/5544\/revisions"}],"predecessor-version":[{"id":5555,"href":"https:\/\/deeva.website\/fr-tn\/wp-json\/wp\/v2\/product\/5544\/revisions\/5555"}],"wp:featuredmedia":[{"embeddable":true,"href":"https:\/\/deeva.website\/fr-tn\/wp-json\/wp\/v2\/media\/5545"}],"wp:attachment":[{"href":"https:\/\/deeva.website\/fr-tn\/wp-json\/wp\/v2\/media?parent=5544"}],"wp:term":[{"taxonomy":"product_cat","embeddable":true,"href":"https:\/\/deeva.website\/fr-tn\/wp-json\/wp\/v2\/product_cat?post=5544"},{"taxonomy":"product_tag","embeddable":true,"href":"https:\/\/deeva.website\/fr-tn\/wp-json\/wp\/v2\/product_tag?post=5544"}],"curies":[{"name":"wp","href":"https:\/\/api.w.org\/{rel}","templated":true}]}}