{"id":5528,"date":"2025-04-28T01:05:39","date_gmt":"2025-04-27T23:05:39","guid":{"rendered":"https:\/\/deeva.website\/?post_type=product&#038;p=5528"},"modified":"2025-04-28T01:05:40","modified_gmt":"2025-04-27T23:05:40","slug":"chanel-coco-noir","status":"publish","type":"product","link":"https:\/\/deeva.website\/fr-tn\/produit\/chanel-coco-noir\/","title":{"rendered":"Chanel Coco Noir"},"content":{"rendered":"<p><strong>Coco Noir 100ml<\/strong> de <em>Chanel<\/em> est un\u00a0<strong>parfum identique \u00e0 l\u2019original<\/strong>, m\u00eame senteurs, packaging et flacon.<\/p>\n<p>C&#8217;est un eau de parfum Orientale bois\u00e9 pour femme.<\/p>\n<p>Les notes de t\u00eate sont Pamplemousse, Bergamote et Orange; les notes de c\u0153ur sont Rose, G\u00e9ranium, Jasmin, Narcissus et P\u00eache; les notes de fond sont Patchouli, Bois de santal, R\u00e9sine oliban, F\u00e8ve de tonka, Vanille, Musc blanc, Clou de girofle et Benjoin.<\/p>\n<p><img fetchpriority=\"high\" decoding=\"async\" class=\"alignnone size-medium wp-image-5533\" src=\"http:\/\/deeva.website\/wp-content\/uploads\/2025\/04\/chanelNoir3-258x300.png\" alt=\"\" width=\"258\" height=\"300\" srcset=\"https:\/\/deeva.website\/wp-content\/uploads\/2025\/04\/chanelNoir3-258x300.png 258w, https:\/\/deeva.website\/wp-content\/uploads\/2025\/04\/chanelNoir3.png 420w\" sizes=\"(max-width: 258px) 100vw, 258px\" \/> <img decoding=\"async\" class=\"alignnone size-medium wp-image-5531\" src=\"http:\/\/deeva.website\/wp-content\/uploads\/2025\/04\/chanelNoir2-215x300.png\" alt=\"\" width=\"215\" height=\"300\" srcset=\"https:\/\/deeva.website\/wp-content\/uploads\/2025\/04\/chanelNoir2-215x300.png 215w, https:\/\/deeva.website\/wp-content\/uploads\/2025\/04\/chanelNoir2.png 369w\" sizes=\"(max-width: 215px) 100vw, 215px\" \/><\/p>\n","protected":false},"excerpt":{"rendered":"<p><strong>Coco Noir 100ml<\/strong> de <em>Chanel<\/em> est un\u00a0<strong>parfum identique \u00e0 l\u2019original<\/strong>, m\u00eame senteurs, packaging et flacon.<\/p>\n<p>C&#8217;est un eau de parfum Orientale bois\u00e9 pour femme.<\/p>\n<p>Les notes de t\u00eate sont Pamplemousse, Bergamote et Orange; les notes de c\u0153ur sont Rose, G\u00e9ranium, Jasmin, Narcissus et P\u00eache; les notes de fond sont Patchouli, Bois de santal, R\u00e9sine oliban, F\u00e8ve de tonka, Vanille, Musc blanc, Clou de girofle et Benjoin.<\/p>\n<p><img fetchpriority=\"high\" decoding=\"async\" class=\"alignnone size-medium wp-image-5533\" src=\"http:\/\/deeva.website\/wp-content\/uploads\/2025\/04\/chanelNoir3-258x300.png\" alt=\"\" width=\"258\" height=\"300\" srcset=\"https:\/\/deeva.website\/wp-content\/uploads\/2025\/04\/chanelNoir3-258x300.png 258w, https:\/\/deeva.website\/wp-content\/uploads\/2025\/04\/chanelNoir3.png 420w\" sizes=\"(max-width: 258px) 100vw, 258px\" \/> <img decoding=\"async\" class=\"alignnone size-medium wp-image-5531\" src=\"http:\/\/deeva.website\/wp-content\/uploads\/2025\/04\/chanelNoir2-215x300.png\" alt=\"\" width=\"215\" height=\"300\" srcset=\"https:\/\/deeva.website\/wp-content\/uploads\/2025\/04\/chanelNoir2-215x300.png 215w, https:\/\/deeva.website\/wp-content\/uploads\/2025\/04\/chanelNoir2.png 369w\" sizes=\"(max-width: 215px) 100vw, 215px\" \/><\/p>\n","protected":false},"featured_media":5529,"comment_status":"open","ping_status":"closed","template":"","meta":[],"product_cat":[81],"product_tag":[],"_links":{"self":[{"href":"https:\/\/deeva.website\/fr-tn\/wp-json\/wp\/v2\/product\/5528"}],"collection":[{"href":"https:\/\/deeva.website\/fr-tn\/wp-json\/wp\/v2\/product"}],"about":[{"href":"https:\/\/deeva.website\/fr-tn\/wp-json\/wp\/v2\/types\/product"}],"replies":[{"embeddable":true,"href":"https:\/\/deeva.website\/fr-tn\/wp-json\/wp\/v2\/comments?post=5528"}],"version-history":[{"count":1,"href":"https:\/\/deeva.website\/fr-tn\/wp-json\/wp\/v2\/product\/5528\/revisions"}],"predecessor-version":[{"id":5535,"href":"https:\/\/deeva.website\/fr-tn\/wp-json\/wp\/v2\/product\/5528\/revisions\/5535"}],"wp:featuredmedia":[{"embeddable":true,"href":"https:\/\/deeva.website\/fr-tn\/wp-json\/wp\/v2\/media\/5529"}],"wp:attachment":[{"href":"https:\/\/deeva.website\/fr-tn\/wp-json\/wp\/v2\/media?parent=5528"}],"wp:term":[{"taxonomy":"product_cat","embeddable":true,"href":"https:\/\/deeva.website\/fr-tn\/wp-json\/wp\/v2\/product_cat?post=5528"},{"taxonomy":"product_tag","embeddable":true,"href":"https:\/\/deeva.website\/fr-tn\/wp-json\/wp\/v2\/product_tag?post=5528"}],"curies":[{"name":"wp","href":"https:\/\/api.w.org\/{rel}","templated":true}]}}