{"id":5517,"date":"2025-04-28T00:58:48","date_gmt":"2025-04-27T22:58:48","guid":{"rendered":"https:\/\/deeva.website\/?post_type=product&#038;p=5517"},"modified":"2025-04-28T00:58:48","modified_gmt":"2025-04-27T22:58:48","slug":"chanel-coco-mademoiselle-intense","status":"publish","type":"product","link":"https:\/\/deeva.website\/fr-tn\/produit\/chanel-coco-mademoiselle-intense\/","title":{"rendered":"Chanel Coco Mademoiselle Intense"},"content":{"rendered":"<p><strong>Coco Mademoiselle Intense 100ml<\/strong> de <em>Chanel<\/em> est un\u00a0<strong>parfum identique \u00e0 l\u2019original<\/strong>, m\u00eame senteurs, packaging et flacon.<\/p>\n<p>C&#8217;est un eau de parfum Orientale bois\u00e9 pour femme.<\/p>\n<p>Les notes de t\u00eate sont Orange de Sicile, Bergamote de Calabria et Citron; les notes de c\u0153ur sont Rose, Notes fruit\u00e9es et Jasmin; les notes de fond sont Patchouli, Vanille de Madagascar, F\u00e8ve de tonka, Musc blanc et Ciste.<\/p>\n<p><img fetchpriority=\"high\" decoding=\"async\" class=\"alignnone size-medium wp-image-5520\" src=\"http:\/\/deeva.website\/wp-content\/uploads\/2025\/04\/intence2-257x300.png\" alt=\"\" width=\"257\" height=\"300\" srcset=\"https:\/\/deeva.website\/wp-content\/uploads\/2025\/04\/intence2-257x300.png 257w, https:\/\/deeva.website\/wp-content\/uploads\/2025\/04\/intence2.png 341w\" sizes=\"(max-width: 257px) 100vw, 257px\" \/> <img decoding=\"async\" class=\"alignnone size-medium wp-image-5524\" src=\"http:\/\/deeva.website\/wp-content\/uploads\/2025\/04\/intence4-274x300.png\" alt=\"\" width=\"274\" height=\"300\" srcset=\"https:\/\/deeva.website\/wp-content\/uploads\/2025\/04\/intence4-274x300.png 274w, https:\/\/deeva.website\/wp-content\/uploads\/2025\/04\/intence4.png 430w\" sizes=\"(max-width: 274px) 100vw, 274px\" \/><\/p>\n","protected":false},"excerpt":{"rendered":"<p><strong>Coco Mademoiselle Intense 100ml<\/strong> de <em>Chanel<\/em> est un\u00a0<strong>parfum identique \u00e0 l\u2019original<\/strong>, m\u00eame senteurs, packaging et flacon.<\/p>\n<p>C&#8217;est un eau de parfum Orientale bois\u00e9 pour femme.<\/p>\n<p>Les notes de t\u00eate sont Orange de Sicile, Bergamote de Calabria et Citron; les notes de c\u0153ur sont Rose, Notes fruit\u00e9es et Jasmin; les notes de fond sont Patchouli, Vanille de Madagascar, F\u00e8ve de tonka, Musc blanc et Ciste.<\/p>\n<p><img fetchpriority=\"high\" decoding=\"async\" class=\"alignnone size-medium wp-image-5520\" src=\"http:\/\/deeva.website\/wp-content\/uploads\/2025\/04\/intence2-257x300.png\" alt=\"\" width=\"257\" height=\"300\" srcset=\"https:\/\/deeva.website\/wp-content\/uploads\/2025\/04\/intence2-257x300.png 257w, https:\/\/deeva.website\/wp-content\/uploads\/2025\/04\/intence2.png 341w\" sizes=\"(max-width: 257px) 100vw, 257px\" \/> <img decoding=\"async\" class=\"alignnone size-medium wp-image-5524\" src=\"http:\/\/deeva.website\/wp-content\/uploads\/2025\/04\/intence4-274x300.png\" alt=\"\" width=\"274\" height=\"300\" srcset=\"https:\/\/deeva.website\/wp-content\/uploads\/2025\/04\/intence4-274x300.png 274w, https:\/\/deeva.website\/wp-content\/uploads\/2025\/04\/intence4.png 430w\" sizes=\"(max-width: 274px) 100vw, 274px\" \/><\/p>\n","protected":false},"featured_media":5522,"comment_status":"open","ping_status":"closed","template":"","meta":[],"product_cat":[81],"product_tag":[],"_links":{"self":[{"href":"https:\/\/deeva.website\/fr-tn\/wp-json\/wp\/v2\/product\/5517"}],"collection":[{"href":"https:\/\/deeva.website\/fr-tn\/wp-json\/wp\/v2\/product"}],"about":[{"href":"https:\/\/deeva.website\/fr-tn\/wp-json\/wp\/v2\/types\/product"}],"replies":[{"embeddable":true,"href":"https:\/\/deeva.website\/fr-tn\/wp-json\/wp\/v2\/comments?post=5517"}],"version-history":[{"count":1,"href":"https:\/\/deeva.website\/fr-tn\/wp-json\/wp\/v2\/product\/5517\/revisions"}],"predecessor-version":[{"id":5526,"href":"https:\/\/deeva.website\/fr-tn\/wp-json\/wp\/v2\/product\/5517\/revisions\/5526"}],"wp:featuredmedia":[{"embeddable":true,"href":"https:\/\/deeva.website\/fr-tn\/wp-json\/wp\/v2\/media\/5522"}],"wp:attachment":[{"href":"https:\/\/deeva.website\/fr-tn\/wp-json\/wp\/v2\/media?parent=5517"}],"wp:term":[{"taxonomy":"product_cat","embeddable":true,"href":"https:\/\/deeva.website\/fr-tn\/wp-json\/wp\/v2\/product_cat?post=5517"},{"taxonomy":"product_tag","embeddable":true,"href":"https:\/\/deeva.website\/fr-tn\/wp-json\/wp\/v2\/product_tag?post=5517"}],"curies":[{"name":"wp","href":"https:\/\/api.w.org\/{rel}","templated":true}]}}