{"id":5505,"date":"2025-04-28T00:49:45","date_gmt":"2025-04-27T22:49:45","guid":{"rendered":"https:\/\/deeva.website\/?post_type=product&#038;p=5505"},"modified":"2025-04-28T00:49:45","modified_gmt":"2025-04-27T22:49:45","slug":"chanel-coco-mademoiselle","status":"publish","type":"product","link":"https:\/\/deeva.website\/fr-tn\/produit\/chanel-coco-mademoiselle\/","title":{"rendered":"Chanel Coco Mademoiselle"},"content":{"rendered":"<p><strong>Coco Mademoiselle 100ml<\/strong> de <em>Chanel<\/em> est un\u00a0<strong>parfum identique \u00e0 l\u2019original<\/strong>, m\u00eame senteurs, packaging et flacon.<\/p>\n<p>C&#8217;est un eau de parfum Orientale Floral pour femme.<\/p>\n<p>Les notes de t\u00eate sont Orange, Mandarine, Bergamote et Fleur d&#8217;oranger; les notes de c\u0153ur sont Rose de Turquie, Jasmin, Mimosa et Ylang-ylang; les notes de fond sont Patchouli, Musc blanc, Vanille, V\u00e9tiver, F\u00e8ve de tonka et Opoponax.<\/p>\n<p><img fetchpriority=\"high\" decoding=\"async\" class=\"alignnone size-full wp-image-5512\" src=\"http:\/\/deeva.website\/wp-content\/uploads\/2025\/04\/cocoMad4.jpg\" alt=\"\" width=\"225\" height=\"225\" srcset=\"https:\/\/deeva.website\/wp-content\/uploads\/2025\/04\/cocoMad4.jpg 225w, https:\/\/deeva.website\/wp-content\/uploads\/2025\/04\/cocoMad4-150x150.jpg 150w, https:\/\/deeva.website\/wp-content\/uploads\/2025\/04\/cocoMad4-100x100.jpg 100w, https:\/\/deeva.website\/wp-content\/uploads\/2025\/04\/cocoMad4-24x24.jpg 24w, https:\/\/deeva.website\/wp-content\/uploads\/2025\/04\/cocoMad4-48x48.jpg 48w, https:\/\/deeva.website\/wp-content\/uploads\/2025\/04\/cocoMad4-96x96.jpg 96w\" sizes=\"(max-width: 225px) 100vw, 225px\" \/> <img decoding=\"async\" class=\"alignnone size-medium wp-image-5508\" src=\"http:\/\/deeva.website\/wp-content\/uploads\/2025\/04\/cocoMad2-234x300.png\" alt=\"\" width=\"234\" height=\"300\" srcset=\"https:\/\/deeva.website\/wp-content\/uploads\/2025\/04\/cocoMad2-234x300.png 234w, https:\/\/deeva.website\/wp-content\/uploads\/2025\/04\/cocoMad2.png 377w\" sizes=\"(max-width: 234px) 100vw, 234px\" \/><\/p>\n","protected":false},"excerpt":{"rendered":"<p><strong>Coco Mademoiselle 100ml<\/strong> de <em>Chanel<\/em> est un\u00a0<strong>parfum identique \u00e0 l\u2019original<\/strong>, m\u00eame senteurs, packaging et flacon.<\/p>\n<p>C&#8217;est un eau de parfum Orientale Floral pour femme.<\/p>\n<p>Les notes de t\u00eate sont Orange, Mandarine, Bergamote et Fleur d&#8217;oranger; les notes de c\u0153ur sont Rose de Turquie, Jasmin, Mimosa et Ylang-ylang; les notes de fond sont Patchouli, Musc blanc, Vanille, V\u00e9tiver, F\u00e8ve de tonka et Opoponax.<\/p>\n<p><img fetchpriority=\"high\" decoding=\"async\" class=\"alignnone size-full wp-image-5512\" src=\"http:\/\/deeva.website\/wp-content\/uploads\/2025\/04\/cocoMad4.jpg\" alt=\"\" width=\"225\" height=\"225\" srcset=\"https:\/\/deeva.website\/wp-content\/uploads\/2025\/04\/cocoMad4.jpg 225w, https:\/\/deeva.website\/wp-content\/uploads\/2025\/04\/cocoMad4-150x150.jpg 150w, https:\/\/deeva.website\/wp-content\/uploads\/2025\/04\/cocoMad4-100x100.jpg 100w, https:\/\/deeva.website\/wp-content\/uploads\/2025\/04\/cocoMad4-24x24.jpg 24w, https:\/\/deeva.website\/wp-content\/uploads\/2025\/04\/cocoMad4-48x48.jpg 48w, https:\/\/deeva.website\/wp-content\/uploads\/2025\/04\/cocoMad4-96x96.jpg 96w\" sizes=\"(max-width: 225px) 100vw, 225px\" \/> <img decoding=\"async\" class=\"alignnone size-medium wp-image-5508\" src=\"http:\/\/deeva.website\/wp-content\/uploads\/2025\/04\/cocoMad2-234x300.png\" alt=\"\" width=\"234\" height=\"300\" srcset=\"https:\/\/deeva.website\/wp-content\/uploads\/2025\/04\/cocoMad2-234x300.png 234w, https:\/\/deeva.website\/wp-content\/uploads\/2025\/04\/cocoMad2.png 377w\" sizes=\"(max-width: 234px) 100vw, 234px\" \/><\/p>\n","protected":false},"featured_media":5510,"comment_status":"open","ping_status":"closed","template":"","meta":[],"product_cat":[81],"product_tag":[],"_links":{"self":[{"href":"https:\/\/deeva.website\/fr-tn\/wp-json\/wp\/v2\/product\/5505"}],"collection":[{"href":"https:\/\/deeva.website\/fr-tn\/wp-json\/wp\/v2\/product"}],"about":[{"href":"https:\/\/deeva.website\/fr-tn\/wp-json\/wp\/v2\/types\/product"}],"replies":[{"embeddable":true,"href":"https:\/\/deeva.website\/fr-tn\/wp-json\/wp\/v2\/comments?post=5505"}],"version-history":[{"count":1,"href":"https:\/\/deeva.website\/fr-tn\/wp-json\/wp\/v2\/product\/5505\/revisions"}],"predecessor-version":[{"id":5516,"href":"https:\/\/deeva.website\/fr-tn\/wp-json\/wp\/v2\/product\/5505\/revisions\/5516"}],"wp:featuredmedia":[{"embeddable":true,"href":"https:\/\/deeva.website\/fr-tn\/wp-json\/wp\/v2\/media\/5510"}],"wp:attachment":[{"href":"https:\/\/deeva.website\/fr-tn\/wp-json\/wp\/v2\/media?parent=5505"}],"wp:term":[{"taxonomy":"product_cat","embeddable":true,"href":"https:\/\/deeva.website\/fr-tn\/wp-json\/wp\/v2\/product_cat?post=5505"},{"taxonomy":"product_tag","embeddable":true,"href":"https:\/\/deeva.website\/fr-tn\/wp-json\/wp\/v2\/product_tag?post=5505"}],"curies":[{"name":"wp","href":"https:\/\/api.w.org\/{rel}","templated":true}]}}