{"id":5495,"date":"2025-04-28T00:37:47","date_gmt":"2025-04-27T22:37:47","guid":{"rendered":"https:\/\/deeva.website\/?post_type=product&#038;p=5495"},"modified":"2025-04-28T00:37:47","modified_gmt":"2025-04-27T22:37:47","slug":"tom-ford-lost-cherry","status":"publish","type":"product","link":"https:\/\/deeva.website\/fr-tn\/produit\/tom-ford-lost-cherry\/","title":{"rendered":"Tom Ford Lost Cherry"},"content":{"rendered":"<p><strong>Lost Cherry 100ml<\/strong> de <em>Tom Ford<\/em> est un\u00a0<strong>parfum identique \u00e0 l\u2019original<\/strong>, m\u00eame senteurs, packaging et flacon.<\/p>\n<p>C&#8217;est un eau de parfum Orientale Floral pour homme et femme.<\/p>\n<p>Les notes de t\u00eate sont Amande am\u00e8re, Cerise noire et Cherry Liqueur; les notes de c\u0153ur sont Griotte, Prune, Rose de Turquie et Jasmin Sambac; les notes de fond sont Vanille, F\u00e8ve de tonka, Cannelle, Baumier du P\u00e9rou, Bois de santal, Benjoin, Clou de girofle, C\u00e8dre, Patchouli et V\u00e9tiver.<\/p>\n<p><img fetchpriority=\"high\" decoding=\"async\" class=\"alignnone size-full wp-image-5500\" src=\"http:\/\/deeva.website\/wp-content\/uploads\/2025\/04\/tomford3.jpg\" alt=\"\" width=\"224\" height=\"225\" srcset=\"https:\/\/deeva.website\/wp-content\/uploads\/2025\/04\/tomford3.jpg 224w, https:\/\/deeva.website\/wp-content\/uploads\/2025\/04\/tomford3-150x150.jpg 150w, https:\/\/deeva.website\/wp-content\/uploads\/2025\/04\/tomford3-100x100.jpg 100w, https:\/\/deeva.website\/wp-content\/uploads\/2025\/04\/tomford3-24x24.jpg 24w, https:\/\/deeva.website\/wp-content\/uploads\/2025\/04\/tomford3-48x48.jpg 48w, https:\/\/deeva.website\/wp-content\/uploads\/2025\/04\/tomford3-96x96.jpg 96w\" sizes=\"(max-width: 224px) 100vw, 224px\" \/> <img decoding=\"async\" class=\"alignnone size-medium wp-image-5502\" src=\"http:\/\/deeva.website\/wp-content\/uploads\/2025\/04\/tomford4-251x300.png\" alt=\"\" width=\"251\" height=\"300\" srcset=\"https:\/\/deeva.website\/wp-content\/uploads\/2025\/04\/tomford4-251x300.png 251w, https:\/\/deeva.website\/wp-content\/uploads\/2025\/04\/tomford4.png 391w\" sizes=\"(max-width: 251px) 100vw, 251px\" \/><\/p>\n","protected":false},"excerpt":{"rendered":"<p><strong>Lost Cherry 100ml<\/strong> de <em>Tom Ford<\/em> est un\u00a0<strong>parfum identique \u00e0 l\u2019original<\/strong>, m\u00eame senteurs, packaging et flacon.<\/p>\n<p>C&#8217;est un eau de parfum Orientale Floral pour homme et femme.<\/p>\n<p>Les notes de t\u00eate sont Amande am\u00e8re, Cerise noire et Cherry Liqueur; les notes de c\u0153ur sont Griotte, Prune, Rose de Turquie et Jasmin Sambac; les notes de fond sont Vanille, F\u00e8ve de tonka, Cannelle, Baumier du P\u00e9rou, Bois de santal, Benjoin, Clou de girofle, C\u00e8dre, Patchouli et V\u00e9tiver.<\/p>\n<p><img fetchpriority=\"high\" decoding=\"async\" class=\"alignnone size-full wp-image-5500\" src=\"http:\/\/deeva.website\/wp-content\/uploads\/2025\/04\/tomford3.jpg\" alt=\"\" width=\"224\" height=\"225\" srcset=\"https:\/\/deeva.website\/wp-content\/uploads\/2025\/04\/tomford3.jpg 224w, https:\/\/deeva.website\/wp-content\/uploads\/2025\/04\/tomford3-150x150.jpg 150w, https:\/\/deeva.website\/wp-content\/uploads\/2025\/04\/tomford3-100x100.jpg 100w, https:\/\/deeva.website\/wp-content\/uploads\/2025\/04\/tomford3-24x24.jpg 24w, https:\/\/deeva.website\/wp-content\/uploads\/2025\/04\/tomford3-48x48.jpg 48w, https:\/\/deeva.website\/wp-content\/uploads\/2025\/04\/tomford3-96x96.jpg 96w\" sizes=\"(max-width: 224px) 100vw, 224px\" \/> <img decoding=\"async\" class=\"alignnone size-medium wp-image-5502\" src=\"http:\/\/deeva.website\/wp-content\/uploads\/2025\/04\/tomford4-251x300.png\" alt=\"\" width=\"251\" height=\"300\" srcset=\"https:\/\/deeva.website\/wp-content\/uploads\/2025\/04\/tomford4-251x300.png 251w, https:\/\/deeva.website\/wp-content\/uploads\/2025\/04\/tomford4.png 391w\" sizes=\"(max-width: 251px) 100vw, 251px\" \/><\/p>\n","protected":false},"featured_media":5496,"comment_status":"open","ping_status":"closed","template":"","meta":[],"product_cat":[81,71],"product_tag":[],"_links":{"self":[{"href":"https:\/\/deeva.website\/fr-tn\/wp-json\/wp\/v2\/product\/5495"}],"collection":[{"href":"https:\/\/deeva.website\/fr-tn\/wp-json\/wp\/v2\/product"}],"about":[{"href":"https:\/\/deeva.website\/fr-tn\/wp-json\/wp\/v2\/types\/product"}],"replies":[{"embeddable":true,"href":"https:\/\/deeva.website\/fr-tn\/wp-json\/wp\/v2\/comments?post=5495"}],"version-history":[{"count":1,"href":"https:\/\/deeva.website\/fr-tn\/wp-json\/wp\/v2\/product\/5495\/revisions"}],"predecessor-version":[{"id":5504,"href":"https:\/\/deeva.website\/fr-tn\/wp-json\/wp\/v2\/product\/5495\/revisions\/5504"}],"wp:featuredmedia":[{"embeddable":true,"href":"https:\/\/deeva.website\/fr-tn\/wp-json\/wp\/v2\/media\/5496"}],"wp:attachment":[{"href":"https:\/\/deeva.website\/fr-tn\/wp-json\/wp\/v2\/media?parent=5495"}],"wp:term":[{"taxonomy":"product_cat","embeddable":true,"href":"https:\/\/deeva.website\/fr-tn\/wp-json\/wp\/v2\/product_cat?post=5495"},{"taxonomy":"product_tag","embeddable":true,"href":"https:\/\/deeva.website\/fr-tn\/wp-json\/wp\/v2\/product_tag?post=5495"}],"curies":[{"name":"wp","href":"https:\/\/api.w.org\/{rel}","templated":true}]}}