{"id":5485,"date":"2025-04-28T00:34:13","date_gmt":"2025-04-27T22:34:13","guid":{"rendered":"https:\/\/deeva.website\/?post_type=product&#038;p=5485"},"modified":"2025-04-28T00:34:13","modified_gmt":"2025-04-27T22:34:13","slug":"giorgio-armani-si-passione","status":"publish","type":"product","link":"https:\/\/deeva.website\/fr-tn\/produit\/giorgio-armani-si-passione\/","title":{"rendered":"Giorgio Armani S\u00ec Passione"},"content":{"rendered":"<p><strong>S\u00ec Passione 100ml<\/strong> de <em>Giorgio Armani<\/em> est un\u00a0<strong>parfum identique \u00e0 l\u2019original<\/strong>, m\u00eame senteurs, packaging et flacon.<\/p>\n<p>C&#8217;est un eau de parfum Floral fruit\u00e9 pour femme.<\/p>\n<p>Les notes de t\u00eate sont Poire, Cassis, Poivre rose et Pamplemousse; les notes de c\u0153ur sont Ananas, Rose, Jasmin et H\u00e9liotrope; les notes de fond sont Vanille, C\u00e8dre, Patchouli et Amberwood.<\/p>\n<p><img fetchpriority=\"high\" decoding=\"async\" class=\"alignnone size-medium wp-image-5488\" src=\"http:\/\/deeva.website\/wp-content\/uploads\/2025\/04\/si-rouge2-300x300.jpg\" alt=\"\" width=\"300\" height=\"300\" srcset=\"https:\/\/deeva.website\/wp-content\/uploads\/2025\/04\/si-rouge2-300x300.jpg 300w, https:\/\/deeva.website\/wp-content\/uploads\/2025\/04\/si-rouge2-150x150.jpg 150w, https:\/\/deeva.website\/wp-content\/uploads\/2025\/04\/si-rouge2-768x768.jpg 768w, https:\/\/deeva.website\/wp-content\/uploads\/2025\/04\/si-rouge2-400x400.jpg 400w, https:\/\/deeva.website\/wp-content\/uploads\/2025\/04\/si-rouge2-600x600.jpg 600w, https:\/\/deeva.website\/wp-content\/uploads\/2025\/04\/si-rouge2-100x100.jpg 100w, https:\/\/deeva.website\/wp-content\/uploads\/2025\/04\/si-rouge2-24x24.jpg 24w, https:\/\/deeva.website\/wp-content\/uploads\/2025\/04\/si-rouge2-48x48.jpg 48w, https:\/\/deeva.website\/wp-content\/uploads\/2025\/04\/si-rouge2-96x96.jpg 96w, https:\/\/deeva.website\/wp-content\/uploads\/2025\/04\/si-rouge2.jpg 800w\" sizes=\"(max-width: 300px) 100vw, 300px\" \/> <img decoding=\"async\" class=\"alignnone size-medium wp-image-5492\" src=\"http:\/\/deeva.website\/wp-content\/uploads\/2025\/04\/si-rouge4-242x300.png\" alt=\"\" width=\"242\" height=\"300\" srcset=\"https:\/\/deeva.website\/wp-content\/uploads\/2025\/04\/si-rouge4-242x300.png 242w, https:\/\/deeva.website\/wp-content\/uploads\/2025\/04\/si-rouge4.png 382w\" sizes=\"(max-width: 242px) 100vw, 242px\" \/><\/p>\n","protected":false},"excerpt":{"rendered":"<p><strong>S\u00ec Passione 100ml<\/strong> de <em>Giorgio Armani<\/em> est un\u00a0<strong>parfum identique \u00e0 l\u2019original<\/strong>, m\u00eame senteurs, packaging et flacon.<\/p>\n<p>C&#8217;est un eau de parfum Floral fruit\u00e9 pour femme.<\/p>\n<p>Les notes de t\u00eate sont Poire, Cassis, Poivre rose et Pamplemousse; les notes de c\u0153ur sont Ananas, Rose, Jasmin et H\u00e9liotrope; les notes de fond sont Vanille, C\u00e8dre, Patchouli et Amberwood.<\/p>\n<p><img fetchpriority=\"high\" decoding=\"async\" class=\"alignnone size-medium wp-image-5488\" src=\"http:\/\/deeva.website\/wp-content\/uploads\/2025\/04\/si-rouge2-300x300.jpg\" alt=\"\" width=\"300\" height=\"300\" srcset=\"https:\/\/deeva.website\/wp-content\/uploads\/2025\/04\/si-rouge2-300x300.jpg 300w, https:\/\/deeva.website\/wp-content\/uploads\/2025\/04\/si-rouge2-150x150.jpg 150w, https:\/\/deeva.website\/wp-content\/uploads\/2025\/04\/si-rouge2-768x768.jpg 768w, https:\/\/deeva.website\/wp-content\/uploads\/2025\/04\/si-rouge2-400x400.jpg 400w, https:\/\/deeva.website\/wp-content\/uploads\/2025\/04\/si-rouge2-600x600.jpg 600w, https:\/\/deeva.website\/wp-content\/uploads\/2025\/04\/si-rouge2-100x100.jpg 100w, https:\/\/deeva.website\/wp-content\/uploads\/2025\/04\/si-rouge2-24x24.jpg 24w, https:\/\/deeva.website\/wp-content\/uploads\/2025\/04\/si-rouge2-48x48.jpg 48w, https:\/\/deeva.website\/wp-content\/uploads\/2025\/04\/si-rouge2-96x96.jpg 96w, https:\/\/deeva.website\/wp-content\/uploads\/2025\/04\/si-rouge2.jpg 800w\" sizes=\"(max-width: 300px) 100vw, 300px\" \/> <img decoding=\"async\" class=\"alignnone size-medium wp-image-5492\" src=\"http:\/\/deeva.website\/wp-content\/uploads\/2025\/04\/si-rouge4-242x300.png\" alt=\"\" width=\"242\" height=\"300\" srcset=\"https:\/\/deeva.website\/wp-content\/uploads\/2025\/04\/si-rouge4-242x300.png 242w, https:\/\/deeva.website\/wp-content\/uploads\/2025\/04\/si-rouge4.png 382w\" sizes=\"(max-width: 242px) 100vw, 242px\" \/><\/p>\n","protected":false},"featured_media":5490,"comment_status":"open","ping_status":"closed","template":"","meta":[],"product_cat":[81],"product_tag":[],"_links":{"self":[{"href":"https:\/\/deeva.website\/fr-tn\/wp-json\/wp\/v2\/product\/5485"}],"collection":[{"href":"https:\/\/deeva.website\/fr-tn\/wp-json\/wp\/v2\/product"}],"about":[{"href":"https:\/\/deeva.website\/fr-tn\/wp-json\/wp\/v2\/types\/product"}],"replies":[{"embeddable":true,"href":"https:\/\/deeva.website\/fr-tn\/wp-json\/wp\/v2\/comments?post=5485"}],"version-history":[{"count":1,"href":"https:\/\/deeva.website\/fr-tn\/wp-json\/wp\/v2\/product\/5485\/revisions"}],"predecessor-version":[{"id":5494,"href":"https:\/\/deeva.website\/fr-tn\/wp-json\/wp\/v2\/product\/5485\/revisions\/5494"}],"wp:featuredmedia":[{"embeddable":true,"href":"https:\/\/deeva.website\/fr-tn\/wp-json\/wp\/v2\/media\/5490"}],"wp:attachment":[{"href":"https:\/\/deeva.website\/fr-tn\/wp-json\/wp\/v2\/media?parent=5485"}],"wp:term":[{"taxonomy":"product_cat","embeddable":true,"href":"https:\/\/deeva.website\/fr-tn\/wp-json\/wp\/v2\/product_cat?post=5485"},{"taxonomy":"product_tag","embeddable":true,"href":"https:\/\/deeva.website\/fr-tn\/wp-json\/wp\/v2\/product_tag?post=5485"}],"curies":[{"name":"wp","href":"https:\/\/api.w.org\/{rel}","templated":true}]}}