{"id":5475,"date":"2025-04-28T00:26:22","date_gmt":"2025-04-27T22:26:22","guid":{"rendered":"https:\/\/deeva.website\/?post_type=product&#038;p=5475"},"modified":"2025-04-28T00:26:22","modified_gmt":"2025-04-27T22:26:22","slug":"giorgio-armani-si","status":"publish","type":"product","link":"https:\/\/deeva.website\/fr-tn\/produit\/giorgio-armani-si\/","title":{"rendered":"Giorgio Armani Si"},"content":{"rendered":"<p><strong>Si 100ml<\/strong> de <em>Giorgio Armani<\/em> est un\u00a0<strong>parfum identique \u00e0 l\u2019original<\/strong>, m\u00eame senteurs, packaging et flacon.<\/p>\n<p>C&#8217;est un eau de parfum Chypr\u00e9 Fruit\u00e9 pour femme.<\/p>\n<p>La note de t\u00eate est Bourgeon de cassis; les notes de c\u0153ur sont Rose de Mai et Freesia; les notes de fond sont Vanille, Patchouli, Notes bois\u00e9es et Ambroxan.<\/p>\n<p><img fetchpriority=\"high\" decoding=\"async\" class=\"alignnone size-medium wp-image-5476\" src=\"http:\/\/deeva.website\/wp-content\/uploads\/2025\/04\/si1-231x300.png\" alt=\"\" width=\"231\" height=\"300\" srcset=\"https:\/\/deeva.website\/wp-content\/uploads\/2025\/04\/si1-231x300.png 231w, https:\/\/deeva.website\/wp-content\/uploads\/2025\/04\/si1.png 365w\" sizes=\"(max-width: 231px) 100vw, 231px\" \/> <img decoding=\"async\" class=\"alignnone size-medium wp-image-5480\" src=\"http:\/\/deeva.website\/wp-content\/uploads\/2025\/04\/si3.jpg\" alt=\"\" width=\"267\" height=\"189\" \/><\/p>\n","protected":false},"excerpt":{"rendered":"<p><strong>Si 100ml<\/strong> de <em>Giorgio Armani<\/em> est un\u00a0<strong>parfum identique \u00e0 l\u2019original<\/strong>, m\u00eame senteurs, packaging et flacon.<\/p>\n<p>C&#8217;est un eau de parfum Chypr\u00e9 Fruit\u00e9 pour femme.<\/p>\n<p>La note de t\u00eate est Bourgeon de cassis; les notes de c\u0153ur sont Rose de Mai et Freesia; les notes de fond sont Vanille, Patchouli, Notes bois\u00e9es et Ambroxan.<\/p>\n<p><img fetchpriority=\"high\" decoding=\"async\" class=\"alignnone size-medium wp-image-5476\" src=\"http:\/\/deeva.website\/wp-content\/uploads\/2025\/04\/si1-231x300.png\" alt=\"\" width=\"231\" height=\"300\" srcset=\"https:\/\/deeva.website\/wp-content\/uploads\/2025\/04\/si1-231x300.png 231w, https:\/\/deeva.website\/wp-content\/uploads\/2025\/04\/si1.png 365w\" sizes=\"(max-width: 231px) 100vw, 231px\" \/> <img decoding=\"async\" class=\"alignnone size-medium wp-image-5480\" src=\"http:\/\/deeva.website\/wp-content\/uploads\/2025\/04\/si3.jpg\" alt=\"\" width=\"267\" height=\"189\" \/><\/p>\n","protected":false},"featured_media":5482,"comment_status":"open","ping_status":"closed","template":"","meta":[],"product_cat":[81],"product_tag":[],"_links":{"self":[{"href":"https:\/\/deeva.website\/fr-tn\/wp-json\/wp\/v2\/product\/5475"}],"collection":[{"href":"https:\/\/deeva.website\/fr-tn\/wp-json\/wp\/v2\/product"}],"about":[{"href":"https:\/\/deeva.website\/fr-tn\/wp-json\/wp\/v2\/types\/product"}],"replies":[{"embeddable":true,"href":"https:\/\/deeva.website\/fr-tn\/wp-json\/wp\/v2\/comments?post=5475"}],"version-history":[{"count":1,"href":"https:\/\/deeva.website\/fr-tn\/wp-json\/wp\/v2\/product\/5475\/revisions"}],"predecessor-version":[{"id":5484,"href":"https:\/\/deeva.website\/fr-tn\/wp-json\/wp\/v2\/product\/5475\/revisions\/5484"}],"wp:featuredmedia":[{"embeddable":true,"href":"https:\/\/deeva.website\/fr-tn\/wp-json\/wp\/v2\/media\/5482"}],"wp:attachment":[{"href":"https:\/\/deeva.website\/fr-tn\/wp-json\/wp\/v2\/media?parent=5475"}],"wp:term":[{"taxonomy":"product_cat","embeddable":true,"href":"https:\/\/deeva.website\/fr-tn\/wp-json\/wp\/v2\/product_cat?post=5475"},{"taxonomy":"product_tag","embeddable":true,"href":"https:\/\/deeva.website\/fr-tn\/wp-json\/wp\/v2\/product_tag?post=5475"}],"curies":[{"name":"wp","href":"https:\/\/api.w.org\/{rel}","templated":true}]}}