{"id":5465,"date":"2025-04-28T00:18:35","date_gmt":"2025-04-27T22:18:35","guid":{"rendered":"https:\/\/deeva.website\/?post_type=product&#038;p=5465"},"modified":"2025-04-28T00:18:35","modified_gmt":"2025-04-27T22:18:35","slug":"giorgio-armani-my-way-nectar","status":"publish","type":"product","link":"https:\/\/deeva.website\/fr-tn\/produit\/giorgio-armani-my-way-nectar\/","title":{"rendered":"Giorgio Armani My Way Nectar"},"content":{"rendered":"<p><strong>My Way Nectar 90ml<\/strong> de <em>Giorgio Armani<\/em> est un\u00a0<strong>parfum identique \u00e0 l\u2019original<\/strong>, m\u00eame senteurs, packaging et flacon.<\/p>\n<p>C&#8217;est un eau de parfum Floral fruit\u00e9 pour femme.<\/p>\n<p>Les notes de t\u00eate sont Poire, Fleur d&#8217;oranger et Bergamote; les notes de c\u0153ur sont Tub\u00e9reuse, Jasmin et Feuille de violette; les notes de fond sont Musc blanc, Vanille bourbon et C\u00e8dre.<\/p>\n<p><img fetchpriority=\"high\" decoding=\"async\" class=\"alignnone wp-image-5468 size-medium\" src=\"http:\/\/deeva.website\/wp-content\/uploads\/2025\/04\/my-way2-200x300.jpg\" alt=\"\" width=\"200\" height=\"300\" srcset=\"https:\/\/deeva.website\/wp-content\/uploads\/2025\/04\/my-way2-200x300.jpg 200w, https:\/\/deeva.website\/wp-content\/uploads\/2025\/04\/my-way2-681x1024.jpg 681w, https:\/\/deeva.website\/wp-content\/uploads\/2025\/04\/my-way2-768x1155.jpg 768w, https:\/\/deeva.website\/wp-content\/uploads\/2025\/04\/my-way2-600x902.jpg 600w, https:\/\/deeva.website\/wp-content\/uploads\/2025\/04\/my-way2.jpg 826w\" sizes=\"(max-width: 200px) 100vw, 200px\" \/> <img decoding=\"async\" class=\"alignnone size-medium wp-image-5472\" src=\"http:\/\/deeva.website\/wp-content\/uploads\/2025\/04\/my-way4-245x300.png\" alt=\"\" width=\"245\" height=\"300\" srcset=\"https:\/\/deeva.website\/wp-content\/uploads\/2025\/04\/my-way4-245x300.png 245w, https:\/\/deeva.website\/wp-content\/uploads\/2025\/04\/my-way4.png 381w\" sizes=\"(max-width: 245px) 100vw, 245px\" \/><\/p>\n","protected":false},"excerpt":{"rendered":"<p><strong>My Way Nectar 90ml<\/strong> de <em>Giorgio Armani<\/em> est un\u00a0<strong>parfum identique \u00e0 l\u2019original<\/strong>, m\u00eame senteurs, packaging et flacon.<\/p>\n<p>C&#8217;est un eau de parfum Floral fruit\u00e9 pour femme.<\/p>\n<p>Les notes de t\u00eate sont Poire, Fleur d&#8217;oranger et Bergamote; les notes de c\u0153ur sont Tub\u00e9reuse, Jasmin et Feuille de violette; les notes de fond sont Musc blanc, Vanille bourbon et C\u00e8dre.<\/p>\n<p><img fetchpriority=\"high\" decoding=\"async\" class=\"alignnone wp-image-5468 size-medium\" src=\"http:\/\/deeva.website\/wp-content\/uploads\/2025\/04\/my-way2-200x300.jpg\" alt=\"\" width=\"200\" height=\"300\" srcset=\"https:\/\/deeva.website\/wp-content\/uploads\/2025\/04\/my-way2-200x300.jpg 200w, https:\/\/deeva.website\/wp-content\/uploads\/2025\/04\/my-way2-681x1024.jpg 681w, https:\/\/deeva.website\/wp-content\/uploads\/2025\/04\/my-way2-768x1155.jpg 768w, https:\/\/deeva.website\/wp-content\/uploads\/2025\/04\/my-way2-600x902.jpg 600w, https:\/\/deeva.website\/wp-content\/uploads\/2025\/04\/my-way2.jpg 826w\" sizes=\"(max-width: 200px) 100vw, 200px\" \/> <img decoding=\"async\" class=\"alignnone size-medium wp-image-5472\" src=\"http:\/\/deeva.website\/wp-content\/uploads\/2025\/04\/my-way4-245x300.png\" alt=\"\" width=\"245\" height=\"300\" srcset=\"https:\/\/deeva.website\/wp-content\/uploads\/2025\/04\/my-way4-245x300.png 245w, https:\/\/deeva.website\/wp-content\/uploads\/2025\/04\/my-way4.png 381w\" sizes=\"(max-width: 245px) 100vw, 245px\" \/><\/p>\n","protected":false},"featured_media":5470,"comment_status":"open","ping_status":"closed","template":"","meta":[],"product_cat":[81],"product_tag":[],"_links":{"self":[{"href":"https:\/\/deeva.website\/fr-tn\/wp-json\/wp\/v2\/product\/5465"}],"collection":[{"href":"https:\/\/deeva.website\/fr-tn\/wp-json\/wp\/v2\/product"}],"about":[{"href":"https:\/\/deeva.website\/fr-tn\/wp-json\/wp\/v2\/types\/product"}],"replies":[{"embeddable":true,"href":"https:\/\/deeva.website\/fr-tn\/wp-json\/wp\/v2\/comments?post=5465"}],"version-history":[{"count":1,"href":"https:\/\/deeva.website\/fr-tn\/wp-json\/wp\/v2\/product\/5465\/revisions"}],"predecessor-version":[{"id":5474,"href":"https:\/\/deeva.website\/fr-tn\/wp-json\/wp\/v2\/product\/5465\/revisions\/5474"}],"wp:featuredmedia":[{"embeddable":true,"href":"https:\/\/deeva.website\/fr-tn\/wp-json\/wp\/v2\/media\/5470"}],"wp:attachment":[{"href":"https:\/\/deeva.website\/fr-tn\/wp-json\/wp\/v2\/media?parent=5465"}],"wp:term":[{"taxonomy":"product_cat","embeddable":true,"href":"https:\/\/deeva.website\/fr-tn\/wp-json\/wp\/v2\/product_cat?post=5465"},{"taxonomy":"product_tag","embeddable":true,"href":"https:\/\/deeva.website\/fr-tn\/wp-json\/wp\/v2\/product_tag?post=5465"}],"curies":[{"name":"wp","href":"https:\/\/api.w.org\/{rel}","templated":true}]}}