{"id":5455,"date":"2025-04-28T00:09:26","date_gmt":"2025-04-27T22:09:26","guid":{"rendered":"https:\/\/deeva.website\/?post_type=product&#038;p=5455"},"modified":"2025-04-28T00:09:26","modified_gmt":"2025-04-27T22:09:26","slug":"giorgio-armani-my-way","status":"publish","type":"product","link":"https:\/\/deeva.website\/fr-tn\/produit\/giorgio-armani-my-way\/","title":{"rendered":"Giorgio Armani My Way"},"content":{"rendered":"<p><strong>My Way 90ml<\/strong> de <em>Giorgio Armani<\/em> est un\u00a0<strong>parfum identique \u00e0 l\u2019original<\/strong>, m\u00eame senteurs, packaging et flacon.<\/p>\n<p>C&#8217;est un eau de parfum Floral pour femme.<\/p>\n<p>Les notes de t\u00eate sont Fleur d&#8217;oranger et Bergamote; les notes de c\u0153ur sont Tub\u00e9reuse et Jasmin d&#8217;Inde; les notes de fond sont Vanille de Madagascar, Musc blanc et C\u00e8dre de Virginie.<\/p>\n<p><img fetchpriority=\"high\" decoding=\"async\" class=\"alignnone size-full wp-image-5460\" src=\"http:\/\/deeva.website\/wp-content\/uploads\/2025\/04\/armanifem3.jpg\" alt=\"\" width=\"225\" height=\"225\" srcset=\"https:\/\/deeva.website\/wp-content\/uploads\/2025\/04\/armanifem3.jpg 225w, https:\/\/deeva.website\/wp-content\/uploads\/2025\/04\/armanifem3-150x150.jpg 150w, https:\/\/deeva.website\/wp-content\/uploads\/2025\/04\/armanifem3-100x100.jpg 100w, https:\/\/deeva.website\/wp-content\/uploads\/2025\/04\/armanifem3-24x24.jpg 24w, https:\/\/deeva.website\/wp-content\/uploads\/2025\/04\/armanifem3-48x48.jpg 48w, https:\/\/deeva.website\/wp-content\/uploads\/2025\/04\/armanifem3-96x96.jpg 96w\" sizes=\"(max-width: 225px) 100vw, 225px\" \/> <img decoding=\"async\" class=\"alignnone size-medium wp-image-5456\" src=\"http:\/\/deeva.website\/wp-content\/uploads\/2025\/04\/armani4-1-222x300.png\" alt=\"\" width=\"222\" height=\"300\" srcset=\"https:\/\/deeva.website\/wp-content\/uploads\/2025\/04\/armani4-1-222x300.png 222w, https:\/\/deeva.website\/wp-content\/uploads\/2025\/04\/armani4-1.png 357w\" sizes=\"(max-width: 222px) 100vw, 222px\" \/><\/p>\n","protected":false},"excerpt":{"rendered":"<p><strong>My Way 90ml<\/strong> de <em>Giorgio Armani<\/em> est un\u00a0<strong>parfum identique \u00e0 l\u2019original<\/strong>, m\u00eame senteurs, packaging et flacon.<\/p>\n<p>C&#8217;est un eau de parfum Floral pour femme.<\/p>\n<p>Les notes de t\u00eate sont Fleur d&#8217;oranger et Bergamote; les notes de c\u0153ur sont Tub\u00e9reuse et Jasmin d&#8217;Inde; les notes de fond sont Vanille de Madagascar, Musc blanc et C\u00e8dre de Virginie.<\/p>\n<p><img fetchpriority=\"high\" decoding=\"async\" class=\"alignnone size-full wp-image-5460\" src=\"http:\/\/deeva.website\/wp-content\/uploads\/2025\/04\/armanifem3.jpg\" alt=\"\" width=\"225\" height=\"225\" srcset=\"https:\/\/deeva.website\/wp-content\/uploads\/2025\/04\/armanifem3.jpg 225w, https:\/\/deeva.website\/wp-content\/uploads\/2025\/04\/armanifem3-150x150.jpg 150w, https:\/\/deeva.website\/wp-content\/uploads\/2025\/04\/armanifem3-100x100.jpg 100w, https:\/\/deeva.website\/wp-content\/uploads\/2025\/04\/armanifem3-24x24.jpg 24w, https:\/\/deeva.website\/wp-content\/uploads\/2025\/04\/armanifem3-48x48.jpg 48w, https:\/\/deeva.website\/wp-content\/uploads\/2025\/04\/armanifem3-96x96.jpg 96w\" sizes=\"(max-width: 225px) 100vw, 225px\" \/> <img decoding=\"async\" class=\"alignnone size-medium wp-image-5456\" src=\"http:\/\/deeva.website\/wp-content\/uploads\/2025\/04\/armani4-1-222x300.png\" alt=\"\" width=\"222\" height=\"300\" srcset=\"https:\/\/deeva.website\/wp-content\/uploads\/2025\/04\/armani4-1-222x300.png 222w, https:\/\/deeva.website\/wp-content\/uploads\/2025\/04\/armani4-1.png 357w\" sizes=\"(max-width: 222px) 100vw, 222px\" \/><\/p>\n","protected":false},"featured_media":5462,"comment_status":"open","ping_status":"closed","template":"","meta":[],"product_cat":[81],"product_tag":[],"_links":{"self":[{"href":"https:\/\/deeva.website\/fr-tn\/wp-json\/wp\/v2\/product\/5455"}],"collection":[{"href":"https:\/\/deeva.website\/fr-tn\/wp-json\/wp\/v2\/product"}],"about":[{"href":"https:\/\/deeva.website\/fr-tn\/wp-json\/wp\/v2\/types\/product"}],"replies":[{"embeddable":true,"href":"https:\/\/deeva.website\/fr-tn\/wp-json\/wp\/v2\/comments?post=5455"}],"version-history":[{"count":1,"href":"https:\/\/deeva.website\/fr-tn\/wp-json\/wp\/v2\/product\/5455\/revisions"}],"predecessor-version":[{"id":5464,"href":"https:\/\/deeva.website\/fr-tn\/wp-json\/wp\/v2\/product\/5455\/revisions\/5464"}],"wp:featuredmedia":[{"embeddable":true,"href":"https:\/\/deeva.website\/fr-tn\/wp-json\/wp\/v2\/media\/5462"}],"wp:attachment":[{"href":"https:\/\/deeva.website\/fr-tn\/wp-json\/wp\/v2\/media?parent=5455"}],"wp:term":[{"taxonomy":"product_cat","embeddable":true,"href":"https:\/\/deeva.website\/fr-tn\/wp-json\/wp\/v2\/product_cat?post=5455"},{"taxonomy":"product_tag","embeddable":true,"href":"https:\/\/deeva.website\/fr-tn\/wp-json\/wp\/v2\/product_tag?post=5455"}],"curies":[{"name":"wp","href":"https:\/\/api.w.org\/{rel}","templated":true}]}}