{"id":5444,"date":"2025-04-28T00:02:07","date_gmt":"2025-04-27T22:02:07","guid":{"rendered":"https:\/\/deeva.website\/?post_type=product&#038;p=5444"},"modified":"2025-04-28T00:02:07","modified_gmt":"2025-04-27T22:02:07","slug":"mancera-roses-vanille","status":"publish","type":"product","link":"https:\/\/deeva.website\/fr-tn\/produit\/mancera-roses-vanille\/","title":{"rendered":"Mancera Roses Vanille"},"content":{"rendered":"<p><strong>Roses Vanille 120ml<\/strong> de <em>Mancera<\/em> est un\u00a0<strong>parfum identique \u00e0 l\u2019original<\/strong>, m\u00eame senteurs, packaging et flacon.<\/p>\n<p>C&#8217;est un eau de parfum Orientale Vanill\u00e9 pour femme.<\/p>\n<p>La note de t\u00eate est Citron d&#8217;Italie; la note de c\u0153ur est Rose de Turquie; les notes de fond sont Vanille, Musc blanc et C\u00e8dre.<\/p>\n<p><img fetchpriority=\"high\" decoding=\"async\" class=\"alignnone size-medium wp-image-5451\" src=\"http:\/\/deeva.website\/wp-content\/uploads\/2025\/04\/rosevanille4-239x300.png\" alt=\"\" width=\"239\" height=\"300\" srcset=\"https:\/\/deeva.website\/wp-content\/uploads\/2025\/04\/rosevanille4-239x300.png 239w, https:\/\/deeva.website\/wp-content\/uploads\/2025\/04\/rosevanille4.png 351w\" sizes=\"(max-width: 239px) 100vw, 239px\" \/> <img decoding=\"async\" class=\"alignnone size-medium wp-image-5449\" src=\"http:\/\/deeva.website\/wp-content\/uploads\/2025\/04\/rosevanille3-200x300.jpg\" alt=\"\" width=\"200\" height=\"300\" srcset=\"https:\/\/deeva.website\/wp-content\/uploads\/2025\/04\/rosevanille3-200x300.jpg 200w, https:\/\/deeva.website\/wp-content\/uploads\/2025\/04\/rosevanille3-683x1024.jpg 683w, https:\/\/deeva.website\/wp-content\/uploads\/2025\/04\/rosevanille3-768x1151.jpg 768w, https:\/\/deeva.website\/wp-content\/uploads\/2025\/04\/rosevanille3-1025x1536.jpg 1025w, https:\/\/deeva.website\/wp-content\/uploads\/2025\/04\/rosevanille3-1366x2048.jpg 1366w, https:\/\/deeva.website\/wp-content\/uploads\/2025\/04\/rosevanille3-600x899.jpg 600w, https:\/\/deeva.website\/wp-content\/uploads\/2025\/04\/rosevanille3.jpg 1708w\" sizes=\"(max-width: 200px) 100vw, 200px\" \/><\/p>\n","protected":false},"excerpt":{"rendered":"<p><strong>Roses Vanille 120ml<\/strong> de <em>Mancera<\/em> est un\u00a0<strong>parfum identique \u00e0 l\u2019original<\/strong>, m\u00eame senteurs, packaging et flacon.<\/p>\n<p>C&#8217;est un eau de parfum Orientale Vanill\u00e9 pour femme.<\/p>\n<p>La note de t\u00eate est Citron d&#8217;Italie; la note de c\u0153ur est Rose de Turquie; les notes de fond sont Vanille, Musc blanc et C\u00e8dre.<\/p>\n<p><img fetchpriority=\"high\" decoding=\"async\" class=\"alignnone size-medium wp-image-5451\" src=\"http:\/\/deeva.website\/wp-content\/uploads\/2025\/04\/rosevanille4-239x300.png\" alt=\"\" width=\"239\" height=\"300\" srcset=\"https:\/\/deeva.website\/wp-content\/uploads\/2025\/04\/rosevanille4-239x300.png 239w, https:\/\/deeva.website\/wp-content\/uploads\/2025\/04\/rosevanille4.png 351w\" sizes=\"(max-width: 239px) 100vw, 239px\" \/> <img decoding=\"async\" class=\"alignnone size-medium wp-image-5449\" src=\"http:\/\/deeva.website\/wp-content\/uploads\/2025\/04\/rosevanille3-200x300.jpg\" alt=\"\" width=\"200\" height=\"300\" srcset=\"https:\/\/deeva.website\/wp-content\/uploads\/2025\/04\/rosevanille3-200x300.jpg 200w, https:\/\/deeva.website\/wp-content\/uploads\/2025\/04\/rosevanille3-683x1024.jpg 683w, https:\/\/deeva.website\/wp-content\/uploads\/2025\/04\/rosevanille3-768x1151.jpg 768w, https:\/\/deeva.website\/wp-content\/uploads\/2025\/04\/rosevanille3-1025x1536.jpg 1025w, https:\/\/deeva.website\/wp-content\/uploads\/2025\/04\/rosevanille3-1366x2048.jpg 1366w, https:\/\/deeva.website\/wp-content\/uploads\/2025\/04\/rosevanille3-600x899.jpg 600w, https:\/\/deeva.website\/wp-content\/uploads\/2025\/04\/rosevanille3.jpg 1708w\" sizes=\"(max-width: 200px) 100vw, 200px\" \/><\/p>\n","protected":false},"featured_media":5447,"comment_status":"open","ping_status":"closed","template":"","meta":[],"product_cat":[81],"product_tag":[],"_links":{"self":[{"href":"https:\/\/deeva.website\/fr-tn\/wp-json\/wp\/v2\/product\/5444"}],"collection":[{"href":"https:\/\/deeva.website\/fr-tn\/wp-json\/wp\/v2\/product"}],"about":[{"href":"https:\/\/deeva.website\/fr-tn\/wp-json\/wp\/v2\/types\/product"}],"replies":[{"embeddable":true,"href":"https:\/\/deeva.website\/fr-tn\/wp-json\/wp\/v2\/comments?post=5444"}],"version-history":[{"count":1,"href":"https:\/\/deeva.website\/fr-tn\/wp-json\/wp\/v2\/product\/5444\/revisions"}],"predecessor-version":[{"id":5453,"href":"https:\/\/deeva.website\/fr-tn\/wp-json\/wp\/v2\/product\/5444\/revisions\/5453"}],"wp:featuredmedia":[{"embeddable":true,"href":"https:\/\/deeva.website\/fr-tn\/wp-json\/wp\/v2\/media\/5447"}],"wp:attachment":[{"href":"https:\/\/deeva.website\/fr-tn\/wp-json\/wp\/v2\/media?parent=5444"}],"wp:term":[{"taxonomy":"product_cat","embeddable":true,"href":"https:\/\/deeva.website\/fr-tn\/wp-json\/wp\/v2\/product_cat?post=5444"},{"taxonomy":"product_tag","embeddable":true,"href":"https:\/\/deeva.website\/fr-tn\/wp-json\/wp\/v2\/product_tag?post=5444"}],"curies":[{"name":"wp","href":"https:\/\/api.w.org\/{rel}","templated":true}]}}