{"id":5432,"date":"2025-04-27T23:55:55","date_gmt":"2025-04-27T21:55:55","guid":{"rendered":"https:\/\/deeva.website\/?post_type=product&#038;p=5432"},"modified":"2025-04-28T00:02:48","modified_gmt":"2025-04-27T22:02:48","slug":"coco-vanille-mancera","status":"publish","type":"product","link":"https:\/\/deeva.website\/fr-tn\/produit\/coco-vanille-mancera\/","title":{"rendered":"Mancera Coco Vanille"},"content":{"rendered":"<p><strong>Coco Vanille 60ml<\/strong> de <em>Mancera<\/em> est un\u00a0<strong>parfum identique \u00e0 l\u2019original<\/strong>, m\u00eame senteurs, packaging et flacon.<\/p>\n<p>C&#8217;est un eau de\u00a0 parfum Orientale Vanill\u00e9 pour femme.<\/p>\n<p>Les notes de t\u00eate sont Noix de Coco et P\u00eache blanche; les notes de c\u0153ur sont Fleur de tiar\u00e9, Ylang-ylang et Jasmin; les notes de fond sont Vanille de Madagascar, Musc blanc et Notes bois\u00e9es.<\/p>\n<p><img fetchpriority=\"high\" decoding=\"async\" class=\"alignnone size-medium wp-image-5437\" src=\"http:\/\/deeva.website\/wp-content\/uploads\/2025\/04\/mancera3-245x300.png\" alt=\"\" width=\"245\" height=\"300\" srcset=\"https:\/\/deeva.website\/wp-content\/uploads\/2025\/04\/mancera3-245x300.png 245w, https:\/\/deeva.website\/wp-content\/uploads\/2025\/04\/mancera3.png 381w\" sizes=\"(max-width: 245px) 100vw, 245px\" \/> <img decoding=\"async\" class=\"alignnone size-medium wp-image-5439\" src=\"http:\/\/deeva.website\/wp-content\/uploads\/2025\/04\/mancera4-300x260.jpg\" alt=\"\" width=\"300\" height=\"260\" srcset=\"https:\/\/deeva.website\/wp-content\/uploads\/2025\/04\/mancera4-300x260.jpg 300w, https:\/\/deeva.website\/wp-content\/uploads\/2025\/04\/mancera4-768x666.jpg 768w, https:\/\/deeva.website\/wp-content\/uploads\/2025\/04\/mancera4-600x520.jpg 600w, https:\/\/deeva.website\/wp-content\/uploads\/2025\/04\/mancera4.jpg 980w\" sizes=\"(max-width: 300px) 100vw, 300px\" \/><\/p>\n","protected":false},"excerpt":{"rendered":"<p><strong>Coco Vanille 60ml<\/strong> de <em>Mancera<\/em> est un\u00a0<strong>parfum identique \u00e0 l\u2019original<\/strong>, m\u00eame senteurs, packaging et flacon.<\/p>\n<p>C&#8217;est un eau de\u00a0 parfum Orientale Vanill\u00e9 pour femme.<\/p>\n<p>Les notes de t\u00eate sont Noix de Coco et P\u00eache blanche; les notes de c\u0153ur sont Fleur de tiar\u00e9, Ylang-ylang et Jasmin; les notes de fond sont Vanille de Madagascar, Musc blanc et Notes bois\u00e9es.<\/p>\n<p><img fetchpriority=\"high\" decoding=\"async\" class=\"alignnone size-medium wp-image-5437\" src=\"http:\/\/deeva.website\/wp-content\/uploads\/2025\/04\/mancera3-245x300.png\" alt=\"\" width=\"245\" height=\"300\" srcset=\"https:\/\/deeva.website\/wp-content\/uploads\/2025\/04\/mancera3-245x300.png 245w, https:\/\/deeva.website\/wp-content\/uploads\/2025\/04\/mancera3.png 381w\" sizes=\"(max-width: 245px) 100vw, 245px\" \/> <img decoding=\"async\" class=\"alignnone size-medium wp-image-5439\" src=\"http:\/\/deeva.website\/wp-content\/uploads\/2025\/04\/mancera4-300x260.jpg\" alt=\"\" width=\"300\" height=\"260\" srcset=\"https:\/\/deeva.website\/wp-content\/uploads\/2025\/04\/mancera4-300x260.jpg 300w, https:\/\/deeva.website\/wp-content\/uploads\/2025\/04\/mancera4-768x666.jpg 768w, https:\/\/deeva.website\/wp-content\/uploads\/2025\/04\/mancera4-600x520.jpg 600w, https:\/\/deeva.website\/wp-content\/uploads\/2025\/04\/mancera4.jpg 980w\" sizes=\"(max-width: 300px) 100vw, 300px\" \/><\/p>\n","protected":false},"featured_media":5433,"comment_status":"open","ping_status":"closed","template":"","meta":[],"product_cat":[81],"product_tag":[],"_links":{"self":[{"href":"https:\/\/deeva.website\/fr-tn\/wp-json\/wp\/v2\/product\/5432"}],"collection":[{"href":"https:\/\/deeva.website\/fr-tn\/wp-json\/wp\/v2\/product"}],"about":[{"href":"https:\/\/deeva.website\/fr-tn\/wp-json\/wp\/v2\/types\/product"}],"replies":[{"embeddable":true,"href":"https:\/\/deeva.website\/fr-tn\/wp-json\/wp\/v2\/comments?post=5432"}],"version-history":[{"count":2,"href":"https:\/\/deeva.website\/fr-tn\/wp-json\/wp\/v2\/product\/5432\/revisions"}],"predecessor-version":[{"id":5454,"href":"https:\/\/deeva.website\/fr-tn\/wp-json\/wp\/v2\/product\/5432\/revisions\/5454"}],"wp:featuredmedia":[{"embeddable":true,"href":"https:\/\/deeva.website\/fr-tn\/wp-json\/wp\/v2\/media\/5433"}],"wp:attachment":[{"href":"https:\/\/deeva.website\/fr-tn\/wp-json\/wp\/v2\/media?parent=5432"}],"wp:term":[{"taxonomy":"product_cat","embeddable":true,"href":"https:\/\/deeva.website\/fr-tn\/wp-json\/wp\/v2\/product_cat?post=5432"},{"taxonomy":"product_tag","embeddable":true,"href":"https:\/\/deeva.website\/fr-tn\/wp-json\/wp\/v2\/product_tag?post=5432"}],"curies":[{"name":"wp","href":"https:\/\/api.w.org\/{rel}","templated":true}]}}