{"id":5419,"date":"2025-04-27T23:46:58","date_gmt":"2025-04-27T21:46:58","guid":{"rendered":"https:\/\/deeva.website\/?post_type=product&#038;p=5419"},"modified":"2025-04-27T23:46:58","modified_gmt":"2025-04-27T21:46:58","slug":"my-burberry-black","status":"publish","type":"product","link":"https:\/\/deeva.website\/fr-tn\/produit\/my-burberry-black\/","title":{"rendered":"My Burberry Black"},"content":{"rendered":"<p><strong>My Burberry Black 90ml<\/strong> de <em>Burberry<\/em> est un\u00a0<strong>parfum identique \u00e0 l\u2019original<\/strong>, m\u00eame senteurs, packaging et flacon.<\/p>\n<p>C&#8217;est un eau de parfum Orientale Floral pour femme.<\/p>\n<p>La note de t\u00eate est Jasmin; les notes de c\u0153ur sont P\u00eache et Rose; les notes de fond sont Ambre et Patchouli.<\/p>\n<p><img fetchpriority=\"high\" decoding=\"async\" class=\"alignnone size-medium wp-image-5426\" src=\"http:\/\/deeva.website\/wp-content\/uploads\/2025\/04\/black4-300x300.jpg\" alt=\"\" width=\"300\" height=\"300\" srcset=\"https:\/\/deeva.website\/wp-content\/uploads\/2025\/04\/black4-300x300.jpg 300w, https:\/\/deeva.website\/wp-content\/uploads\/2025\/04\/black4-150x150.jpg 150w, https:\/\/deeva.website\/wp-content\/uploads\/2025\/04\/black4-768x768.jpg 768w, https:\/\/deeva.website\/wp-content\/uploads\/2025\/04\/black4-400x400.jpg 400w, https:\/\/deeva.website\/wp-content\/uploads\/2025\/04\/black4-600x600.jpg 600w, https:\/\/deeva.website\/wp-content\/uploads\/2025\/04\/black4-100x100.jpg 100w, https:\/\/deeva.website\/wp-content\/uploads\/2025\/04\/black4-24x24.jpg 24w, https:\/\/deeva.website\/wp-content\/uploads\/2025\/04\/black4-48x48.jpg 48w, https:\/\/deeva.website\/wp-content\/uploads\/2025\/04\/black4-96x96.jpg 96w, https:\/\/deeva.website\/wp-content\/uploads\/2025\/04\/black4.jpg 1000w\" sizes=\"(max-width: 300px) 100vw, 300px\" \/> <img decoding=\"async\" class=\"alignnone size-medium wp-image-5428\" src=\"http:\/\/deeva.website\/wp-content\/uploads\/2025\/04\/black5-230x300.png\" alt=\"\" width=\"230\" height=\"300\" srcset=\"https:\/\/deeva.website\/wp-content\/uploads\/2025\/04\/black5-230x300.png 230w, https:\/\/deeva.website\/wp-content\/uploads\/2025\/04\/black5.png 354w\" sizes=\"(max-width: 230px) 100vw, 230px\" \/><\/p>\n","protected":false},"excerpt":{"rendered":"<p><strong>My Burberry Black 90ml<\/strong> de <em>Burberry<\/em> est un\u00a0<strong>parfum identique \u00e0 l\u2019original<\/strong>, m\u00eame senteurs, packaging et flacon.<\/p>\n<p>C&#8217;est un eau de parfum Orientale Floral pour femme.<\/p>\n<p>La note de t\u00eate est Jasmin; les notes de c\u0153ur sont P\u00eache et Rose; les notes de fond sont Ambre et Patchouli.<\/p>\n<p><img fetchpriority=\"high\" decoding=\"async\" class=\"alignnone size-medium wp-image-5426\" src=\"http:\/\/deeva.website\/wp-content\/uploads\/2025\/04\/black4-300x300.jpg\" alt=\"\" width=\"300\" height=\"300\" srcset=\"https:\/\/deeva.website\/wp-content\/uploads\/2025\/04\/black4-300x300.jpg 300w, https:\/\/deeva.website\/wp-content\/uploads\/2025\/04\/black4-150x150.jpg 150w, https:\/\/deeva.website\/wp-content\/uploads\/2025\/04\/black4-768x768.jpg 768w, https:\/\/deeva.website\/wp-content\/uploads\/2025\/04\/black4-400x400.jpg 400w, https:\/\/deeva.website\/wp-content\/uploads\/2025\/04\/black4-600x600.jpg 600w, https:\/\/deeva.website\/wp-content\/uploads\/2025\/04\/black4-100x100.jpg 100w, https:\/\/deeva.website\/wp-content\/uploads\/2025\/04\/black4-24x24.jpg 24w, https:\/\/deeva.website\/wp-content\/uploads\/2025\/04\/black4-48x48.jpg 48w, https:\/\/deeva.website\/wp-content\/uploads\/2025\/04\/black4-96x96.jpg 96w, https:\/\/deeva.website\/wp-content\/uploads\/2025\/04\/black4.jpg 1000w\" sizes=\"(max-width: 300px) 100vw, 300px\" \/> <img decoding=\"async\" class=\"alignnone size-medium wp-image-5428\" src=\"http:\/\/deeva.website\/wp-content\/uploads\/2025\/04\/black5-230x300.png\" alt=\"\" width=\"230\" height=\"300\" srcset=\"https:\/\/deeva.website\/wp-content\/uploads\/2025\/04\/black5-230x300.png 230w, https:\/\/deeva.website\/wp-content\/uploads\/2025\/04\/black5.png 354w\" sizes=\"(max-width: 230px) 100vw, 230px\" \/><\/p>\n","protected":false},"featured_media":5422,"comment_status":"open","ping_status":"closed","template":"","meta":[],"product_cat":[81],"product_tag":[],"_links":{"self":[{"href":"https:\/\/deeva.website\/fr-tn\/wp-json\/wp\/v2\/product\/5419"}],"collection":[{"href":"https:\/\/deeva.website\/fr-tn\/wp-json\/wp\/v2\/product"}],"about":[{"href":"https:\/\/deeva.website\/fr-tn\/wp-json\/wp\/v2\/types\/product"}],"replies":[{"embeddable":true,"href":"https:\/\/deeva.website\/fr-tn\/wp-json\/wp\/v2\/comments?post=5419"}],"version-history":[{"count":1,"href":"https:\/\/deeva.website\/fr-tn\/wp-json\/wp\/v2\/product\/5419\/revisions"}],"predecessor-version":[{"id":5430,"href":"https:\/\/deeva.website\/fr-tn\/wp-json\/wp\/v2\/product\/5419\/revisions\/5430"}],"wp:featuredmedia":[{"embeddable":true,"href":"https:\/\/deeva.website\/fr-tn\/wp-json\/wp\/v2\/media\/5422"}],"wp:attachment":[{"href":"https:\/\/deeva.website\/fr-tn\/wp-json\/wp\/v2\/media?parent=5419"}],"wp:term":[{"taxonomy":"product_cat","embeddable":true,"href":"https:\/\/deeva.website\/fr-tn\/wp-json\/wp\/v2\/product_cat?post=5419"},{"taxonomy":"product_tag","embeddable":true,"href":"https:\/\/deeva.website\/fr-tn\/wp-json\/wp\/v2\/product_tag?post=5419"}],"curies":[{"name":"wp","href":"https:\/\/api.w.org\/{rel}","templated":true}]}}