{"id":5407,"date":"2025-04-27T23:39:31","date_gmt":"2025-04-27T21:39:31","guid":{"rendered":"https:\/\/deeva.website\/?post_type=product&#038;p=5407"},"modified":"2025-04-27T23:47:53","modified_gmt":"2025-04-27T21:47:53","slug":"5407","status":"publish","type":"product","link":"https:\/\/deeva.website\/fr-tn\/produit\/5407\/","title":{"rendered":"My Burberry"},"content":{"rendered":"<p><strong>My Burberry 90ml<\/strong> de <em>Burberry<\/em> est un\u00a0<strong>parfum identique \u00e0 l\u2019original<\/strong>, m\u00eame senteurs, packaging et flacon.<\/p>\n<p>C&#8217;est un eau de parfum Floral pour femme.<\/p>\n<p>Les notes de t\u00eate sont Pois de senteur, Bergamote, Mandarine, Pamplemousse et Citron; les notes de c\u0153ur sont Coing, Freesia, G\u00e9ranium, P\u00eache, Notes vertes, Gard\u00e9nia et Fruit de la passion; les notes de fond sont Rose de Damas, Rose, Patchouli, Musc, Cuir et Violette.<\/p>\n<p><img fetchpriority=\"high\" decoding=\"async\" class=\"alignnone size-full wp-image-5410\" src=\"http:\/\/deeva.website\/wp-content\/uploads\/2025\/04\/b2.jpg\" alt=\"\" width=\"194\" height=\"259\" \/> <img decoding=\"async\" class=\"alignnone size-medium wp-image-5416\" src=\"http:\/\/deeva.website\/wp-content\/uploads\/2025\/04\/b5-255x300.png\" alt=\"\" width=\"255\" height=\"300\" srcset=\"https:\/\/deeva.website\/wp-content\/uploads\/2025\/04\/b5-255x300.png 255w, https:\/\/deeva.website\/wp-content\/uploads\/2025\/04\/b5.png 367w\" sizes=\"(max-width: 255px) 100vw, 255px\" \/><\/p>\n","protected":false},"excerpt":{"rendered":"<p><strong>My Burberry 90ml<\/strong> de <em>Burberry<\/em> est un\u00a0<strong>parfum identique \u00e0 l\u2019original<\/strong>, m\u00eame senteurs, packaging et flacon.<\/p>\n<p>C&#8217;est un eau de parfum Floral pour femme.<\/p>\n<p>Les notes de t\u00eate sont Pois de senteur, Bergamote, Mandarine, Pamplemousse et Citron; les notes de c\u0153ur sont Coing, Freesia, G\u00e9ranium, P\u00eache, Notes vertes, Gard\u00e9nia et Fruit de la passion; les notes de fond sont Rose de Damas, Rose, Patchouli, Musc, Cuir et Violette.<\/p>\n<p><img fetchpriority=\"high\" decoding=\"async\" class=\"alignnone size-full wp-image-5410\" src=\"http:\/\/deeva.website\/wp-content\/uploads\/2025\/04\/b2.jpg\" alt=\"\" width=\"194\" height=\"259\" \/> <img decoding=\"async\" class=\"alignnone size-medium wp-image-5416\" src=\"http:\/\/deeva.website\/wp-content\/uploads\/2025\/04\/b5-255x300.png\" alt=\"\" width=\"255\" height=\"300\" srcset=\"https:\/\/deeva.website\/wp-content\/uploads\/2025\/04\/b5-255x300.png 255w, https:\/\/deeva.website\/wp-content\/uploads\/2025\/04\/b5.png 367w\" sizes=\"(max-width: 255px) 100vw, 255px\" \/><\/p>\n","protected":false},"featured_media":5408,"comment_status":"open","ping_status":"closed","template":"","meta":[],"product_cat":[81],"product_tag":[],"_links":{"self":[{"href":"https:\/\/deeva.website\/fr-tn\/wp-json\/wp\/v2\/product\/5407"}],"collection":[{"href":"https:\/\/deeva.website\/fr-tn\/wp-json\/wp\/v2\/product"}],"about":[{"href":"https:\/\/deeva.website\/fr-tn\/wp-json\/wp\/v2\/types\/product"}],"replies":[{"embeddable":true,"href":"https:\/\/deeva.website\/fr-tn\/wp-json\/wp\/v2\/comments?post=5407"}],"version-history":[{"count":2,"href":"https:\/\/deeva.website\/fr-tn\/wp-json\/wp\/v2\/product\/5407\/revisions"}],"predecessor-version":[{"id":5431,"href":"https:\/\/deeva.website\/fr-tn\/wp-json\/wp\/v2\/product\/5407\/revisions\/5431"}],"wp:featuredmedia":[{"embeddable":true,"href":"https:\/\/deeva.website\/fr-tn\/wp-json\/wp\/v2\/media\/5408"}],"wp:attachment":[{"href":"https:\/\/deeva.website\/fr-tn\/wp-json\/wp\/v2\/media?parent=5407"}],"wp:term":[{"taxonomy":"product_cat","embeddable":true,"href":"https:\/\/deeva.website\/fr-tn\/wp-json\/wp\/v2\/product_cat?post=5407"},{"taxonomy":"product_tag","embeddable":true,"href":"https:\/\/deeva.website\/fr-tn\/wp-json\/wp\/v2\/product_tag?post=5407"}],"curies":[{"name":"wp","href":"https:\/\/api.w.org\/{rel}","templated":true}]}}