{"id":5381,"date":"2025-04-27T23:18:29","date_gmt":"2025-04-27T21:18:29","guid":{"rendered":"https:\/\/deeva.website\/?post_type=product&#038;p=5381"},"modified":"2025-04-27T23:18:29","modified_gmt":"2025-04-27T21:18:29","slug":"burberry-her-elixir-de-parfum","status":"publish","type":"product","link":"https:\/\/deeva.website\/fr-tn\/produit\/burberry-her-elixir-de-parfum\/","title":{"rendered":"Burberry Her Elixir de Parfum"},"content":{"rendered":"<p><strong>Burberry Her Elixir de Parfum 100ml<\/strong> de <em>Burberry<\/em> est un\u00a0<strong>parfum identique \u00e0 l\u2019original<\/strong>, m\u00eame senteurs, packaging et flacon.<\/p>\n<p>C&#8217;est un parfum pour femme.<\/p>\n<p>Les notes de t\u00eate sont Fraise et M\u00fbre; la note de c\u0153ur est Jasmin; les notes de fond sont Vanille, Ambre et Bois de santal.<\/p>\n<p><img fetchpriority=\"high\" decoding=\"async\" class=\"alignnone size-medium wp-image-5382\" src=\"http:\/\/deeva.website\/wp-content\/uploads\/2025\/04\/berbery1-273x300.png\" alt=\"\" width=\"273\" height=\"300\" srcset=\"https:\/\/deeva.website\/wp-content\/uploads\/2025\/04\/berbery1-273x300.png 273w, https:\/\/deeva.website\/wp-content\/uploads\/2025\/04\/berbery1.png 379w\" sizes=\"(max-width: 273px) 100vw, 273px\" \/> <img decoding=\"async\" class=\"alignnone size-full wp-image-5390\" src=\"http:\/\/deeva.website\/wp-content\/uploads\/2025\/04\/berbery5.jpg\" alt=\"\" width=\"203\" height=\"248\" \/><\/p>\n","protected":false},"excerpt":{"rendered":"<p><strong>Burberry Her Elixir de Parfum 100ml<\/strong> de <em>Burberry<\/em> est un\u00a0<strong>parfum identique \u00e0 l\u2019original<\/strong>, m\u00eame senteurs, packaging et flacon.<\/p>\n<p>C&#8217;est un parfum pour femme.<\/p>\n<p>Les notes de t\u00eate sont Fraise et M\u00fbre; la note de c\u0153ur est Jasmin; les notes de fond sont Vanille, Ambre et Bois de santal.<\/p>\n<p><img fetchpriority=\"high\" decoding=\"async\" class=\"alignnone size-medium wp-image-5382\" src=\"http:\/\/deeva.website\/wp-content\/uploads\/2025\/04\/berbery1-273x300.png\" alt=\"\" width=\"273\" height=\"300\" srcset=\"https:\/\/deeva.website\/wp-content\/uploads\/2025\/04\/berbery1-273x300.png 273w, https:\/\/deeva.website\/wp-content\/uploads\/2025\/04\/berbery1.png 379w\" sizes=\"(max-width: 273px) 100vw, 273px\" \/> <img decoding=\"async\" class=\"alignnone size-full wp-image-5390\" src=\"http:\/\/deeva.website\/wp-content\/uploads\/2025\/04\/berbery5.jpg\" alt=\"\" width=\"203\" height=\"248\" \/><\/p>\n","protected":false},"featured_media":5388,"comment_status":"open","ping_status":"closed","template":"","meta":[],"product_cat":[81],"product_tag":[],"_links":{"self":[{"href":"https:\/\/deeva.website\/fr-tn\/wp-json\/wp\/v2\/product\/5381"}],"collection":[{"href":"https:\/\/deeva.website\/fr-tn\/wp-json\/wp\/v2\/product"}],"about":[{"href":"https:\/\/deeva.website\/fr-tn\/wp-json\/wp\/v2\/types\/product"}],"replies":[{"embeddable":true,"href":"https:\/\/deeva.website\/fr-tn\/wp-json\/wp\/v2\/comments?post=5381"}],"version-history":[{"count":1,"href":"https:\/\/deeva.website\/fr-tn\/wp-json\/wp\/v2\/product\/5381\/revisions"}],"predecessor-version":[{"id":5392,"href":"https:\/\/deeva.website\/fr-tn\/wp-json\/wp\/v2\/product\/5381\/revisions\/5392"}],"wp:featuredmedia":[{"embeddable":true,"href":"https:\/\/deeva.website\/fr-tn\/wp-json\/wp\/v2\/media\/5388"}],"wp:attachment":[{"href":"https:\/\/deeva.website\/fr-tn\/wp-json\/wp\/v2\/media?parent=5381"}],"wp:term":[{"taxonomy":"product_cat","embeddable":true,"href":"https:\/\/deeva.website\/fr-tn\/wp-json\/wp\/v2\/product_cat?post=5381"},{"taxonomy":"product_tag","embeddable":true,"href":"https:\/\/deeva.website\/fr-tn\/wp-json\/wp\/v2\/product_tag?post=5381"}],"curies":[{"name":"wp","href":"https:\/\/api.w.org\/{rel}","templated":true}]}}