{"id":5367,"date":"2025-04-27T23:09:54","date_gmt":"2025-04-27T21:09:54","guid":{"rendered":"https:\/\/deeva.website\/?post_type=product&#038;p=5367"},"modified":"2025-04-27T23:09:54","modified_gmt":"2025-04-27T21:09:54","slug":"valentina-pink","status":"publish","type":"product","link":"https:\/\/deeva.website\/fr-tn\/produit\/valentina-pink\/","title":{"rendered":"Valentina Pink"},"content":{"rendered":"<p><strong>Valentina Pink 80ml<\/strong> de <em>Valentino<\/em> est un\u00a0<strong>parfum identique \u00e0 l\u2019original<\/strong>, m\u00eame senteurs, packaging et flacon.<\/p>\n<p>C&#8217;est un eau de parfum Floral Fruit\u00e9 Gourmand pour femme.<\/p>\n<p>Les notes de t\u00eate sont Fraise, M\u00fbre et Musc; les notes de c\u0153ur sont Rose de Mai, Rose et Pivoine; les notes de fond sont Pralin\u00e9, Ambre et Bois de cachemire.<\/p>\n<p><img fetchpriority=\"high\" decoding=\"async\" class=\"alignnone size-medium wp-image-5376\" src=\"http:\/\/deeva.website\/wp-content\/uploads\/2025\/04\/valentino5-300x284.png\" alt=\"\" width=\"300\" height=\"284\" srcset=\"https:\/\/deeva.website\/wp-content\/uploads\/2025\/04\/valentino5-300x284.png 300w, https:\/\/deeva.website\/wp-content\/uploads\/2025\/04\/valentino5-24x24.png 24w, https:\/\/deeva.website\/wp-content\/uploads\/2025\/04\/valentino5.png 379w\" sizes=\"(max-width: 300px) 100vw, 300px\" \/> <img decoding=\"async\" class=\"alignnone size-full wp-image-5370\" src=\"http:\/\/deeva.website\/wp-content\/uploads\/2025\/04\/valentino2.jpg\" alt=\"\" width=\"225\" height=\"225\" srcset=\"https:\/\/deeva.website\/wp-content\/uploads\/2025\/04\/valentino2.jpg 225w, https:\/\/deeva.website\/wp-content\/uploads\/2025\/04\/valentino2-150x150.jpg 150w, https:\/\/deeva.website\/wp-content\/uploads\/2025\/04\/valentino2-100x100.jpg 100w, https:\/\/deeva.website\/wp-content\/uploads\/2025\/04\/valentino2-24x24.jpg 24w, https:\/\/deeva.website\/wp-content\/uploads\/2025\/04\/valentino2-48x48.jpg 48w, https:\/\/deeva.website\/wp-content\/uploads\/2025\/04\/valentino2-96x96.jpg 96w\" sizes=\"(max-width: 225px) 100vw, 225px\" \/><\/p>\n","protected":false},"excerpt":{"rendered":"<p><strong>Valentina Pink 80ml<\/strong> de <em>Valentino<\/em> est un\u00a0<strong>parfum identique \u00e0 l\u2019original<\/strong>, m\u00eame senteurs, packaging et flacon.<\/p>\n<p>C&#8217;est un eau de parfum Floral Fruit\u00e9 Gourmand pour femme.<\/p>\n<p>Les notes de t\u00eate sont Fraise, M\u00fbre et Musc; les notes de c\u0153ur sont Rose de Mai, Rose et Pivoine; les notes de fond sont Pralin\u00e9, Ambre et Bois de cachemire.<\/p>\n<p><img fetchpriority=\"high\" decoding=\"async\" class=\"alignnone size-medium wp-image-5376\" src=\"http:\/\/deeva.website\/wp-content\/uploads\/2025\/04\/valentino5-300x284.png\" alt=\"\" width=\"300\" height=\"284\" srcset=\"https:\/\/deeva.website\/wp-content\/uploads\/2025\/04\/valentino5-300x284.png 300w, https:\/\/deeva.website\/wp-content\/uploads\/2025\/04\/valentino5-24x24.png 24w, https:\/\/deeva.website\/wp-content\/uploads\/2025\/04\/valentino5.png 379w\" sizes=\"(max-width: 300px) 100vw, 300px\" \/> <img decoding=\"async\" class=\"alignnone size-full wp-image-5370\" src=\"http:\/\/deeva.website\/wp-content\/uploads\/2025\/04\/valentino2.jpg\" alt=\"\" width=\"225\" height=\"225\" srcset=\"https:\/\/deeva.website\/wp-content\/uploads\/2025\/04\/valentino2.jpg 225w, https:\/\/deeva.website\/wp-content\/uploads\/2025\/04\/valentino2-150x150.jpg 150w, https:\/\/deeva.website\/wp-content\/uploads\/2025\/04\/valentino2-100x100.jpg 100w, https:\/\/deeva.website\/wp-content\/uploads\/2025\/04\/valentino2-24x24.jpg 24w, https:\/\/deeva.website\/wp-content\/uploads\/2025\/04\/valentino2-48x48.jpg 48w, https:\/\/deeva.website\/wp-content\/uploads\/2025\/04\/valentino2-96x96.jpg 96w\" sizes=\"(max-width: 225px) 100vw, 225px\" \/><\/p>\n","protected":false},"featured_media":5378,"comment_status":"open","ping_status":"closed","template":"","meta":[],"product_cat":[81],"product_tag":[],"_links":{"self":[{"href":"https:\/\/deeva.website\/fr-tn\/wp-json\/wp\/v2\/product\/5367"}],"collection":[{"href":"https:\/\/deeva.website\/fr-tn\/wp-json\/wp\/v2\/product"}],"about":[{"href":"https:\/\/deeva.website\/fr-tn\/wp-json\/wp\/v2\/types\/product"}],"replies":[{"embeddable":true,"href":"https:\/\/deeva.website\/fr-tn\/wp-json\/wp\/v2\/comments?post=5367"}],"version-history":[{"count":1,"href":"https:\/\/deeva.website\/fr-tn\/wp-json\/wp\/v2\/product\/5367\/revisions"}],"predecessor-version":[{"id":5380,"href":"https:\/\/deeva.website\/fr-tn\/wp-json\/wp\/v2\/product\/5367\/revisions\/5380"}],"wp:featuredmedia":[{"embeddable":true,"href":"https:\/\/deeva.website\/fr-tn\/wp-json\/wp\/v2\/media\/5378"}],"wp:attachment":[{"href":"https:\/\/deeva.website\/fr-tn\/wp-json\/wp\/v2\/media?parent=5367"}],"wp:term":[{"taxonomy":"product_cat","embeddable":true,"href":"https:\/\/deeva.website\/fr-tn\/wp-json\/wp\/v2\/product_cat?post=5367"},{"taxonomy":"product_tag","embeddable":true,"href":"https:\/\/deeva.website\/fr-tn\/wp-json\/wp\/v2\/product_tag?post=5367"}],"curies":[{"name":"wp","href":"https:\/\/api.w.org\/{rel}","templated":true}]}}