{"id":5344,"date":"2025-04-27T20:04:23","date_gmt":"2025-04-27T18:04:23","guid":{"rendered":"https:\/\/deeva.website\/?post_type=product&#038;p=5344"},"modified":"2025-05-12T22:22:00","modified_gmt":"2025-05-12T20:22:00","slug":"gucci-flora-by-gucci-gorgeous-gardenia","status":"publish","type":"product","link":"https:\/\/deeva.website\/fr-tn\/produit\/gucci-flora-by-gucci-gorgeous-gardenia\/","title":{"rendered":"Gucci flora by Gucci Gorgeous Gardenia"},"content":{"rendered":"<p><strong>Flora by Gucci Gorgeous Gardenia 100ml<\/strong> de <em>Gucci<\/em> est un <strong>parfum identique \u00e0 l\u2019original<\/strong>, m\u00eame senteurs, packaging et flacon.<\/p>\n<p>C&#8217;est un eau de toilette Floral fruit\u00e9 pour femme.<\/p>\n<p>Les notes de t\u00eate sont Poire et Fruits rouges; les notes de c\u0153ur sont Gard\u00e9nia et Frangipanier; la note de fond est Patchouli.<\/p>\n<p><img fetchpriority=\"high\" decoding=\"async\" class=\"alignnone wp-image-6629 size-medium\" src=\"http:\/\/deeva.website\/wp-content\/uploads\/2025\/04\/gucciFlo1-171x300.png\" alt=\"\" width=\"171\" height=\"300\" srcset=\"https:\/\/deeva.website\/wp-content\/uploads\/2025\/04\/gucciFlo1-171x300.png 171w, https:\/\/deeva.website\/wp-content\/uploads\/2025\/04\/gucciFlo1.png 292w\" sizes=\"(max-width: 171px) 100vw, 171px\" \/> <img decoding=\"async\" class=\"alignnone size-medium wp-image-5353\" src=\"http:\/\/deeva.website\/wp-content\/uploads\/2025\/04\/gucci-floral6-274x300.png\" alt=\"\" width=\"274\" height=\"300\" srcset=\"https:\/\/deeva.website\/wp-content\/uploads\/2025\/04\/gucci-floral6-274x300.png 274w, https:\/\/deeva.website\/wp-content\/uploads\/2025\/04\/gucci-floral6.png 439w\" sizes=\"(max-width: 274px) 100vw, 274px\" \/><\/p>\n","protected":false},"excerpt":{"rendered":"<p><strong>Flora by Gucci Gorgeous Gardenia 100ml<\/strong> de <em>Gucci<\/em> est un <strong>parfum identique \u00e0 l\u2019original<\/strong>, m\u00eame senteurs, packaging et flacon.<\/p>\n<p>C&#8217;est un eau de toilette Floral fruit\u00e9 pour femme.<\/p>\n<p>Les notes de t\u00eate sont Poire et Fruits rouges; les notes de c\u0153ur sont Gard\u00e9nia et Frangipanier; la note de fond est Patchouli.<\/p>\n<p><img fetchpriority=\"high\" decoding=\"async\" class=\"alignnone wp-image-6629 size-medium\" src=\"http:\/\/deeva.website\/wp-content\/uploads\/2025\/04\/gucciFlo1-171x300.png\" alt=\"\" width=\"171\" height=\"300\" srcset=\"https:\/\/deeva.website\/wp-content\/uploads\/2025\/04\/gucciFlo1-171x300.png 171w, https:\/\/deeva.website\/wp-content\/uploads\/2025\/04\/gucciFlo1.png 292w\" sizes=\"(max-width: 171px) 100vw, 171px\" \/> <img decoding=\"async\" class=\"alignnone size-medium wp-image-5353\" src=\"http:\/\/deeva.website\/wp-content\/uploads\/2025\/04\/gucci-floral6-274x300.png\" alt=\"\" width=\"274\" height=\"300\" srcset=\"https:\/\/deeva.website\/wp-content\/uploads\/2025\/04\/gucci-floral6-274x300.png 274w, https:\/\/deeva.website\/wp-content\/uploads\/2025\/04\/gucci-floral6.png 439w\" sizes=\"(max-width: 274px) 100vw, 274px\" \/><\/p>\n","protected":false},"featured_media":6631,"comment_status":"open","ping_status":"closed","template":"","meta":[],"product_cat":[86],"product_tag":[],"_links":{"self":[{"href":"https:\/\/deeva.website\/fr-tn\/wp-json\/wp\/v2\/product\/5344"}],"collection":[{"href":"https:\/\/deeva.website\/fr-tn\/wp-json\/wp\/v2\/product"}],"about":[{"href":"https:\/\/deeva.website\/fr-tn\/wp-json\/wp\/v2\/types\/product"}],"replies":[{"embeddable":true,"href":"https:\/\/deeva.website\/fr-tn\/wp-json\/wp\/v2\/comments?post=5344"}],"version-history":[{"count":3,"href":"https:\/\/deeva.website\/fr-tn\/wp-json\/wp\/v2\/product\/5344\/revisions"}],"predecessor-version":[{"id":6633,"href":"https:\/\/deeva.website\/fr-tn\/wp-json\/wp\/v2\/product\/5344\/revisions\/6633"}],"wp:featuredmedia":[{"embeddable":true,"href":"https:\/\/deeva.website\/fr-tn\/wp-json\/wp\/v2\/media\/6631"}],"wp:attachment":[{"href":"https:\/\/deeva.website\/fr-tn\/wp-json\/wp\/v2\/media?parent=5344"}],"wp:term":[{"taxonomy":"product_cat","embeddable":true,"href":"https:\/\/deeva.website\/fr-tn\/wp-json\/wp\/v2\/product_cat?post=5344"},{"taxonomy":"product_tag","embeddable":true,"href":"https:\/\/deeva.website\/fr-tn\/wp-json\/wp\/v2\/product_tag?post=5344"}],"curies":[{"name":"wp","href":"https:\/\/api.w.org\/{rel}","templated":true}]}}