{"id":5152,"date":"2025-04-21T23:02:55","date_gmt":"2025-04-21T21:02:55","guid":{"rendered":"https:\/\/deeva.website\/?post_type=product&#038;p=5152"},"modified":"2025-04-21T23:02:56","modified_gmt":"2025-04-21T21:02:56","slug":"gucci-bamboo","status":"publish","type":"product","link":"https:\/\/deeva.website\/fr-tn\/produit\/gucci-bamboo\/","title":{"rendered":"Gucci Bamboo"},"content":{"rendered":"<p><strong>Gucci Bamboo 75ml<\/strong> de <strong>Gucci<\/strong> est un\u00a0<strong>parfum identique \u00e0 l\u2019original<\/strong>, m\u00eame senteurs, packaging et flacon.<\/p>\n<p>C&#8217;est un parfum Floral pour femme.<\/p>\n<p>La note de t\u00eate est Bergamote; les notes de c\u0153ur sont Lys de Casablanca, Ylang-ylang et Fleur d&#8217;oranger; les notes de fond sont Bois de santal, Vanille de Tahiti et Ambre.<\/p>\n<p><img fetchpriority=\"high\" decoding=\"async\" class=\"alignnone size-medium wp-image-5153\" src=\"http:\/\/deeva.website\/wp-content\/uploads\/2025\/04\/bamboo2-245x300.png\" alt=\"\" width=\"245\" height=\"300\" srcset=\"https:\/\/deeva.website\/wp-content\/uploads\/2025\/04\/bamboo2-245x300.png 245w, https:\/\/deeva.website\/wp-content\/uploads\/2025\/04\/bamboo2.png 366w\" sizes=\"(max-width: 245px) 100vw, 245px\" \/> <img decoding=\"async\" class=\"alignnone size-medium wp-image-5155\" src=\"http:\/\/deeva.website\/wp-content\/uploads\/2025\/04\/bamboo3-286x300.png\" alt=\"\" width=\"286\" height=\"300\" srcset=\"https:\/\/deeva.website\/wp-content\/uploads\/2025\/04\/bamboo3-286x300.png 286w, https:\/\/deeva.website\/wp-content\/uploads\/2025\/04\/bamboo3-24x24.png 24w, https:\/\/deeva.website\/wp-content\/uploads\/2025\/04\/bamboo3.png 392w\" sizes=\"(max-width: 286px) 100vw, 286px\" \/><\/p>\n","protected":false},"excerpt":{"rendered":"<p>Gucci Bamboo 75ml de Gucci est un\u00a0parfum identique \u00e0 l\u2019original, m\u00eame senteurs, packaging et flacon. C&#8217;est un parfum Floral pour femme. La note de t\u00eate est Bergamote; les notes de c\u0153ur sont Lys de Casablanca, Ylang-ylang et Fleur d&#8217;oranger; les notes de fond sont Bois de santal, Vanille de Tahiti et Ambre.<\/p>\n","protected":false},"featured_media":5157,"comment_status":"open","ping_status":"closed","template":"","meta":[],"product_cat":[81],"product_tag":[],"_links":{"self":[{"href":"https:\/\/deeva.website\/fr-tn\/wp-json\/wp\/v2\/product\/5152"}],"collection":[{"href":"https:\/\/deeva.website\/fr-tn\/wp-json\/wp\/v2\/product"}],"about":[{"href":"https:\/\/deeva.website\/fr-tn\/wp-json\/wp\/v2\/types\/product"}],"replies":[{"embeddable":true,"href":"https:\/\/deeva.website\/fr-tn\/wp-json\/wp\/v2\/comments?post=5152"}],"version-history":[{"count":1,"href":"https:\/\/deeva.website\/fr-tn\/wp-json\/wp\/v2\/product\/5152\/revisions"}],"predecessor-version":[{"id":5159,"href":"https:\/\/deeva.website\/fr-tn\/wp-json\/wp\/v2\/product\/5152\/revisions\/5159"}],"wp:featuredmedia":[{"embeddable":true,"href":"https:\/\/deeva.website\/fr-tn\/wp-json\/wp\/v2\/media\/5157"}],"wp:attachment":[{"href":"https:\/\/deeva.website\/fr-tn\/wp-json\/wp\/v2\/media?parent=5152"}],"wp:term":[{"taxonomy":"product_cat","embeddable":true,"href":"https:\/\/deeva.website\/fr-tn\/wp-json\/wp\/v2\/product_cat?post=5152"},{"taxonomy":"product_tag","embeddable":true,"href":"https:\/\/deeva.website\/fr-tn\/wp-json\/wp\/v2\/product_tag?post=5152"}],"curies":[{"name":"wp","href":"https:\/\/api.w.org\/{rel}","templated":true}]}}