{"id":5144,"date":"2025-04-21T22:54:12","date_gmt":"2025-04-21T20:54:12","guid":{"rendered":"https:\/\/deeva.website\/?post_type=product&#038;p=5144"},"modified":"2025-04-21T22:54:12","modified_gmt":"2025-04-21T20:54:12","slug":"gucci-bloom","status":"publish","type":"product","link":"https:\/\/deeva.website\/fr-tn\/produit\/gucci-bloom\/","title":{"rendered":"Gucci Bloom"},"content":{"rendered":"<p><strong>Gucci Bloom 100ml<\/strong> de <em>Gucci<\/em> est un <strong>parfum identique \u00e0 l\u2019original<\/strong>, m\u00eame senteurs, packaging et flacon.<\/p>\n<p>C&#8217;est un parfum Floral pour femme.<\/p>\n<p>La note de t\u00eate est Jasmin; la note de c\u0153ur est Tub\u00e9reuse; la note de fond est Caract\u00e8re des hommes.<\/p>\n<p><img fetchpriority=\"high\" decoding=\"async\" class=\"alignnone size-medium wp-image-5149\" src=\"http:\/\/deeva.website\/wp-content\/uploads\/2025\/04\/bloom5-300x230.png\" alt=\"\" width=\"300\" height=\"230\" srcset=\"https:\/\/deeva.website\/wp-content\/uploads\/2025\/04\/bloom5-300x230.png 300w, https:\/\/deeva.website\/wp-content\/uploads\/2025\/04\/bloom5.png 379w\" sizes=\"(max-width: 300px) 100vw, 300px\" \/> <img decoding=\"async\" class=\"alignnone size-medium wp-image-5147\" src=\"http:\/\/deeva.website\/wp-content\/uploads\/2025\/04\/bloom4-300x300.png\" alt=\"\" width=\"300\" height=\"300\" srcset=\"https:\/\/deeva.website\/wp-content\/uploads\/2025\/04\/bloom4-300x300.png 300w, https:\/\/deeva.website\/wp-content\/uploads\/2025\/04\/bloom4-150x150.png 150w, https:\/\/deeva.website\/wp-content\/uploads\/2025\/04\/bloom4-400x400.png 400w, https:\/\/deeva.website\/wp-content\/uploads\/2025\/04\/bloom4-100x100.png 100w, https:\/\/deeva.website\/wp-content\/uploads\/2025\/04\/bloom4-24x24.png 24w, https:\/\/deeva.website\/wp-content\/uploads\/2025\/04\/bloom4-48x48.png 48w, https:\/\/deeva.website\/wp-content\/uploads\/2025\/04\/bloom4-96x96.png 96w, https:\/\/deeva.website\/wp-content\/uploads\/2025\/04\/bloom4-600x600.png 600w, https:\/\/deeva.website\/wp-content\/uploads\/2025\/04\/bloom4.png 601w\" sizes=\"(max-width: 300px) 100vw, 300px\" \/><\/p>\n","protected":false},"excerpt":{"rendered":"<p><strong>Gucci Bloom 100ml<\/strong> de <em>Gucci<\/em> est un <strong>parfum identique \u00e0 l\u2019original<\/strong>, m\u00eame senteurs, packaging et flacon.<\/p>\n<p>C&#8217;est un parfum Floral pour femme.<\/p>\n<p>La note de t\u00eate est Jasmin; la note de c\u0153ur est Tub\u00e9reuse; la note de fond est Caract\u00e8re des hommes.<\/p>\n<p><img fetchpriority=\"high\" decoding=\"async\" class=\"alignnone size-medium wp-image-5149\" src=\"http:\/\/deeva.website\/wp-content\/uploads\/2025\/04\/bloom5-300x230.png\" alt=\"\" width=\"300\" height=\"230\" srcset=\"https:\/\/deeva.website\/wp-content\/uploads\/2025\/04\/bloom5-300x230.png 300w, https:\/\/deeva.website\/wp-content\/uploads\/2025\/04\/bloom5.png 379w\" sizes=\"(max-width: 300px) 100vw, 300px\" \/> <img decoding=\"async\" class=\"alignnone size-medium wp-image-5147\" src=\"http:\/\/deeva.website\/wp-content\/uploads\/2025\/04\/bloom4-300x300.png\" alt=\"\" width=\"300\" height=\"300\" srcset=\"https:\/\/deeva.website\/wp-content\/uploads\/2025\/04\/bloom4-300x300.png 300w, https:\/\/deeva.website\/wp-content\/uploads\/2025\/04\/bloom4-150x150.png 150w, https:\/\/deeva.website\/wp-content\/uploads\/2025\/04\/bloom4-400x400.png 400w, https:\/\/deeva.website\/wp-content\/uploads\/2025\/04\/bloom4-100x100.png 100w, https:\/\/deeva.website\/wp-content\/uploads\/2025\/04\/bloom4-24x24.png 24w, https:\/\/deeva.website\/wp-content\/uploads\/2025\/04\/bloom4-48x48.png 48w, https:\/\/deeva.website\/wp-content\/uploads\/2025\/04\/bloom4-96x96.png 96w, https:\/\/deeva.website\/wp-content\/uploads\/2025\/04\/bloom4-600x600.png 600w, https:\/\/deeva.website\/wp-content\/uploads\/2025\/04\/bloom4.png 601w\" sizes=\"(max-width: 300px) 100vw, 300px\" \/><\/p>\n","protected":false},"featured_media":5145,"comment_status":"open","ping_status":"closed","template":"","meta":[],"product_cat":[81],"product_tag":[],"_links":{"self":[{"href":"https:\/\/deeva.website\/fr-tn\/wp-json\/wp\/v2\/product\/5144"}],"collection":[{"href":"https:\/\/deeva.website\/fr-tn\/wp-json\/wp\/v2\/product"}],"about":[{"href":"https:\/\/deeva.website\/fr-tn\/wp-json\/wp\/v2\/types\/product"}],"replies":[{"embeddable":true,"href":"https:\/\/deeva.website\/fr-tn\/wp-json\/wp\/v2\/comments?post=5144"}],"version-history":[{"count":1,"href":"https:\/\/deeva.website\/fr-tn\/wp-json\/wp\/v2\/product\/5144\/revisions"}],"predecessor-version":[{"id":5151,"href":"https:\/\/deeva.website\/fr-tn\/wp-json\/wp\/v2\/product\/5144\/revisions\/5151"}],"wp:featuredmedia":[{"embeddable":true,"href":"https:\/\/deeva.website\/fr-tn\/wp-json\/wp\/v2\/media\/5145"}],"wp:attachment":[{"href":"https:\/\/deeva.website\/fr-tn\/wp-json\/wp\/v2\/media?parent=5144"}],"wp:term":[{"taxonomy":"product_cat","embeddable":true,"href":"https:\/\/deeva.website\/fr-tn\/wp-json\/wp\/v2\/product_cat?post=5144"},{"taxonomy":"product_tag","embeddable":true,"href":"https:\/\/deeva.website\/fr-tn\/wp-json\/wp\/v2\/product_tag?post=5144"}],"curies":[{"name":"wp","href":"https:\/\/api.w.org\/{rel}","templated":true}]}}