{"id":5136,"date":"2025-04-21T22:48:43","date_gmt":"2025-04-21T20:48:43","guid":{"rendered":"https:\/\/deeva.website\/?post_type=product&#038;p=5136"},"modified":"2025-04-21T22:48:43","modified_gmt":"2025-04-21T20:48:43","slug":"gucci-bloom-intense","status":"publish","type":"product","link":"https:\/\/deeva.website\/fr-tn\/produit\/gucci-bloom-intense\/","title":{"rendered":"Gucci Bloom Intense"},"content":{"rendered":"<p><strong>Gucci Bloom Intense 100ml<\/strong> de <em>Gucci<\/em> est un <strong>parfum identique \u00e0 l\u2019original<\/strong>, m\u00eame senteurs, packaging et flacon.<\/p>\n<p>C&#8217;est un parfum Floral pour femme.<\/p>\n<p>Les notes de t\u00eate sont Poire, Gingembre et Mandarine; les notes de c\u0153ur sont Tub\u00e9reuse, Jasmin de nuit, Jasmin Sambac et Fleur d&#8217;oranger; les notes de fond sont Patchouli, Mousse et Noix de Coco.<\/p>\n<p><img fetchpriority=\"high\" decoding=\"async\" class=\"alignnone size-medium wp-image-5141\" src=\"http:\/\/deeva.website\/wp-content\/uploads\/2025\/04\/gucci4-255x300.png\" alt=\"\" width=\"255\" height=\"300\" srcset=\"https:\/\/deeva.website\/wp-content\/uploads\/2025\/04\/gucci4-255x300.png 255w, https:\/\/deeva.website\/wp-content\/uploads\/2025\/04\/gucci4.png 368w\" sizes=\"(max-width: 255px) 100vw, 255px\" \/> <img decoding=\"async\" class=\"alignnone size-medium wp-image-5139\" src=\"http:\/\/deeva.website\/wp-content\/uploads\/2025\/04\/gucci3-170x300.png\" alt=\"\" width=\"170\" height=\"300\" srcset=\"https:\/\/deeva.website\/wp-content\/uploads\/2025\/04\/gucci3-170x300.png 170w, https:\/\/deeva.website\/wp-content\/uploads\/2025\/04\/gucci3.png 294w\" sizes=\"(max-width: 170px) 100vw, 170px\" \/><\/p>\n","protected":false},"excerpt":{"rendered":"<p><strong>Gucci Bloom Intense 100ml<\/strong> de <em>Gucci<\/em> est un <strong>parfum identique \u00e0 l\u2019original<\/strong>, m\u00eame senteurs, packaging et flacon.<\/p>\n<p>C&#8217;est un parfum Floral pour femme.<\/p>\n<p>Les notes de t\u00eate sont Poire, Gingembre et Mandarine; les notes de c\u0153ur sont Tub\u00e9reuse, Jasmin de nuit, Jasmin Sambac et Fleur d&#8217;oranger; les notes de fond sont Patchouli, Mousse et Noix de Coco.<\/p>\n<p><img fetchpriority=\"high\" decoding=\"async\" class=\"alignnone size-medium wp-image-5141\" src=\"http:\/\/deeva.website\/wp-content\/uploads\/2025\/04\/gucci4-255x300.png\" alt=\"\" width=\"255\" height=\"300\" srcset=\"https:\/\/deeva.website\/wp-content\/uploads\/2025\/04\/gucci4-255x300.png 255w, https:\/\/deeva.website\/wp-content\/uploads\/2025\/04\/gucci4.png 368w\" sizes=\"(max-width: 255px) 100vw, 255px\" \/> <img decoding=\"async\" class=\"alignnone size-medium wp-image-5139\" src=\"http:\/\/deeva.website\/wp-content\/uploads\/2025\/04\/gucci3-170x300.png\" alt=\"\" width=\"170\" height=\"300\" srcset=\"https:\/\/deeva.website\/wp-content\/uploads\/2025\/04\/gucci3-170x300.png 170w, https:\/\/deeva.website\/wp-content\/uploads\/2025\/04\/gucci3.png 294w\" sizes=\"(max-width: 170px) 100vw, 170px\" \/><\/p>\n","protected":false},"featured_media":5137,"comment_status":"open","ping_status":"closed","template":"","meta":[],"product_cat":[81],"product_tag":[],"_links":{"self":[{"href":"https:\/\/deeva.website\/fr-tn\/wp-json\/wp\/v2\/product\/5136"}],"collection":[{"href":"https:\/\/deeva.website\/fr-tn\/wp-json\/wp\/v2\/product"}],"about":[{"href":"https:\/\/deeva.website\/fr-tn\/wp-json\/wp\/v2\/types\/product"}],"replies":[{"embeddable":true,"href":"https:\/\/deeva.website\/fr-tn\/wp-json\/wp\/v2\/comments?post=5136"}],"version-history":[{"count":1,"href":"https:\/\/deeva.website\/fr-tn\/wp-json\/wp\/v2\/product\/5136\/revisions"}],"predecessor-version":[{"id":5143,"href":"https:\/\/deeva.website\/fr-tn\/wp-json\/wp\/v2\/product\/5136\/revisions\/5143"}],"wp:featuredmedia":[{"embeddable":true,"href":"https:\/\/deeva.website\/fr-tn\/wp-json\/wp\/v2\/media\/5137"}],"wp:attachment":[{"href":"https:\/\/deeva.website\/fr-tn\/wp-json\/wp\/v2\/media?parent=5136"}],"wp:term":[{"taxonomy":"product_cat","embeddable":true,"href":"https:\/\/deeva.website\/fr-tn\/wp-json\/wp\/v2\/product_cat?post=5136"},{"taxonomy":"product_tag","embeddable":true,"href":"https:\/\/deeva.website\/fr-tn\/wp-json\/wp\/v2\/product_tag?post=5136"}],"curies":[{"name":"wp","href":"https:\/\/api.w.org\/{rel}","templated":true}]}}