{"id":5110,"date":"2025-04-21T22:31:55","date_gmt":"2025-04-21T20:31:55","guid":{"rendered":"https:\/\/deeva.website\/?post_type=product&#038;p=5110"},"modified":"2025-04-21T22:31:56","modified_gmt":"2025-04-21T20:31:56","slug":"giorgio-armani-acqua-di-gio-profumo","status":"publish","type":"product","link":"https:\/\/deeva.website\/fr-tn\/produit\/giorgio-armani-acqua-di-gio-profumo\/","title":{"rendered":"Giorgio Armani Acqua di Gi\u00f2 Profumo"},"content":{"rendered":"<p><strong>Acqua di Gi\u00f2 Profumo<\/strong> de <em>Giorgio Armani<\/em> est un <strong>parfum identique \u00e0 l\u2019original<\/strong>, m\u00eame senteurs, packaging et flacon.<\/p>\n<p>C&#8217;est un parfum Aromatique Aquatique pour homme.<\/p>\n<p>Les notes de t\u00eate sont Notes marines et Bergamote; les notes de c\u0153ur sont Romarin, Sauge et G\u00e9ranium; les notes de fond sont Encens et Patchouli.<\/p>\n<p><img fetchpriority=\"high\" decoding=\"async\" class=\"alignnone size-medium wp-image-5119\" src=\"http:\/\/deeva.website\/wp-content\/uploads\/2025\/04\/25-243x300.png\" alt=\"\" width=\"243\" height=\"300\" srcset=\"https:\/\/deeva.website\/wp-content\/uploads\/2025\/04\/25-243x300.png 243w, https:\/\/deeva.website\/wp-content\/uploads\/2025\/04\/25.png 383w\" sizes=\"(max-width: 243px) 100vw, 243px\" \/> <img decoding=\"async\" class=\"alignnone size-full wp-image-5117\" src=\"http:\/\/deeva.website\/wp-content\/uploads\/2025\/04\/24.jpg\" alt=\"\" width=\"202\" height=\"249\" \/><\/p>\n","protected":false},"excerpt":{"rendered":"<p><strong>Acqua di Gi\u00f2 Profumo<\/strong> de <em>Giorgio Armani<\/em> est un <strong>parfum identique \u00e0 l\u2019original<\/strong>, m\u00eame senteurs, packaging et flacon.<\/p>\n<p>C&#8217;est un parfum Aromatique Aquatique pour homme.<\/p>\n<p>Les notes de t\u00eate sont Notes marines et Bergamote; les notes de c\u0153ur sont Romarin, Sauge et G\u00e9ranium; les notes de fond sont Encens et Patchouli.<\/p>\n<p><img fetchpriority=\"high\" decoding=\"async\" class=\"alignnone size-medium wp-image-5119\" src=\"http:\/\/deeva.website\/wp-content\/uploads\/2025\/04\/25-243x300.png\" alt=\"\" width=\"243\" height=\"300\" srcset=\"https:\/\/deeva.website\/wp-content\/uploads\/2025\/04\/25-243x300.png 243w, https:\/\/deeva.website\/wp-content\/uploads\/2025\/04\/25.png 383w\" sizes=\"(max-width: 243px) 100vw, 243px\" \/> <img decoding=\"async\" class=\"alignnone size-full wp-image-5117\" src=\"http:\/\/deeva.website\/wp-content\/uploads\/2025\/04\/24.jpg\" alt=\"\" width=\"202\" height=\"249\" \/><\/p>\n","protected":false},"featured_media":5113,"comment_status":"open","ping_status":"closed","template":"","meta":[],"product_cat":[71],"product_tag":[],"_links":{"self":[{"href":"https:\/\/deeva.website\/fr-tn\/wp-json\/wp\/v2\/product\/5110"}],"collection":[{"href":"https:\/\/deeva.website\/fr-tn\/wp-json\/wp\/v2\/product"}],"about":[{"href":"https:\/\/deeva.website\/fr-tn\/wp-json\/wp\/v2\/types\/product"}],"replies":[{"embeddable":true,"href":"https:\/\/deeva.website\/fr-tn\/wp-json\/wp\/v2\/comments?post=5110"}],"version-history":[{"count":1,"href":"https:\/\/deeva.website\/fr-tn\/wp-json\/wp\/v2\/product\/5110\/revisions"}],"predecessor-version":[{"id":5123,"href":"https:\/\/deeva.website\/fr-tn\/wp-json\/wp\/v2\/product\/5110\/revisions\/5123"}],"wp:featuredmedia":[{"embeddable":true,"href":"https:\/\/deeva.website\/fr-tn\/wp-json\/wp\/v2\/media\/5113"}],"wp:attachment":[{"href":"https:\/\/deeva.website\/fr-tn\/wp-json\/wp\/v2\/media?parent=5110"}],"wp:term":[{"taxonomy":"product_cat","embeddable":true,"href":"https:\/\/deeva.website\/fr-tn\/wp-json\/wp\/v2\/product_cat?post=5110"},{"taxonomy":"product_tag","embeddable":true,"href":"https:\/\/deeva.website\/fr-tn\/wp-json\/wp\/v2\/product_tag?post=5110"}],"curies":[{"name":"wp","href":"https:\/\/api.w.org\/{rel}","templated":true}]}}