{"id":5098,"date":"2025-04-21T22:25:15","date_gmt":"2025-04-21T20:25:15","guid":{"rendered":"https:\/\/deeva.website\/?post_type=product&#038;p=5098"},"modified":"2025-04-21T22:25:16","modified_gmt":"2025-04-21T20:25:16","slug":"giorgio-armani-acqua-di-gio-absolu","status":"publish","type":"product","link":"https:\/\/deeva.website\/fr-tn\/produit\/giorgio-armani-acqua-di-gio-absolu\/","title":{"rendered":"Giorgio Armani Acqua di Gi\u00f2 Absolu"},"content":{"rendered":"<p><strong>Acqua di Gi\u00f2 Absolu 75ml<\/strong> de <em>Giorgio Armani<\/em> est un <strong>parfum identique \u00e0 l\u2019original<\/strong>, m\u00eame senteurs, packaging et flacon.<\/p>\n<p>C&#8217;est un parfum Bois\u00e9 Aromatique pour homme.<\/p>\n<p>Les notes de t\u00eate sont Notes marines, Bergamote, Poire, Pomme, Pamplemousse et Citron; les notes de c\u0153ur sont Lavande, Romarin et G\u00e9ranium; les notes de fond sont Notes bois\u00e9es, F\u00e8ve de tonka, Amberwood, Patchouli et Ciste.<\/p>\n<p><img fetchpriority=\"high\" decoding=\"async\" class=\"alignnone size-medium wp-image-5107\" src=\"http:\/\/deeva.website\/wp-content\/uploads\/2025\/04\/05-239x300.png\" alt=\"\" width=\"239\" height=\"300\" srcset=\"https:\/\/deeva.website\/wp-content\/uploads\/2025\/04\/05-239x300.png 239w, https:\/\/deeva.website\/wp-content\/uploads\/2025\/04\/05.png 362w\" sizes=\"(max-width: 239px) 100vw, 239px\" \/> <img decoding=\"async\" class=\"alignnone size-full wp-image-5103\" src=\"http:\/\/deeva.website\/wp-content\/uploads\/2025\/04\/03.jpg\" alt=\"\" width=\"225\" height=\"225\" srcset=\"https:\/\/deeva.website\/wp-content\/uploads\/2025\/04\/03.jpg 225w, https:\/\/deeva.website\/wp-content\/uploads\/2025\/04\/03-150x150.jpg 150w, https:\/\/deeva.website\/wp-content\/uploads\/2025\/04\/03-100x100.jpg 100w, https:\/\/deeva.website\/wp-content\/uploads\/2025\/04\/03-24x24.jpg 24w, https:\/\/deeva.website\/wp-content\/uploads\/2025\/04\/03-48x48.jpg 48w, https:\/\/deeva.website\/wp-content\/uploads\/2025\/04\/03-96x96.jpg 96w\" sizes=\"(max-width: 225px) 100vw, 225px\" \/><\/p>\n<p>&nbsp;<\/p>\n","protected":false},"excerpt":{"rendered":"<p><strong>Acqua di Gi\u00f2 Absolu 75ml<\/strong> de <em>Giorgio Armani<\/em> est un <strong>parfum identique \u00e0 l\u2019original<\/strong>, m\u00eame senteurs, packaging et flacon.<\/p>\n<p>C&#8217;est un parfum Bois\u00e9 Aromatique pour homme.<\/p>\n<p>Les notes de t\u00eate sont Notes marines, Bergamote, Poire, Pomme, Pamplemousse et Citron; les notes de c\u0153ur sont Lavande, Romarin et G\u00e9ranium; les notes de fond sont Notes bois\u00e9es, F\u00e8ve de tonka, Amberwood, Patchouli et Ciste.<\/p>\n<p><img fetchpriority=\"high\" decoding=\"async\" class=\"alignnone size-medium wp-image-5107\" src=\"http:\/\/deeva.website\/wp-content\/uploads\/2025\/04\/05-239x300.png\" alt=\"\" width=\"239\" height=\"300\" srcset=\"https:\/\/deeva.website\/wp-content\/uploads\/2025\/04\/05-239x300.png 239w, https:\/\/deeva.website\/wp-content\/uploads\/2025\/04\/05.png 362w\" sizes=\"(max-width: 239px) 100vw, 239px\" \/> <img decoding=\"async\" class=\"alignnone size-full wp-image-5103\" src=\"http:\/\/deeva.website\/wp-content\/uploads\/2025\/04\/03.jpg\" alt=\"\" width=\"225\" height=\"225\" srcset=\"https:\/\/deeva.website\/wp-content\/uploads\/2025\/04\/03.jpg 225w, https:\/\/deeva.website\/wp-content\/uploads\/2025\/04\/03-150x150.jpg 150w, https:\/\/deeva.website\/wp-content\/uploads\/2025\/04\/03-100x100.jpg 100w, https:\/\/deeva.website\/wp-content\/uploads\/2025\/04\/03-24x24.jpg 24w, https:\/\/deeva.website\/wp-content\/uploads\/2025\/04\/03-48x48.jpg 48w, https:\/\/deeva.website\/wp-content\/uploads\/2025\/04\/03-96x96.jpg 96w\" sizes=\"(max-width: 225px) 100vw, 225px\" \/><\/p>\n<p>&nbsp;<\/p>\n","protected":false},"featured_media":5105,"comment_status":"open","ping_status":"closed","template":"","meta":[],"product_cat":[71],"product_tag":[],"_links":{"self":[{"href":"https:\/\/deeva.website\/fr-tn\/wp-json\/wp\/v2\/product\/5098"}],"collection":[{"href":"https:\/\/deeva.website\/fr-tn\/wp-json\/wp\/v2\/product"}],"about":[{"href":"https:\/\/deeva.website\/fr-tn\/wp-json\/wp\/v2\/types\/product"}],"replies":[{"embeddable":true,"href":"https:\/\/deeva.website\/fr-tn\/wp-json\/wp\/v2\/comments?post=5098"}],"version-history":[{"count":1,"href":"https:\/\/deeva.website\/fr-tn\/wp-json\/wp\/v2\/product\/5098\/revisions"}],"predecessor-version":[{"id":5109,"href":"https:\/\/deeva.website\/fr-tn\/wp-json\/wp\/v2\/product\/5098\/revisions\/5109"}],"wp:featuredmedia":[{"embeddable":true,"href":"https:\/\/deeva.website\/fr-tn\/wp-json\/wp\/v2\/media\/5105"}],"wp:attachment":[{"href":"https:\/\/deeva.website\/fr-tn\/wp-json\/wp\/v2\/media?parent=5098"}],"wp:term":[{"taxonomy":"product_cat","embeddable":true,"href":"https:\/\/deeva.website\/fr-tn\/wp-json\/wp\/v2\/product_cat?post=5098"},{"taxonomy":"product_tag","embeddable":true,"href":"https:\/\/deeva.website\/fr-tn\/wp-json\/wp\/v2\/product_tag?post=5098"}],"curies":[{"name":"wp","href":"https:\/\/api.w.org\/{rel}","templated":true}]}}