{"id":5088,"date":"2025-04-21T22:18:11","date_gmt":"2025-04-21T20:18:11","guid":{"rendered":"https:\/\/deeva.website\/?post_type=product&#038;p=5088"},"modified":"2025-04-21T22:18:11","modified_gmt":"2025-04-21T20:18:11","slug":"giorgio-armani-armani-code-profumo","status":"publish","type":"product","link":"https:\/\/deeva.website\/fr-tn\/produit\/giorgio-armani-armani-code-profumo\/","title":{"rendered":"Giorgio Armani Armani Code Profumo"},"content":{"rendered":"<p><strong>Armani Code Profumo 100ml<\/strong> de <em>Giorgio Armani<\/em> est \u00a0un\u00a0<strong>parfum identique \u00e0 l\u2019original<\/strong>, m\u00eame senteurs, packaging et flacon.<\/p>\n<p>C&#8217;est un parfum Orientale \u00c9pic\u00e9 pour homme.<\/p>\n<p>Les notes de t\u00eate sont Cardamome, Pomme verte et Mandarine verte; les notes de c\u0153ur sont Noix de muscade, Lavande et Fleur d&#8217;oranger; les notes de fond sont F\u00e8ve de tonka, Ambre et Cuir.<img fetchpriority=\"high\" decoding=\"async\" class=\"alignnone size-medium wp-image-5091\" src=\"http:\/\/deeva.website\/wp-content\/uploads\/2025\/04\/armani2-300x298.png\" alt=\"\" width=\"300\" height=\"298\" srcset=\"https:\/\/deeva.website\/wp-content\/uploads\/2025\/04\/armani2-300x298.png 300w, https:\/\/deeva.website\/wp-content\/uploads\/2025\/04\/armani2-150x150.png 150w, https:\/\/deeva.website\/wp-content\/uploads\/2025\/04\/armani2-100x100.png 100w, https:\/\/deeva.website\/wp-content\/uploads\/2025\/04\/armani2-24x24.png 24w, https:\/\/deeva.website\/wp-content\/uploads\/2025\/04\/armani2-48x48.png 48w, https:\/\/deeva.website\/wp-content\/uploads\/2025\/04\/armani2-96x96.png 96w, https:\/\/deeva.website\/wp-content\/uploads\/2025\/04\/armani2.png 585w\" sizes=\"(max-width: 300px) 100vw, 300px\" \/> <img decoding=\"async\" class=\"alignnone size-medium wp-image-5095\" src=\"http:\/\/deeva.website\/wp-content\/uploads\/2025\/04\/armani4-222x300.png\" alt=\"\" width=\"222\" height=\"300\" srcset=\"https:\/\/deeva.website\/wp-content\/uploads\/2025\/04\/armani4-222x300.png 222w, https:\/\/deeva.website\/wp-content\/uploads\/2025\/04\/armani4.png 357w\" sizes=\"(max-width: 222px) 100vw, 222px\" \/><\/p>\n","protected":false},"excerpt":{"rendered":"<p><strong>Armani Code Profumo 100ml<\/strong> de <em>Giorgio Armani<\/em> est \u00a0un\u00a0<strong>parfum identique \u00e0 l\u2019original<\/strong>, m\u00eame senteurs, packaging et flacon.<\/p>\n<p>C&#8217;est un parfum Orientale \u00c9pic\u00e9 pour homme.<\/p>\n<p>Les notes de t\u00eate sont Cardamome, Pomme verte et Mandarine verte; les notes de c\u0153ur sont Noix de muscade, Lavande et Fleur d&#8217;oranger; les notes de fond sont F\u00e8ve de tonka, Ambre et Cuir.<img fetchpriority=\"high\" decoding=\"async\" class=\"alignnone size-medium wp-image-5091\" src=\"http:\/\/deeva.website\/wp-content\/uploads\/2025\/04\/armani2-300x298.png\" alt=\"\" width=\"300\" height=\"298\" srcset=\"https:\/\/deeva.website\/wp-content\/uploads\/2025\/04\/armani2-300x298.png 300w, https:\/\/deeva.website\/wp-content\/uploads\/2025\/04\/armani2-150x150.png 150w, https:\/\/deeva.website\/wp-content\/uploads\/2025\/04\/armani2-100x100.png 100w, https:\/\/deeva.website\/wp-content\/uploads\/2025\/04\/armani2-24x24.png 24w, https:\/\/deeva.website\/wp-content\/uploads\/2025\/04\/armani2-48x48.png 48w, https:\/\/deeva.website\/wp-content\/uploads\/2025\/04\/armani2-96x96.png 96w, https:\/\/deeva.website\/wp-content\/uploads\/2025\/04\/armani2.png 585w\" sizes=\"(max-width: 300px) 100vw, 300px\" \/> <img decoding=\"async\" class=\"alignnone size-medium wp-image-5095\" src=\"http:\/\/deeva.website\/wp-content\/uploads\/2025\/04\/armani4-222x300.png\" alt=\"\" width=\"222\" height=\"300\" srcset=\"https:\/\/deeva.website\/wp-content\/uploads\/2025\/04\/armani4-222x300.png 222w, https:\/\/deeva.website\/wp-content\/uploads\/2025\/04\/armani4.png 357w\" sizes=\"(max-width: 222px) 100vw, 222px\" \/><\/p>\n","protected":false},"featured_media":5089,"comment_status":"open","ping_status":"closed","template":"","meta":[],"product_cat":[71],"product_tag":[],"_links":{"self":[{"href":"https:\/\/deeva.website\/fr-tn\/wp-json\/wp\/v2\/product\/5088"}],"collection":[{"href":"https:\/\/deeva.website\/fr-tn\/wp-json\/wp\/v2\/product"}],"about":[{"href":"https:\/\/deeva.website\/fr-tn\/wp-json\/wp\/v2\/types\/product"}],"replies":[{"embeddable":true,"href":"https:\/\/deeva.website\/fr-tn\/wp-json\/wp\/v2\/comments?post=5088"}],"version-history":[{"count":1,"href":"https:\/\/deeva.website\/fr-tn\/wp-json\/wp\/v2\/product\/5088\/revisions"}],"predecessor-version":[{"id":5097,"href":"https:\/\/deeva.website\/fr-tn\/wp-json\/wp\/v2\/product\/5088\/revisions\/5097"}],"wp:featuredmedia":[{"embeddable":true,"href":"https:\/\/deeva.website\/fr-tn\/wp-json\/wp\/v2\/media\/5089"}],"wp:attachment":[{"href":"https:\/\/deeva.website\/fr-tn\/wp-json\/wp\/v2\/media?parent=5088"}],"wp:term":[{"taxonomy":"product_cat","embeddable":true,"href":"https:\/\/deeva.website\/fr-tn\/wp-json\/wp\/v2\/product_cat?post=5088"},{"taxonomy":"product_tag","embeddable":true,"href":"https:\/\/deeva.website\/fr-tn\/wp-json\/wp\/v2\/product_tag?post=5088"}],"curies":[{"name":"wp","href":"https:\/\/api.w.org\/{rel}","templated":true}]}}