{"id":5076,"date":"2025-04-21T22:11:09","date_gmt":"2025-04-21T20:11:09","guid":{"rendered":"https:\/\/deeva.website\/?post_type=product&#038;p=5076"},"modified":"2025-04-21T22:11:09","modified_gmt":"2025-04-21T20:11:09","slug":"armani-code-giorgio-armani","status":"publish","type":"product","link":"https:\/\/deeva.website\/fr-tn\/produit\/armani-code-giorgio-armani\/","title":{"rendered":"Armani Code Giorgio Armani"},"content":{"rendered":"<p><strong>Armani Code<\/strong> <strong>Eau de Toilette 125ml<\/strong> de <em>Giorgio<\/em> <em>Armani<\/em> est \u00a0un\u00a0<strong>parfum identique \u00e0 l\u2019original<\/strong>, m\u00eame senteurs, packaging et flacon.<\/p>\n<p>C&#8217;est un parfum Bois\u00e9 Aromatique pour homme.<\/p>\n<p>La note de t\u00eate est Mandarine verte; la note de coeur est Lavande; les notes de fond sont F\u00e8ve de tonka et C\u00e8dre.<\/p>\n<p><img fetchpriority=\"high\" decoding=\"async\" class=\"alignnone size-medium wp-image-5083\" src=\"http:\/\/deeva.website\/wp-content\/uploads\/2025\/04\/code2-237x300.png\" alt=\"\" width=\"237\" height=\"300\" srcset=\"https:\/\/deeva.website\/wp-content\/uploads\/2025\/04\/code2-237x300.png 237w, https:\/\/deeva.website\/wp-content\/uploads\/2025\/04\/code2.png 351w\" sizes=\"(max-width: 237px) 100vw, 237px\" \/> <img decoding=\"async\" class=\"alignnone size-medium wp-image-5079\" src=\"http:\/\/deeva.website\/wp-content\/uploads\/2025\/04\/code3-300x300.jpg\" alt=\"\" width=\"300\" height=\"300\" srcset=\"https:\/\/deeva.website\/wp-content\/uploads\/2025\/04\/code3-300x300.jpg 300w, https:\/\/deeva.website\/wp-content\/uploads\/2025\/04\/code3-150x150.jpg 150w, https:\/\/deeva.website\/wp-content\/uploads\/2025\/04\/code3-100x100.jpg 100w, https:\/\/deeva.website\/wp-content\/uploads\/2025\/04\/code3-24x24.jpg 24w, https:\/\/deeva.website\/wp-content\/uploads\/2025\/04\/code3-48x48.jpg 48w, https:\/\/deeva.website\/wp-content\/uploads\/2025\/04\/code3-96x96.jpg 96w, https:\/\/deeva.website\/wp-content\/uploads\/2025\/04\/code3.jpg 360w\" sizes=\"(max-width: 300px) 100vw, 300px\" \/><\/p>\n","protected":false},"excerpt":{"rendered":"<p><strong>Armani Code<\/strong> <strong>Eau de Toilette 125ml<\/strong> de <em>Giorgio<\/em> <em>Armani<\/em> est \u00a0un\u00a0<strong>parfum identique \u00e0 l\u2019original<\/strong>, m\u00eame senteurs, packaging et flacon.<\/p>\n<p>C&#8217;est un parfum Bois\u00e9 Aromatique pour homme.<\/p>\n<p>La note de t\u00eate est Mandarine verte; la note de coeur est Lavande; les notes de fond sont F\u00e8ve de tonka et C\u00e8dre.<\/p>\n<p><img fetchpriority=\"high\" decoding=\"async\" class=\"alignnone size-medium wp-image-5083\" src=\"http:\/\/deeva.website\/wp-content\/uploads\/2025\/04\/code2-237x300.png\" alt=\"\" width=\"237\" height=\"300\" srcset=\"https:\/\/deeva.website\/wp-content\/uploads\/2025\/04\/code2-237x300.png 237w, https:\/\/deeva.website\/wp-content\/uploads\/2025\/04\/code2.png 351w\" sizes=\"(max-width: 237px) 100vw, 237px\" \/> <img decoding=\"async\" class=\"alignnone size-medium wp-image-5079\" src=\"http:\/\/deeva.website\/wp-content\/uploads\/2025\/04\/code3-300x300.jpg\" alt=\"\" width=\"300\" height=\"300\" srcset=\"https:\/\/deeva.website\/wp-content\/uploads\/2025\/04\/code3-300x300.jpg 300w, https:\/\/deeva.website\/wp-content\/uploads\/2025\/04\/code3-150x150.jpg 150w, https:\/\/deeva.website\/wp-content\/uploads\/2025\/04\/code3-100x100.jpg 100w, https:\/\/deeva.website\/wp-content\/uploads\/2025\/04\/code3-24x24.jpg 24w, https:\/\/deeva.website\/wp-content\/uploads\/2025\/04\/code3-48x48.jpg 48w, https:\/\/deeva.website\/wp-content\/uploads\/2025\/04\/code3-96x96.jpg 96w, https:\/\/deeva.website\/wp-content\/uploads\/2025\/04\/code3.jpg 360w\" sizes=\"(max-width: 300px) 100vw, 300px\" \/><\/p>\n","protected":false},"featured_media":5085,"comment_status":"open","ping_status":"closed","template":"","meta":[],"product_cat":[87],"product_tag":[],"_links":{"self":[{"href":"https:\/\/deeva.website\/fr-tn\/wp-json\/wp\/v2\/product\/5076"}],"collection":[{"href":"https:\/\/deeva.website\/fr-tn\/wp-json\/wp\/v2\/product"}],"about":[{"href":"https:\/\/deeva.website\/fr-tn\/wp-json\/wp\/v2\/types\/product"}],"replies":[{"embeddable":true,"href":"https:\/\/deeva.website\/fr-tn\/wp-json\/wp\/v2\/comments?post=5076"}],"version-history":[{"count":1,"href":"https:\/\/deeva.website\/fr-tn\/wp-json\/wp\/v2\/product\/5076\/revisions"}],"predecessor-version":[{"id":5087,"href":"https:\/\/deeva.website\/fr-tn\/wp-json\/wp\/v2\/product\/5076\/revisions\/5087"}],"wp:featuredmedia":[{"embeddable":true,"href":"https:\/\/deeva.website\/fr-tn\/wp-json\/wp\/v2\/media\/5085"}],"wp:attachment":[{"href":"https:\/\/deeva.website\/fr-tn\/wp-json\/wp\/v2\/media?parent=5076"}],"wp:term":[{"taxonomy":"product_cat","embeddable":true,"href":"https:\/\/deeva.website\/fr-tn\/wp-json\/wp\/v2\/product_cat?post=5076"},{"taxonomy":"product_tag","embeddable":true,"href":"https:\/\/deeva.website\/fr-tn\/wp-json\/wp\/v2\/product_tag?post=5076"}],"curies":[{"name":"wp","href":"https:\/\/api.w.org\/{rel}","templated":true}]}}