{"id":5062,"date":"2025-04-21T21:59:24","date_gmt":"2025-04-21T19:59:24","guid":{"rendered":"https:\/\/deeva.website\/?post_type=product&#038;p=5062"},"modified":"2025-04-21T21:59:24","modified_gmt":"2025-04-21T19:59:24","slug":"versace-eros","status":"publish","type":"product","link":"https:\/\/deeva.website\/fr-tn\/produit\/versace-eros\/","title":{"rendered":"Versace Eros"},"content":{"rendered":"<p><strong>Eros 100ml<\/strong> de <em>Versace<\/em> est \u00a0un\u00a0<strong>parfum identique \u00e0 l\u2019original<\/strong>, m\u00eame senteurs, packaging et flacon.<\/p>\n<p>C&#8217;est un parfum Aromatique Foug\u00e8re pour homme.<\/p>\n<p>Les notes de t\u00eate sont Menthe, Pomme verte et Citron; les notes de c\u0153ur sont F\u00e8ve de tonka, Ambroxan et G\u00e9ranium; les notes de fond sont Vanille de Madagascar, C\u00e8dre de Virginie, C\u00e8dre Atlas, V\u00e9tiver et Mousse de ch\u00eane.<\/p>\n<p><img fetchpriority=\"high\" decoding=\"async\" class=\"alignnone size-medium wp-image-5073\" src=\"http:\/\/deeva.website\/wp-content\/uploads\/2025\/04\/versaci6-220x300.png\" alt=\"\" width=\"220\" height=\"300\" srcset=\"https:\/\/deeva.website\/wp-content\/uploads\/2025\/04\/versaci6-220x300.png 220w, https:\/\/deeva.website\/wp-content\/uploads\/2025\/04\/versaci6.png 349w\" sizes=\"(max-width: 220px) 100vw, 220px\" \/> <img decoding=\"async\" class=\"alignnone size-medium wp-image-5071\" src=\"http:\/\/deeva.website\/wp-content\/uploads\/2025\/04\/versaci5-300x295.png\" alt=\"\" width=\"300\" height=\"295\" srcset=\"https:\/\/deeva.website\/wp-content\/uploads\/2025\/04\/versaci5-300x295.png 300w, https:\/\/deeva.website\/wp-content\/uploads\/2025\/04\/versaci5-600x591.png 600w, https:\/\/deeva.website\/wp-content\/uploads\/2025\/04\/versaci5-24x24.png 24w, https:\/\/deeva.website\/wp-content\/uploads\/2025\/04\/versaci5-48x48.png 48w, https:\/\/deeva.website\/wp-content\/uploads\/2025\/04\/versaci5.png 661w\" sizes=\"(max-width: 300px) 100vw, 300px\" \/><\/p>\n","protected":false},"excerpt":{"rendered":"<p>Eros 100ml de Versace est \u00a0un\u00a0parfum identique \u00e0 l\u2019original, m\u00eame senteurs, packaging et flacon. C&#8217;est un parfum Aromatique Foug\u00e8re pour homme. Les notes de t\u00eate sont Menthe, Pomme verte et Citron; les notes de c\u0153ur sont F\u00e8ve de tonka, Ambroxan et G\u00e9ranium; les notes de fond sont Vanille de Madagascar, C\u00e8dre de Virginie, C\u00e8dre Atlas, V\u00e9tiver et Mousse de ch\u00eane.<\/p>\n","protected":false},"featured_media":5065,"comment_status":"open","ping_status":"closed","template":"","meta":[],"product_cat":[87],"product_tag":[],"_links":{"self":[{"href":"https:\/\/deeva.website\/fr-tn\/wp-json\/wp\/v2\/product\/5062"}],"collection":[{"href":"https:\/\/deeva.website\/fr-tn\/wp-json\/wp\/v2\/product"}],"about":[{"href":"https:\/\/deeva.website\/fr-tn\/wp-json\/wp\/v2\/types\/product"}],"replies":[{"embeddable":true,"href":"https:\/\/deeva.website\/fr-tn\/wp-json\/wp\/v2\/comments?post=5062"}],"version-history":[{"count":1,"href":"https:\/\/deeva.website\/fr-tn\/wp-json\/wp\/v2\/product\/5062\/revisions"}],"predecessor-version":[{"id":5075,"href":"https:\/\/deeva.website\/fr-tn\/wp-json\/wp\/v2\/product\/5062\/revisions\/5075"}],"wp:featuredmedia":[{"embeddable":true,"href":"https:\/\/deeva.website\/fr-tn\/wp-json\/wp\/v2\/media\/5065"}],"wp:attachment":[{"href":"https:\/\/deeva.website\/fr-tn\/wp-json\/wp\/v2\/media?parent=5062"}],"wp:term":[{"taxonomy":"product_cat","embeddable":true,"href":"https:\/\/deeva.website\/fr-tn\/wp-json\/wp\/v2\/product_cat?post=5062"},{"taxonomy":"product_tag","embeddable":true,"href":"https:\/\/deeva.website\/fr-tn\/wp-json\/wp\/v2\/product_tag?post=5062"}],"curies":[{"name":"wp","href":"https:\/\/api.w.org\/{rel}","templated":true}]}}