{"id":5052,"date":"2025-04-21T21:51:22","date_gmt":"2025-04-21T19:51:22","guid":{"rendered":"https:\/\/deeva.website\/?post_type=product&#038;p=5052"},"modified":"2025-04-21T21:51:22","modified_gmt":"2025-04-21T19:51:22","slug":"yves-saint-laurent-kouros","status":"publish","type":"product","link":"https:\/\/deeva.website\/fr-tn\/produit\/yves-saint-laurent-kouros\/","title":{"rendered":"Yves Saint Laurent Kouros"},"content":{"rendered":"<p><strong>Kouros 100ml<\/strong> de <strong>Yves Saint Laurent<\/strong> est \u00a0un\u00a0<strong>parfum identique \u00e0 l\u2019original<\/strong>, m\u00eame senteurs, packaging et flacon.<\/p>\n<p>C&#8217;est un parfum Aromatique Foug\u00e8re pour homme.<\/p>\n<p>Les notes de t\u00eate sont Ald\u00e9hydes, Coriandre, Sauge sclar\u00e9e, Armoise et Bergamote; les notes de c\u0153ur sont Patchouli, \u0152illet, V\u00e9tiver, G\u00e9ranium, Jasmin, Racine d&#8217;iris, Cannelle et Lavande; les notes de fond sont Civette, Miel, Cuir, Musc, Mousse de ch\u00eane, Ambre, F\u00e8ve de tonka et Vanille.<\/p>\n<p><img fetchpriority=\"high\" decoding=\"async\" class=\"alignnone size-medium wp-image-5057\" src=\"http:\/\/deeva.website\/wp-content\/uploads\/2025\/04\/kouros3-300x290.png\" alt=\"\" width=\"300\" height=\"290\" srcset=\"https:\/\/deeva.website\/wp-content\/uploads\/2025\/04\/kouros3-300x290.png 300w, https:\/\/deeva.website\/wp-content\/uploads\/2025\/04\/kouros3-24x24.png 24w, https:\/\/deeva.website\/wp-content\/uploads\/2025\/04\/kouros3.png 574w\" sizes=\"(max-width: 300px) 100vw, 300px\" \/> <img decoding=\"async\" class=\"alignnone size-medium wp-image-5059\" src=\"http:\/\/deeva.website\/wp-content\/uploads\/2025\/04\/Capture45-205x300.png\" alt=\"\" width=\"205\" height=\"300\" srcset=\"https:\/\/deeva.website\/wp-content\/uploads\/2025\/04\/Capture45-205x300.png 205w, https:\/\/deeva.website\/wp-content\/uploads\/2025\/04\/Capture45.png 313w\" sizes=\"(max-width: 205px) 100vw, 205px\" \/><\/p>\n","protected":false},"excerpt":{"rendered":"<p><strong>Kouros 100ml<\/strong> de <strong>Yves Saint Laurent<\/strong> est \u00a0un\u00a0<strong>parfum identique \u00e0 l\u2019original<\/strong>, m\u00eame senteurs, packaging et flacon.<\/p>\n<p>C&#8217;est un parfum Aromatique Foug\u00e8re pour homme.<\/p>\n<p>Les notes de t\u00eate sont Ald\u00e9hydes, Coriandre, Sauge sclar\u00e9e, Armoise et Bergamote; les notes de c\u0153ur sont Patchouli, \u0152illet, V\u00e9tiver, G\u00e9ranium, Jasmin, Racine d&#8217;iris, Cannelle et Lavande; les notes de fond sont Civette, Miel, Cuir, Musc, Mousse de ch\u00eane, Ambre, F\u00e8ve de tonka et Vanille.<\/p>\n<p><img fetchpriority=\"high\" decoding=\"async\" class=\"alignnone size-medium wp-image-5057\" src=\"http:\/\/deeva.website\/wp-content\/uploads\/2025\/04\/kouros3-300x290.png\" alt=\"\" width=\"300\" height=\"290\" srcset=\"https:\/\/deeva.website\/wp-content\/uploads\/2025\/04\/kouros3-300x290.png 300w, https:\/\/deeva.website\/wp-content\/uploads\/2025\/04\/kouros3-24x24.png 24w, https:\/\/deeva.website\/wp-content\/uploads\/2025\/04\/kouros3.png 574w\" sizes=\"(max-width: 300px) 100vw, 300px\" \/> <img decoding=\"async\" class=\"alignnone size-medium wp-image-5059\" src=\"http:\/\/deeva.website\/wp-content\/uploads\/2025\/04\/Capture45-205x300.png\" alt=\"\" width=\"205\" height=\"300\" srcset=\"https:\/\/deeva.website\/wp-content\/uploads\/2025\/04\/Capture45-205x300.png 205w, https:\/\/deeva.website\/wp-content\/uploads\/2025\/04\/Capture45.png 313w\" sizes=\"(max-width: 205px) 100vw, 205px\" \/><\/p>\n","protected":false},"featured_media":5055,"comment_status":"open","ping_status":"closed","template":"","meta":[],"product_cat":[87],"product_tag":[],"_links":{"self":[{"href":"https:\/\/deeva.website\/fr-tn\/wp-json\/wp\/v2\/product\/5052"}],"collection":[{"href":"https:\/\/deeva.website\/fr-tn\/wp-json\/wp\/v2\/product"}],"about":[{"href":"https:\/\/deeva.website\/fr-tn\/wp-json\/wp\/v2\/types\/product"}],"replies":[{"embeddable":true,"href":"https:\/\/deeva.website\/fr-tn\/wp-json\/wp\/v2\/comments?post=5052"}],"version-history":[{"count":1,"href":"https:\/\/deeva.website\/fr-tn\/wp-json\/wp\/v2\/product\/5052\/revisions"}],"predecessor-version":[{"id":5061,"href":"https:\/\/deeva.website\/fr-tn\/wp-json\/wp\/v2\/product\/5052\/revisions\/5061"}],"wp:featuredmedia":[{"embeddable":true,"href":"https:\/\/deeva.website\/fr-tn\/wp-json\/wp\/v2\/media\/5055"}],"wp:attachment":[{"href":"https:\/\/deeva.website\/fr-tn\/wp-json\/wp\/v2\/media?parent=5052"}],"wp:term":[{"taxonomy":"product_cat","embeddable":true,"href":"https:\/\/deeva.website\/fr-tn\/wp-json\/wp\/v2\/product_cat?post=5052"},{"taxonomy":"product_tag","embeddable":true,"href":"https:\/\/deeva.website\/fr-tn\/wp-json\/wp\/v2\/product_tag?post=5052"}],"curies":[{"name":"wp","href":"https:\/\/api.w.org\/{rel}","templated":true}]}}