{"id":5042,"date":"2025-04-21T21:43:21","date_gmt":"2025-04-21T19:43:21","guid":{"rendered":"https:\/\/deeva.website\/?post_type=product&#038;p=5042"},"modified":"2025-04-21T21:43:21","modified_gmt":"2025-04-21T19:43:21","slug":"yves-saint-laurent-la-nuit-de-lhomme-eau-de-parfum","status":"publish","type":"product","link":"https:\/\/deeva.website\/fr-tn\/produit\/yves-saint-laurent-la-nuit-de-lhomme-eau-de-parfum\/","title":{"rendered":"Yves Saint Laurent La Nuit de L&#8217;Homme Eau de Parfum"},"content":{"rendered":"<p><strong>La Nuit de L&#8217;Homme Eau de Parfum 100ml<\/strong> de <em>Yves Saint Laurent<\/em> est \u00a0un\u00a0<strong>parfum identique \u00e0 l\u2019original<\/strong>, m\u00eame senteurs, packaging et flacon.<\/p>\n<p>C&#8217;est un parfum Orientale bois\u00e9 pour homme.<\/p>\n<p>Les notes de t\u00eate sont Cardamome et Pamplemousse; les notes de c\u0153ur sont Cuir, Lavande et Sauge sclar\u00e9e; les notes de fond sont F\u00e8ve de tonka, Bois de santal, Patchouli et V\u00e9tiver.<\/p>\n<p><img fetchpriority=\"high\" decoding=\"async\" class=\"alignnone size-full wp-image-5049\" src=\"http:\/\/deeva.website\/wp-content\/uploads\/2025\/04\/nuit4.jpg\" alt=\"\" width=\"225\" height=\"225\" srcset=\"https:\/\/deeva.website\/wp-content\/uploads\/2025\/04\/nuit4.jpg 225w, https:\/\/deeva.website\/wp-content\/uploads\/2025\/04\/nuit4-150x150.jpg 150w, https:\/\/deeva.website\/wp-content\/uploads\/2025\/04\/nuit4-100x100.jpg 100w, https:\/\/deeva.website\/wp-content\/uploads\/2025\/04\/nuit4-24x24.jpg 24w, https:\/\/deeva.website\/wp-content\/uploads\/2025\/04\/nuit4-48x48.jpg 48w, https:\/\/deeva.website\/wp-content\/uploads\/2025\/04\/nuit4-96x96.jpg 96w\" sizes=\"(max-width: 225px) 100vw, 225px\" \/> <img decoding=\"async\" class=\"alignnone size-medium wp-image-5043\" src=\"http:\/\/deeva.website\/wp-content\/uploads\/2025\/04\/Capture44-229x300.png\" alt=\"\" width=\"229\" height=\"300\" srcset=\"https:\/\/deeva.website\/wp-content\/uploads\/2025\/04\/Capture44-229x300.png 229w, https:\/\/deeva.website\/wp-content\/uploads\/2025\/04\/Capture44.png 358w\" sizes=\"(max-width: 229px) 100vw, 229px\" \/><\/p>\n","protected":false},"excerpt":{"rendered":"<p><strong>La Nuit de L&#8217;Homme Eau de Parfum 100ml<\/strong> de <em>Yves Saint Laurent<\/em> est \u00a0un\u00a0<strong>parfum identique \u00e0 l\u2019original<\/strong>, m\u00eame senteurs, packaging et flacon.<\/p>\n<p>C&#8217;est un parfum Orientale bois\u00e9 pour homme.<\/p>\n<p>Les notes de t\u00eate sont Cardamome et Pamplemousse; les notes de c\u0153ur sont Cuir, Lavande et Sauge sclar\u00e9e; les notes de fond sont F\u00e8ve de tonka, Bois de santal, Patchouli et V\u00e9tiver.<\/p>\n<p><img fetchpriority=\"high\" decoding=\"async\" class=\"alignnone size-full wp-image-5049\" src=\"http:\/\/deeva.website\/wp-content\/uploads\/2025\/04\/nuit4.jpg\" alt=\"\" width=\"225\" height=\"225\" srcset=\"https:\/\/deeva.website\/wp-content\/uploads\/2025\/04\/nuit4.jpg 225w, https:\/\/deeva.website\/wp-content\/uploads\/2025\/04\/nuit4-150x150.jpg 150w, https:\/\/deeva.website\/wp-content\/uploads\/2025\/04\/nuit4-100x100.jpg 100w, https:\/\/deeva.website\/wp-content\/uploads\/2025\/04\/nuit4-24x24.jpg 24w, https:\/\/deeva.website\/wp-content\/uploads\/2025\/04\/nuit4-48x48.jpg 48w, https:\/\/deeva.website\/wp-content\/uploads\/2025\/04\/nuit4-96x96.jpg 96w\" sizes=\"(max-width: 225px) 100vw, 225px\" \/> <img decoding=\"async\" class=\"alignnone size-medium wp-image-5043\" src=\"http:\/\/deeva.website\/wp-content\/uploads\/2025\/04\/Capture44-229x300.png\" alt=\"\" width=\"229\" height=\"300\" srcset=\"https:\/\/deeva.website\/wp-content\/uploads\/2025\/04\/Capture44-229x300.png 229w, https:\/\/deeva.website\/wp-content\/uploads\/2025\/04\/Capture44.png 358w\" sizes=\"(max-width: 229px) 100vw, 229px\" \/><\/p>\n","protected":false},"featured_media":5047,"comment_status":"open","ping_status":"closed","template":"","meta":[],"product_cat":[71],"product_tag":[],"_links":{"self":[{"href":"https:\/\/deeva.website\/fr-tn\/wp-json\/wp\/v2\/product\/5042"}],"collection":[{"href":"https:\/\/deeva.website\/fr-tn\/wp-json\/wp\/v2\/product"}],"about":[{"href":"https:\/\/deeva.website\/fr-tn\/wp-json\/wp\/v2\/types\/product"}],"replies":[{"embeddable":true,"href":"https:\/\/deeva.website\/fr-tn\/wp-json\/wp\/v2\/comments?post=5042"}],"version-history":[{"count":1,"href":"https:\/\/deeva.website\/fr-tn\/wp-json\/wp\/v2\/product\/5042\/revisions"}],"predecessor-version":[{"id":5051,"href":"https:\/\/deeva.website\/fr-tn\/wp-json\/wp\/v2\/product\/5042\/revisions\/5051"}],"wp:featuredmedia":[{"embeddable":true,"href":"https:\/\/deeva.website\/fr-tn\/wp-json\/wp\/v2\/media\/5047"}],"wp:attachment":[{"href":"https:\/\/deeva.website\/fr-tn\/wp-json\/wp\/v2\/media?parent=5042"}],"wp:term":[{"taxonomy":"product_cat","embeddable":true,"href":"https:\/\/deeva.website\/fr-tn\/wp-json\/wp\/v2\/product_cat?post=5042"},{"taxonomy":"product_tag","embeddable":true,"href":"https:\/\/deeva.website\/fr-tn\/wp-json\/wp\/v2\/product_tag?post=5042"}],"curies":[{"name":"wp","href":"https:\/\/api.w.org\/{rel}","templated":true}]}}