{"id":5032,"date":"2025-04-21T21:35:28","date_gmt":"2025-04-21T19:35:28","guid":{"rendered":"https:\/\/deeva.website\/?post_type=product&#038;p=5032"},"modified":"2025-04-21T21:35:29","modified_gmt":"2025-04-21T19:35:29","slug":"yves-saint-laurent-y-eau-de-parfum","status":"publish","type":"product","link":"https:\/\/deeva.website\/fr-tn\/produit\/yves-saint-laurent-y-eau-de-parfum\/","title":{"rendered":"Yves Saint Laurent Y Eau de Parfum"},"content":{"rendered":"<p><strong>Y Eau de Parfum 100ml<\/strong> de <em>Yves Saint Laurent<\/em> est \u00a0un\u00a0<strong>parfum identique \u00e0 l\u2019original<\/strong>, m\u00eame senteurs, packaging et flacon.<\/p>\n<p>C&#8217;est un parfum Aromatique Foug\u00e8re pour homme.<\/p>\n<p>Les notes de t\u00eate sont Pomme, Gingembre et Bergamote; les notes de c\u0153ur sont Sauge, Baies de gen\u00e9vrier et G\u00e9ranium; les notes de fond sont Amberwood, F\u00e8ve de tonka, C\u00e8dre, V\u00e9tiver et R\u00e9sine oliban.<\/p>\n<p><img fetchpriority=\"high\" decoding=\"async\" class=\"alignnone size-medium wp-image-5039\" src=\"http:\/\/deeva.website\/wp-content\/uploads\/2025\/04\/Capture43-237x300.png\" alt=\"\" width=\"237\" height=\"300\" srcset=\"https:\/\/deeva.website\/wp-content\/uploads\/2025\/04\/Capture43-237x300.png 237w, https:\/\/deeva.website\/wp-content\/uploads\/2025\/04\/Capture43.png 366w\" sizes=\"(max-width: 237px) 100vw, 237px\" \/> <img decoding=\"async\" class=\"alignnone size-medium wp-image-5033\" src=\"http:\/\/deeva.website\/wp-content\/uploads\/2025\/04\/yve4-300x300.jpg\" alt=\"\" width=\"300\" height=\"300\" srcset=\"https:\/\/deeva.website\/wp-content\/uploads\/2025\/04\/yve4-300x300.jpg 300w, https:\/\/deeva.website\/wp-content\/uploads\/2025\/04\/yve4-150x150.jpg 150w, https:\/\/deeva.website\/wp-content\/uploads\/2025\/04\/yve4-400x400.jpg 400w, https:\/\/deeva.website\/wp-content\/uploads\/2025\/04\/yve4-100x100.jpg 100w, https:\/\/deeva.website\/wp-content\/uploads\/2025\/04\/yve4-24x24.jpg 24w, https:\/\/deeva.website\/wp-content\/uploads\/2025\/04\/yve4-48x48.jpg 48w, https:\/\/deeva.website\/wp-content\/uploads\/2025\/04\/yve4-96x96.jpg 96w, https:\/\/deeva.website\/wp-content\/uploads\/2025\/04\/yve4.jpg 554w\" sizes=\"(max-width: 300px) 100vw, 300px\" \/><\/p>\n","protected":false},"excerpt":{"rendered":"<p><strong>Y Eau de Parfum 100ml<\/strong> de <em>Yves Saint Laurent<\/em> est \u00a0un\u00a0<strong>parfum identique \u00e0 l\u2019original<\/strong>, m\u00eame senteurs, packaging et flacon.<\/p>\n<p>C&#8217;est un parfum Aromatique Foug\u00e8re pour homme.<\/p>\n<p>Les notes de t\u00eate sont Pomme, Gingembre et Bergamote; les notes de c\u0153ur sont Sauge, Baies de gen\u00e9vrier et G\u00e9ranium; les notes de fond sont Amberwood, F\u00e8ve de tonka, C\u00e8dre, V\u00e9tiver et R\u00e9sine oliban.<\/p>\n<p><img fetchpriority=\"high\" decoding=\"async\" class=\"alignnone size-medium wp-image-5039\" src=\"http:\/\/deeva.website\/wp-content\/uploads\/2025\/04\/Capture43-237x300.png\" alt=\"\" width=\"237\" height=\"300\" srcset=\"https:\/\/deeva.website\/wp-content\/uploads\/2025\/04\/Capture43-237x300.png 237w, https:\/\/deeva.website\/wp-content\/uploads\/2025\/04\/Capture43.png 366w\" sizes=\"(max-width: 237px) 100vw, 237px\" \/> <img decoding=\"async\" class=\"alignnone size-medium wp-image-5033\" src=\"http:\/\/deeva.website\/wp-content\/uploads\/2025\/04\/yve4-300x300.jpg\" alt=\"\" width=\"300\" height=\"300\" srcset=\"https:\/\/deeva.website\/wp-content\/uploads\/2025\/04\/yve4-300x300.jpg 300w, https:\/\/deeva.website\/wp-content\/uploads\/2025\/04\/yve4-150x150.jpg 150w, https:\/\/deeva.website\/wp-content\/uploads\/2025\/04\/yve4-400x400.jpg 400w, https:\/\/deeva.website\/wp-content\/uploads\/2025\/04\/yve4-100x100.jpg 100w, https:\/\/deeva.website\/wp-content\/uploads\/2025\/04\/yve4-24x24.jpg 24w, https:\/\/deeva.website\/wp-content\/uploads\/2025\/04\/yve4-48x48.jpg 48w, https:\/\/deeva.website\/wp-content\/uploads\/2025\/04\/yve4-96x96.jpg 96w, https:\/\/deeva.website\/wp-content\/uploads\/2025\/04\/yve4.jpg 554w\" sizes=\"(max-width: 300px) 100vw, 300px\" \/><\/p>\n","protected":false},"featured_media":5035,"comment_status":"open","ping_status":"closed","template":"","meta":[],"product_cat":[71],"product_tag":[],"_links":{"self":[{"href":"https:\/\/deeva.website\/fr-tn\/wp-json\/wp\/v2\/product\/5032"}],"collection":[{"href":"https:\/\/deeva.website\/fr-tn\/wp-json\/wp\/v2\/product"}],"about":[{"href":"https:\/\/deeva.website\/fr-tn\/wp-json\/wp\/v2\/types\/product"}],"replies":[{"embeddable":true,"href":"https:\/\/deeva.website\/fr-tn\/wp-json\/wp\/v2\/comments?post=5032"}],"version-history":[{"count":1,"href":"https:\/\/deeva.website\/fr-tn\/wp-json\/wp\/v2\/product\/5032\/revisions"}],"predecessor-version":[{"id":5041,"href":"https:\/\/deeva.website\/fr-tn\/wp-json\/wp\/v2\/product\/5032\/revisions\/5041"}],"wp:featuredmedia":[{"embeddable":true,"href":"https:\/\/deeva.website\/fr-tn\/wp-json\/wp\/v2\/media\/5035"}],"wp:attachment":[{"href":"https:\/\/deeva.website\/fr-tn\/wp-json\/wp\/v2\/media?parent=5032"}],"wp:term":[{"taxonomy":"product_cat","embeddable":true,"href":"https:\/\/deeva.website\/fr-tn\/wp-json\/wp\/v2\/product_cat?post=5032"},{"taxonomy":"product_tag","embeddable":true,"href":"https:\/\/deeva.website\/fr-tn\/wp-json\/wp\/v2\/product_tag?post=5032"}],"curies":[{"name":"wp","href":"https:\/\/api.w.org\/{rel}","templated":true}]}}