{"id":5019,"date":"2025-04-21T21:26:39","date_gmt":"2025-04-21T19:26:39","guid":{"rendered":"https:\/\/deeva.website\/?post_type=product&#038;p=5019"},"modified":"2025-04-21T21:26:40","modified_gmt":"2025-04-21T19:26:40","slug":"yves-saint-laurent-y-le-parfum","status":"publish","type":"product","link":"https:\/\/deeva.website\/fr-tn\/produit\/yves-saint-laurent-y-le-parfum\/","title":{"rendered":"Yves Saint Laurent Y Le Parfum"},"content":{"rendered":"<p><strong>Y Le Parfum 100ml<\/strong> de <em>Yves Saint Laurent<\/em> est \u00a0un\u00a0<strong>parfum identique \u00e0 l\u2019original<\/strong>, m\u00eame senteurs, packaging et flacon.<\/p>\n<p>C&#8217;est un parfum Orientale Foug\u00e8re pour homme.<\/p>\n<p>Les notes de t\u00eate sont Pomme, Ald\u00e9hydes, Pamplemousse et Gingembre; les notes de c\u0153ur sont Lavande, Sauge et G\u00e9ranium; les notes de fond sont F\u00e8ve de tonka, C\u00e8dre, R\u00e9sine oliban et Patchouli.<\/p>\n<p><img fetchpriority=\"high\" decoding=\"async\" class=\"alignnone size-medium wp-image-5026\" src=\"http:\/\/deeva.website\/wp-content\/uploads\/2025\/04\/yyyy4-250x300.jpg\" alt=\"\" width=\"250\" height=\"300\" srcset=\"https:\/\/deeva.website\/wp-content\/uploads\/2025\/04\/yyyy4-250x300.jpg 250w, https:\/\/deeva.website\/wp-content\/uploads\/2025\/04\/yyyy4.jpg 500w\" sizes=\"(max-width: 250px) 100vw, 250px\" \/> <img decoding=\"async\" class=\"alignnone size-medium wp-image-5028\" src=\"http:\/\/deeva.website\/wp-content\/uploads\/2025\/04\/Capture42-235x300.png\" alt=\"\" width=\"235\" height=\"300\" srcset=\"https:\/\/deeva.website\/wp-content\/uploads\/2025\/04\/Capture42-235x300.png 235w, https:\/\/deeva.website\/wp-content\/uploads\/2025\/04\/Capture42.png 367w\" sizes=\"(max-width: 235px) 100vw, 235px\" \/><\/p>\n","protected":false},"excerpt":{"rendered":"<p><strong>Y Le Parfum<\/strong> de <em>Yves Saint Laurent<\/em> est \u00a0un\u00a0<strong>parfum identique \u00e0 l\u2019original<\/strong>, m\u00eame senteurs, packaging et flacon.<\/p>\n<p>C&#8217;est un parfum Orientale Foug\u00e8re pour homme.<\/p>\n<p>Les notes de t\u00eate sont Pomme, Ald\u00e9hydes, Pamplemousse et Gingembre; les notes de c\u0153ur sont Lavande, Sauge et G\u00e9ranium; les notes de fond sont F\u00e8ve de tonka, C\u00e8dre, R\u00e9sine oliban et Patchouli.<\/p>\n<p><img fetchpriority=\"high\" decoding=\"async\" class=\"alignnone size-medium wp-image-5026\" src=\"http:\/\/deeva.website\/wp-content\/uploads\/2025\/04\/yyyy4-250x300.jpg\" alt=\"\" width=\"250\" height=\"300\" srcset=\"https:\/\/deeva.website\/wp-content\/uploads\/2025\/04\/yyyy4-250x300.jpg 250w, https:\/\/deeva.website\/wp-content\/uploads\/2025\/04\/yyyy4.jpg 500w\" sizes=\"(max-width: 250px) 100vw, 250px\" \/> <img decoding=\"async\" class=\"alignnone size-medium wp-image-5028\" src=\"http:\/\/deeva.website\/wp-content\/uploads\/2025\/04\/Capture42-235x300.png\" alt=\"\" width=\"235\" height=\"300\" srcset=\"https:\/\/deeva.website\/wp-content\/uploads\/2025\/04\/Capture42-235x300.png 235w, https:\/\/deeva.website\/wp-content\/uploads\/2025\/04\/Capture42.png 367w\" sizes=\"(max-width: 235px) 100vw, 235px\" \/><\/p>\n","protected":false},"featured_media":5020,"comment_status":"open","ping_status":"closed","template":"","meta":[],"product_cat":[71],"product_tag":[],"_links":{"self":[{"href":"https:\/\/deeva.website\/fr-tn\/wp-json\/wp\/v2\/product\/5019"}],"collection":[{"href":"https:\/\/deeva.website\/fr-tn\/wp-json\/wp\/v2\/product"}],"about":[{"href":"https:\/\/deeva.website\/fr-tn\/wp-json\/wp\/v2\/types\/product"}],"replies":[{"embeddable":true,"href":"https:\/\/deeva.website\/fr-tn\/wp-json\/wp\/v2\/comments?post=5019"}],"version-history":[{"count":1,"href":"https:\/\/deeva.website\/fr-tn\/wp-json\/wp\/v2\/product\/5019\/revisions"}],"predecessor-version":[{"id":5030,"href":"https:\/\/deeva.website\/fr-tn\/wp-json\/wp\/v2\/product\/5019\/revisions\/5030"}],"wp:featuredmedia":[{"embeddable":true,"href":"https:\/\/deeva.website\/fr-tn\/wp-json\/wp\/v2\/media\/5020"}],"wp:attachment":[{"href":"https:\/\/deeva.website\/fr-tn\/wp-json\/wp\/v2\/media?parent=5019"}],"wp:term":[{"taxonomy":"product_cat","embeddable":true,"href":"https:\/\/deeva.website\/fr-tn\/wp-json\/wp\/v2\/product_cat?post=5019"},{"taxonomy":"product_tag","embeddable":true,"href":"https:\/\/deeva.website\/fr-tn\/wp-json\/wp\/v2\/product_tag?post=5019"}],"curies":[{"name":"wp","href":"https:\/\/api.w.org\/{rel}","templated":true}]}}