{"id":5009,"date":"2025-04-21T20:58:20","date_gmt":"2025-04-21T18:58:20","guid":{"rendered":"https:\/\/deeva.website\/?post_type=product&#038;p=5009"},"modified":"2025-10-02T07:25:45","modified_gmt":"2025-10-02T05:25:45","slug":"bvlgari-man-wood-essence","status":"publish","type":"product","link":"https:\/\/deeva.website\/fr-tn\/produit\/bvlgari-man-wood-essence\/","title":{"rendered":"Bvlgari Man Wood Essence"},"content":{"rendered":"<p><strong>Bvlgari Man Wood Essence 100ml<\/strong> de <em>Bvlgari<\/em> est \u00a0un\u00a0<strong>parfum identique \u00e0 l\u2019original<\/strong>, m\u00eame senteurs, packaging et flacon.<\/p>\n<p>C&#8217;est un parfum Bois\u00e9 pour homme.<\/p>\n<p>Les notes de t\u00eate sont Agrumes sucr\u00e9es, Zeste de citron et Feuille de coriandre; les notes de c\u0153ur sont Cypr\u00e8s, C\u00e8dre et V\u00e9tiver; la note de fond est Benjoin.<\/p>\n<p><img fetchpriority=\"high\" decoding=\"async\" class=\"alignnone size-medium wp-image-5010\" src=\"http:\/\/deeva.website\/wp-content\/uploads\/2025\/04\/ezgif-4-946b784181-196x300.jpg\" alt=\"\" width=\"196\" height=\"300\" srcset=\"https:\/\/deeva.website\/wp-content\/uploads\/2025\/04\/ezgif-4-946b784181-196x300.jpg 196w, https:\/\/deeva.website\/wp-content\/uploads\/2025\/04\/ezgif-4-946b784181-668x1024.jpg 668w, https:\/\/deeva.website\/wp-content\/uploads\/2025\/04\/ezgif-4-946b784181-768x1178.jpg 768w, https:\/\/deeva.website\/wp-content\/uploads\/2025\/04\/ezgif-4-946b784181-600x920.jpg 600w, https:\/\/deeva.website\/wp-content\/uploads\/2025\/04\/ezgif-4-946b784181.jpg 780w\" sizes=\"(max-width: 196px) 100vw, 196px\" \/> <img decoding=\"async\" class=\"alignnone size-medium wp-image-5016\" src=\"http:\/\/deeva.website\/wp-content\/uploads\/2025\/04\/Capture41-286x300.png\" alt=\"\" width=\"286\" height=\"300\" srcset=\"https:\/\/deeva.website\/wp-content\/uploads\/2025\/04\/Capture41-286x300.png 286w, https:\/\/deeva.website\/wp-content\/uploads\/2025\/04\/Capture41-24x24.png 24w, https:\/\/deeva.website\/wp-content\/uploads\/2025\/04\/Capture41.png 374w\" sizes=\"(max-width: 286px) 100vw, 286px\" \/><\/p>\n","protected":false},"excerpt":{"rendered":"<p><strong>Bvlgari Man Wood Essence 100ml<\/strong> de <em>Bvlgari<\/em> est \u00a0un\u00a0<strong>parfum identique \u00e0 l\u2019original<\/strong>, m\u00eame senteurs, packaging et flacon.<\/p>\n<p>C&#8217;est un parfum Bois\u00e9 pour homme.<\/p>\n<p>Les notes de t\u00eate sont Agrumes sucr\u00e9es, Zeste de citron et Feuille de coriandre; les notes de c\u0153ur sont Cypr\u00e8s, C\u00e8dre et V\u00e9tiver; la note de fond est Benjoin.<\/p>\n<p><img fetchpriority=\"high\" decoding=\"async\" class=\"alignnone size-medium wp-image-5010\" src=\"http:\/\/deeva.website\/wp-content\/uploads\/2025\/04\/ezgif-4-946b784181-196x300.jpg\" alt=\"\" width=\"196\" height=\"300\" srcset=\"https:\/\/deeva.website\/wp-content\/uploads\/2025\/04\/ezgif-4-946b784181-196x300.jpg 196w, https:\/\/deeva.website\/wp-content\/uploads\/2025\/04\/ezgif-4-946b784181-668x1024.jpg 668w, https:\/\/deeva.website\/wp-content\/uploads\/2025\/04\/ezgif-4-946b784181-768x1178.jpg 768w, https:\/\/deeva.website\/wp-content\/uploads\/2025\/04\/ezgif-4-946b784181-600x920.jpg 600w, https:\/\/deeva.website\/wp-content\/uploads\/2025\/04\/ezgif-4-946b784181.jpg 780w\" sizes=\"(max-width: 196px) 100vw, 196px\" \/> <img decoding=\"async\" class=\"alignnone size-medium wp-image-5016\" src=\"http:\/\/deeva.website\/wp-content\/uploads\/2025\/04\/Capture41-286x300.png\" alt=\"\" width=\"286\" height=\"300\" srcset=\"https:\/\/deeva.website\/wp-content\/uploads\/2025\/04\/Capture41-286x300.png 286w, https:\/\/deeva.website\/wp-content\/uploads\/2025\/04\/Capture41-24x24.png 24w, https:\/\/deeva.website\/wp-content\/uploads\/2025\/04\/Capture41.png 374w\" sizes=\"(max-width: 286px) 100vw, 286px\" \/><\/p>\n","protected":false},"featured_media":5012,"comment_status":"open","ping_status":"closed","template":"","meta":[],"product_cat":[71],"product_tag":[],"_links":{"self":[{"href":"https:\/\/deeva.website\/fr-tn\/wp-json\/wp\/v2\/product\/5009"}],"collection":[{"href":"https:\/\/deeva.website\/fr-tn\/wp-json\/wp\/v2\/product"}],"about":[{"href":"https:\/\/deeva.website\/fr-tn\/wp-json\/wp\/v2\/types\/product"}],"replies":[{"embeddable":true,"href":"https:\/\/deeva.website\/fr-tn\/wp-json\/wp\/v2\/comments?post=5009"}],"version-history":[{"count":1,"href":"https:\/\/deeva.website\/fr-tn\/wp-json\/wp\/v2\/product\/5009\/revisions"}],"predecessor-version":[{"id":5018,"href":"https:\/\/deeva.website\/fr-tn\/wp-json\/wp\/v2\/product\/5009\/revisions\/5018"}],"wp:featuredmedia":[{"embeddable":true,"href":"https:\/\/deeva.website\/fr-tn\/wp-json\/wp\/v2\/media\/5012"}],"wp:attachment":[{"href":"https:\/\/deeva.website\/fr-tn\/wp-json\/wp\/v2\/media?parent=5009"}],"wp:term":[{"taxonomy":"product_cat","embeddable":true,"href":"https:\/\/deeva.website\/fr-tn\/wp-json\/wp\/v2\/product_cat?post=5009"},{"taxonomy":"product_tag","embeddable":true,"href":"https:\/\/deeva.website\/fr-tn\/wp-json\/wp\/v2\/product_tag?post=5009"}],"curies":[{"name":"wp","href":"https:\/\/api.w.org\/{rel}","templated":true}]}}