{"id":4997,"date":"2025-04-21T20:50:19","date_gmt":"2025-04-21T18:50:19","guid":{"rendered":"https:\/\/deeva.website\/?post_type=product&#038;p=4997"},"modified":"2025-04-21T20:50:20","modified_gmt":"2025-04-21T18:50:20","slug":"bvlgari-man-in-black","status":"publish","type":"product","link":"https:\/\/deeva.website\/fr-tn\/produit\/bvlgari-man-in-black\/","title":{"rendered":"Bvlgari Man In Black"},"content":{"rendered":"<p><strong>Bvlgari Man In Black 100ml<\/strong> de <em>Bvlgari<\/em> est un\u00a0<strong>parfum identique \u00e0 l\u2019original<\/strong>, m\u00eame senteurs, packaging et flacon.<\/p>\n<p>C&#8217;est un parfum Orientale Floral pour homme.<\/p>\n<p>Les notes de t\u00eate sont \u00c9pices, Rhum et Tabac; les notes de c\u0153ur sont Cuir, Iris et Tub\u00e9reuse; les notes de fond sont F\u00e8ve de tonka, Ga\u00efac et Benjoin.<\/p>\n<p><img fetchpriority=\"high\" decoding=\"async\" class=\"alignnone size-full wp-image-4998\" src=\"http:\/\/deeva.website\/wp-content\/uploads\/2025\/04\/images-2025-04-21T194330.035.jpg\" alt=\"\" width=\"259\" height=\"194\" \/> <img decoding=\"async\" class=\"alignnone size-medium wp-image-5006\" src=\"http:\/\/deeva.website\/wp-content\/uploads\/2025\/04\/Capture40-267x300.png\" alt=\"\" width=\"267\" height=\"300\" srcset=\"https:\/\/deeva.website\/wp-content\/uploads\/2025\/04\/Capture40-267x300.png 267w, https:\/\/deeva.website\/wp-content\/uploads\/2025\/04\/Capture40.png 421w\" sizes=\"(max-width: 267px) 100vw, 267px\" \/><\/p>\n","protected":false},"excerpt":{"rendered":"<p><strong>Bvlgari Man In Black 100ml<\/strong> de <em>Bvlgari<\/em> est un\u00a0<strong>parfum identique \u00e0 l\u2019original<\/strong>, m\u00eame senteurs, packaging et flacon.<\/p>\n<p>C&#8217;est un parfum Orientale Floral pour homme.<\/p>\n<p>Les notes de t\u00eate sont \u00c9pices, Rhum et Tabac; les notes de c\u0153ur sont Cuir, Iris et Tub\u00e9reuse; les notes de fond sont F\u00e8ve de tonka, Ga\u00efac et Benjoin.<\/p>\n<p><img fetchpriority=\"high\" decoding=\"async\" class=\"alignnone size-full wp-image-4998\" src=\"http:\/\/deeva.website\/wp-content\/uploads\/2025\/04\/images-2025-04-21T194330.035.jpg\" alt=\"\" width=\"259\" height=\"194\" \/> <img decoding=\"async\" class=\"alignnone size-medium wp-image-5006\" src=\"http:\/\/deeva.website\/wp-content\/uploads\/2025\/04\/Capture40-267x300.png\" alt=\"\" width=\"267\" height=\"300\" srcset=\"https:\/\/deeva.website\/wp-content\/uploads\/2025\/04\/Capture40-267x300.png 267w, https:\/\/deeva.website\/wp-content\/uploads\/2025\/04\/Capture40.png 421w\" sizes=\"(max-width: 267px) 100vw, 267px\" \/><\/p>\n","protected":false},"featured_media":5000,"comment_status":"open","ping_status":"closed","template":"","meta":[],"product_cat":[71],"product_tag":[],"_links":{"self":[{"href":"https:\/\/deeva.website\/fr-tn\/wp-json\/wp\/v2\/product\/4997"}],"collection":[{"href":"https:\/\/deeva.website\/fr-tn\/wp-json\/wp\/v2\/product"}],"about":[{"href":"https:\/\/deeva.website\/fr-tn\/wp-json\/wp\/v2\/types\/product"}],"replies":[{"embeddable":true,"href":"https:\/\/deeva.website\/fr-tn\/wp-json\/wp\/v2\/comments?post=4997"}],"version-history":[{"count":1,"href":"https:\/\/deeva.website\/fr-tn\/wp-json\/wp\/v2\/product\/4997\/revisions"}],"predecessor-version":[{"id":5008,"href":"https:\/\/deeva.website\/fr-tn\/wp-json\/wp\/v2\/product\/4997\/revisions\/5008"}],"wp:featuredmedia":[{"embeddable":true,"href":"https:\/\/deeva.website\/fr-tn\/wp-json\/wp\/v2\/media\/5000"}],"wp:attachment":[{"href":"https:\/\/deeva.website\/fr-tn\/wp-json\/wp\/v2\/media?parent=4997"}],"wp:term":[{"taxonomy":"product_cat","embeddable":true,"href":"https:\/\/deeva.website\/fr-tn\/wp-json\/wp\/v2\/product_cat?post=4997"},{"taxonomy":"product_tag","embeddable":true,"href":"https:\/\/deeva.website\/fr-tn\/wp-json\/wp\/v2\/product_tag?post=4997"}],"curies":[{"name":"wp","href":"https:\/\/api.w.org\/{rel}","templated":true}]}}