{"id":4972,"date":"2025-04-21T20:28:32","date_gmt":"2025-04-21T18:28:32","guid":{"rendered":"https:\/\/deeva.website\/?post_type=product&#038;p=4972"},"modified":"2025-04-21T20:28:32","modified_gmt":"2025-04-21T18:28:32","slug":"tom-ford-black-orchid-unisexe","status":"publish","type":"product","link":"https:\/\/deeva.website\/fr-tn\/produit\/tom-ford-black-orchid-unisexe\/","title":{"rendered":"Tom Ford black Orchid UNISEXE"},"content":{"rendered":"<p><strong>Black<\/strong> <strong>Orchid 100ml<\/strong> de <em>Tom<\/em> <em>Ford<\/em> est un\u00a0<strong>parfum identique \u00e0 l\u2019original<\/strong>, m\u00eame senteurs, packaging et flacon.<\/p>\n<p>C&#8217;est un parfum Orientale Floral pour Homme et Femme.<\/p>\n<p>Les notes de t\u00eate sont Truffe, Gard\u00e9nia, Cassis, Ylang-ylang, Jasmin, Bergamote, Mandarine et Limone Costa d&#8217;Amalfi; les notes de coeur sont Orchid\u00e9e, Epices, Gard\u00e9nia, Notes fruit\u00e9es, Ylang-ylang, Jasmin et Lotus; les notes de fond sont Chocolat du Mexique, Patchouli, Vanille, Encens, Ambre, Bois de santal, V\u00e9tiver et Musc blanc.<\/p>\n<p><img fetchpriority=\"high\" decoding=\"async\" class=\"alignnone size-medium wp-image-4973\" src=\"http:\/\/deeva.website\/wp-content\/uploads\/2025\/04\/tkHGCG9aJAXuKVw36JCK7Wzsfo0Pob1dFXQZ8qlk-229x300.jpg\" alt=\"\" width=\"229\" height=\"300\" srcset=\"https:\/\/deeva.website\/wp-content\/uploads\/2025\/04\/tkHGCG9aJAXuKVw36JCK7Wzsfo0Pob1dFXQZ8qlk-229x300.jpg 229w, https:\/\/deeva.website\/wp-content\/uploads\/2025\/04\/tkHGCG9aJAXuKVw36JCK7Wzsfo0Pob1dFXQZ8qlk-600x785.jpg 600w, https:\/\/deeva.website\/wp-content\/uploads\/2025\/04\/tkHGCG9aJAXuKVw36JCK7Wzsfo0Pob1dFXQZ8qlk.jpg 720w\" sizes=\"(max-width: 229px) 100vw, 229px\" \/> <img decoding=\"async\" class=\"alignnone size-medium wp-image-4983\" src=\"http:\/\/deeva.website\/wp-content\/uploads\/2025\/04\/Capture38-253x300.png\" alt=\"\" width=\"253\" height=\"300\" srcset=\"https:\/\/deeva.website\/wp-content\/uploads\/2025\/04\/Capture38-253x300.png 253w, https:\/\/deeva.website\/wp-content\/uploads\/2025\/04\/Capture38.png 397w\" sizes=\"(max-width: 253px) 100vw, 253px\" \/><\/p>\n","protected":false},"excerpt":{"rendered":"<p><strong>Black<\/strong> <strong>Orchid 100ml<\/strong> de <em>Tom<\/em> <em>Ford<\/em> est un\u00a0<strong>parfum identique \u00e0 l\u2019original<\/strong>, m\u00eame senteurs, packaging et flacon.<\/p>\n<p>C&#8217;est un parfum Orientale Floral pour Homme et Femme.<\/p>\n<p>Les notes de t\u00eate sont Truffe, Gard\u00e9nia, Cassis, Ylang-ylang, Jasmin, Bergamote, Mandarine et Limone Costa d&#8217;Amalfi; les notes de coeur sont Orchid\u00e9e, Epices, Gard\u00e9nia, Notes fruit\u00e9es, Ylang-ylang, Jasmin et Lotus; les notes de fond sont Chocolat du Mexique, Patchouli, Vanille, Encens, Ambre, Bois de santal, V\u00e9tiver et Musc blanc.<\/p>\n<p><img fetchpriority=\"high\" decoding=\"async\" class=\"alignnone size-medium wp-image-4973\" src=\"http:\/\/deeva.website\/wp-content\/uploads\/2025\/04\/tkHGCG9aJAXuKVw36JCK7Wzsfo0Pob1dFXQZ8qlk-229x300.jpg\" alt=\"\" width=\"229\" height=\"300\" srcset=\"https:\/\/deeva.website\/wp-content\/uploads\/2025\/04\/tkHGCG9aJAXuKVw36JCK7Wzsfo0Pob1dFXQZ8qlk-229x300.jpg 229w, https:\/\/deeva.website\/wp-content\/uploads\/2025\/04\/tkHGCG9aJAXuKVw36JCK7Wzsfo0Pob1dFXQZ8qlk-600x785.jpg 600w, https:\/\/deeva.website\/wp-content\/uploads\/2025\/04\/tkHGCG9aJAXuKVw36JCK7Wzsfo0Pob1dFXQZ8qlk.jpg 720w\" sizes=\"(max-width: 229px) 100vw, 229px\" \/> <img decoding=\"async\" class=\"alignnone size-medium wp-image-4983\" src=\"http:\/\/deeva.website\/wp-content\/uploads\/2025\/04\/Capture38-253x300.png\" alt=\"\" width=\"253\" height=\"300\" srcset=\"https:\/\/deeva.website\/wp-content\/uploads\/2025\/04\/Capture38-253x300.png 253w, https:\/\/deeva.website\/wp-content\/uploads\/2025\/04\/Capture38.png 397w\" sizes=\"(max-width: 253px) 100vw, 253px\" \/><\/p>\n","protected":false},"featured_media":4981,"comment_status":"open","ping_status":"closed","template":"","meta":[],"product_cat":[81,71],"product_tag":[],"_links":{"self":[{"href":"https:\/\/deeva.website\/fr-tn\/wp-json\/wp\/v2\/product\/4972"}],"collection":[{"href":"https:\/\/deeva.website\/fr-tn\/wp-json\/wp\/v2\/product"}],"about":[{"href":"https:\/\/deeva.website\/fr-tn\/wp-json\/wp\/v2\/types\/product"}],"replies":[{"embeddable":true,"href":"https:\/\/deeva.website\/fr-tn\/wp-json\/wp\/v2\/comments?post=4972"}],"version-history":[{"count":1,"href":"https:\/\/deeva.website\/fr-tn\/wp-json\/wp\/v2\/product\/4972\/revisions"}],"predecessor-version":[{"id":4985,"href":"https:\/\/deeva.website\/fr-tn\/wp-json\/wp\/v2\/product\/4972\/revisions\/4985"}],"wp:featuredmedia":[{"embeddable":true,"href":"https:\/\/deeva.website\/fr-tn\/wp-json\/wp\/v2\/media\/4981"}],"wp:attachment":[{"href":"https:\/\/deeva.website\/fr-tn\/wp-json\/wp\/v2\/media?parent=4972"}],"wp:term":[{"taxonomy":"product_cat","embeddable":true,"href":"https:\/\/deeva.website\/fr-tn\/wp-json\/wp\/v2\/product_cat?post=4972"},{"taxonomy":"product_tag","embeddable":true,"href":"https:\/\/deeva.website\/fr-tn\/wp-json\/wp\/v2\/product_tag?post=4972"}],"curies":[{"name":"wp","href":"https:\/\/api.w.org\/{rel}","templated":true}]}}