{"id":4954,"date":"2025-04-21T14:54:08","date_gmt":"2025-04-21T12:54:08","guid":{"rendered":"https:\/\/deeva.website\/?post_type=product&#038;p=4954"},"modified":"2025-04-21T14:54:08","modified_gmt":"2025-04-21T12:54:08","slug":"jean-paul-gaultier-ultra-male-intense","status":"publish","type":"product","link":"https:\/\/deeva.website\/fr-tn\/produit\/jean-paul-gaultier-ultra-male-intense\/","title":{"rendered":"Jean Paul Gaultier Ultra Male intense"},"content":{"rendered":"<p><strong>Ultra Male 125ml<\/strong> de <em>Jean<\/em> <em>Paul<\/em> <em>Gaultier<\/em> est un\u00a0<strong>parfum identique \u00e0 l\u2019original<\/strong>, m\u00eame senteurs, packaging et flacon.<\/p>\n<p>C&#8217;est un parfum Orientale Foug\u00e8re pour homme.<\/p>\n<p>Les notes de t\u00eate sont Poire, Lavande, Menthe, Bergamote et Citron; les notes de c\u0153ur sont Cannelle, Sauge sclar\u00e9e et Carvi; les notes de fond sont Gousse de vanille noire, Ambre, Patchouli et C\u00e8dre.<\/p>\n<p><img fetchpriority=\"high\" decoding=\"async\" class=\"alignnone size-medium wp-image-4959\" src=\"http:\/\/deeva.website\/wp-content\/uploads\/2025\/04\/Capture37-243x300.png\" alt=\"\" width=\"243\" height=\"300\" srcset=\"https:\/\/deeva.website\/wp-content\/uploads\/2025\/04\/Capture37-243x300.png 243w, https:\/\/deeva.website\/wp-content\/uploads\/2025\/04\/Capture37.png 373w\" sizes=\"(max-width: 243px) 100vw, 243px\" \/> <img decoding=\"async\" class=\"alignnone size-medium wp-image-4961\" src=\"http:\/\/deeva.website\/wp-content\/uploads\/2025\/04\/ppppppppp-300x300.png\" alt=\"\" width=\"300\" height=\"300\" srcset=\"https:\/\/deeva.website\/wp-content\/uploads\/2025\/04\/ppppppppp-300x300.png 300w, https:\/\/deeva.website\/wp-content\/uploads\/2025\/04\/ppppppppp-150x150.png 150w, https:\/\/deeva.website\/wp-content\/uploads\/2025\/04\/ppppppppp-400x400.png 400w, https:\/\/deeva.website\/wp-content\/uploads\/2025\/04\/ppppppppp-100x100.png 100w, https:\/\/deeva.website\/wp-content\/uploads\/2025\/04\/ppppppppp-24x24.png 24w, https:\/\/deeva.website\/wp-content\/uploads\/2025\/04\/ppppppppp-48x48.png 48w, https:\/\/deeva.website\/wp-content\/uploads\/2025\/04\/ppppppppp-96x96.png 96w, https:\/\/deeva.website\/wp-content\/uploads\/2025\/04\/ppppppppp.png 580w\" sizes=\"(max-width: 300px) 100vw, 300px\" \/><\/p>\n","protected":false},"excerpt":{"rendered":"<p><strong>Ultra Male 125ml<\/strong> de <em>Jean<\/em> <em>Paul<\/em> <em>Gaultier<\/em> est un\u00a0<strong>parfum identique \u00e0 l\u2019original<\/strong>, m\u00eame senteurs, packaging et flacon.<\/p>\n<p>C&#8217;est un parfum Orientale Foug\u00e8re pour homme.<\/p>\n<p>Les notes de t\u00eate sont Poire, Lavande, Menthe, Bergamote et Citron; les notes de c\u0153ur sont Cannelle, Sauge sclar\u00e9e et Carvi; les notes de fond sont Gousse de vanille noire, Ambre, Patchouli et C\u00e8dre.<\/p>\n<p><img fetchpriority=\"high\" decoding=\"async\" class=\"alignnone size-medium wp-image-4959\" src=\"http:\/\/deeva.website\/wp-content\/uploads\/2025\/04\/Capture37-243x300.png\" alt=\"\" width=\"243\" height=\"300\" srcset=\"https:\/\/deeva.website\/wp-content\/uploads\/2025\/04\/Capture37-243x300.png 243w, https:\/\/deeva.website\/wp-content\/uploads\/2025\/04\/Capture37.png 373w\" sizes=\"(max-width: 243px) 100vw, 243px\" \/> <img decoding=\"async\" class=\"alignnone size-medium wp-image-4961\" src=\"http:\/\/deeva.website\/wp-content\/uploads\/2025\/04\/ppppppppp-300x300.png\" alt=\"\" width=\"300\" height=\"300\" srcset=\"https:\/\/deeva.website\/wp-content\/uploads\/2025\/04\/ppppppppp-300x300.png 300w, https:\/\/deeva.website\/wp-content\/uploads\/2025\/04\/ppppppppp-150x150.png 150w, https:\/\/deeva.website\/wp-content\/uploads\/2025\/04\/ppppppppp-400x400.png 400w, https:\/\/deeva.website\/wp-content\/uploads\/2025\/04\/ppppppppp-100x100.png 100w, https:\/\/deeva.website\/wp-content\/uploads\/2025\/04\/ppppppppp-24x24.png 24w, https:\/\/deeva.website\/wp-content\/uploads\/2025\/04\/ppppppppp-48x48.png 48w, https:\/\/deeva.website\/wp-content\/uploads\/2025\/04\/ppppppppp-96x96.png 96w, https:\/\/deeva.website\/wp-content\/uploads\/2025\/04\/ppppppppp.png 580w\" sizes=\"(max-width: 300px) 100vw, 300px\" \/><\/p>\n","protected":false},"featured_media":4955,"comment_status":"open","ping_status":"closed","template":"","meta":[],"product_cat":[87],"product_tag":[],"_links":{"self":[{"href":"https:\/\/deeva.website\/fr-tn\/wp-json\/wp\/v2\/product\/4954"}],"collection":[{"href":"https:\/\/deeva.website\/fr-tn\/wp-json\/wp\/v2\/product"}],"about":[{"href":"https:\/\/deeva.website\/fr-tn\/wp-json\/wp\/v2\/types\/product"}],"replies":[{"embeddable":true,"href":"https:\/\/deeva.website\/fr-tn\/wp-json\/wp\/v2\/comments?post=4954"}],"version-history":[{"count":1,"href":"https:\/\/deeva.website\/fr-tn\/wp-json\/wp\/v2\/product\/4954\/revisions"}],"predecessor-version":[{"id":4963,"href":"https:\/\/deeva.website\/fr-tn\/wp-json\/wp\/v2\/product\/4954\/revisions\/4963"}],"wp:featuredmedia":[{"embeddable":true,"href":"https:\/\/deeva.website\/fr-tn\/wp-json\/wp\/v2\/media\/4955"}],"wp:attachment":[{"href":"https:\/\/deeva.website\/fr-tn\/wp-json\/wp\/v2\/media?parent=4954"}],"wp:term":[{"taxonomy":"product_cat","embeddable":true,"href":"https:\/\/deeva.website\/fr-tn\/wp-json\/wp\/v2\/product_cat?post=4954"},{"taxonomy":"product_tag","embeddable":true,"href":"https:\/\/deeva.website\/fr-tn\/wp-json\/wp\/v2\/product_tag?post=4954"}],"curies":[{"name":"wp","href":"https:\/\/api.w.org\/{rel}","templated":true}]}}