{"id":4930,"date":"2025-04-21T14:35:15","date_gmt":"2025-04-21T12:35:15","guid":{"rendered":"https:\/\/deeva.website\/?post_type=product&#038;p=4930"},"modified":"2025-04-21T20:39:47","modified_gmt":"2025-04-21T18:39:47","slug":"jean-paul-gaultier-scandal-for-him-absolu","status":"publish","type":"product","link":"https:\/\/deeva.website\/fr-tn\/produit\/jean-paul-gaultier-scandal-for-him-absolu\/","title":{"rendered":"Jean Paul Gaultier Scandal for him absolu"},"content":{"rendered":"<p><em>Jean Paul Gaultier<\/em> <strong>Scandal for him absolu 100ml<\/strong> est un<strong> parfum identique \u00e0 l\u2019original<\/strong>, m\u00eame senteurs, packaging et flacon.<\/p>\n<p>La note de t\u00eate est Mirabelle; la note de c\u0153ur est Ch\u00e2taigne; la note de fond est Bois de santal.<\/p>\n<p><img fetchpriority=\"high\" decoding=\"async\" class=\"alignnone size-medium wp-image-4939\" src=\"http:\/\/deeva.website\/wp-content\/uploads\/2025\/04\/Capture35-249x300.png\" alt=\"\" width=\"249\" height=\"300\" srcset=\"https:\/\/deeva.website\/wp-content\/uploads\/2025\/04\/Capture35-249x300.png 249w, https:\/\/deeva.website\/wp-content\/uploads\/2025\/04\/Capture35.png 368w\" sizes=\"(max-width: 249px) 100vw, 249px\" \/> <img decoding=\"async\" class=\"alignnone size-full wp-image-4931\" src=\"http:\/\/deeva.website\/wp-content\/uploads\/2025\/04\/1000241734-300x300-1.jpg\" alt=\"\" width=\"300\" height=\"300\" srcset=\"https:\/\/deeva.website\/wp-content\/uploads\/2025\/04\/1000241734-300x300-1.jpg 300w, https:\/\/deeva.website\/wp-content\/uploads\/2025\/04\/1000241734-300x300-1-150x150.jpg 150w, https:\/\/deeva.website\/wp-content\/uploads\/2025\/04\/1000241734-300x300-1-100x100.jpg 100w, https:\/\/deeva.website\/wp-content\/uploads\/2025\/04\/1000241734-300x300-1-24x24.jpg 24w, https:\/\/deeva.website\/wp-content\/uploads\/2025\/04\/1000241734-300x300-1-48x48.jpg 48w, https:\/\/deeva.website\/wp-content\/uploads\/2025\/04\/1000241734-300x300-1-96x96.jpg 96w\" sizes=\"(max-width: 300px) 100vw, 300px\" \/><\/p>\n","protected":false},"excerpt":{"rendered":"<p><em>Jean Paul Gaultier<\/em> <strong>Scandal for him absolu 100ml<\/strong> est un<strong> parfum identique \u00e0 l\u2019original<\/strong>, m\u00eame senteurs, packaging et flacon.<\/p>\n<p>La note de t\u00eate est Mirabelle; la note de c\u0153ur est Ch\u00e2taigne; la note de fond est Bois de santal.<\/p>\n<p><img fetchpriority=\"high\" decoding=\"async\" class=\"alignnone size-medium wp-image-4939\" src=\"http:\/\/deeva.website\/wp-content\/uploads\/2025\/04\/Capture35-249x300.png\" alt=\"\" width=\"249\" height=\"300\" srcset=\"https:\/\/deeva.website\/wp-content\/uploads\/2025\/04\/Capture35-249x300.png 249w, https:\/\/deeva.website\/wp-content\/uploads\/2025\/04\/Capture35.png 368w\" sizes=\"(max-width: 249px) 100vw, 249px\" \/> <img decoding=\"async\" class=\"alignnone size-full wp-image-4931\" src=\"http:\/\/deeva.website\/wp-content\/uploads\/2025\/04\/1000241734-300x300-1.jpg\" alt=\"\" width=\"300\" height=\"300\" srcset=\"https:\/\/deeva.website\/wp-content\/uploads\/2025\/04\/1000241734-300x300-1.jpg 300w, https:\/\/deeva.website\/wp-content\/uploads\/2025\/04\/1000241734-300x300-1-150x150.jpg 150w, https:\/\/deeva.website\/wp-content\/uploads\/2025\/04\/1000241734-300x300-1-100x100.jpg 100w, https:\/\/deeva.website\/wp-content\/uploads\/2025\/04\/1000241734-300x300-1-24x24.jpg 24w, https:\/\/deeva.website\/wp-content\/uploads\/2025\/04\/1000241734-300x300-1-48x48.jpg 48w, https:\/\/deeva.website\/wp-content\/uploads\/2025\/04\/1000241734-300x300-1-96x96.jpg 96w\" sizes=\"(max-width: 300px) 100vw, 300px\" \/><\/p>\n","protected":false},"featured_media":4937,"comment_status":"open","ping_status":"closed","template":"","meta":[],"product_cat":[71],"product_tag":[],"_links":{"self":[{"href":"https:\/\/deeva.website\/fr-tn\/wp-json\/wp\/v2\/product\/4930"}],"collection":[{"href":"https:\/\/deeva.website\/fr-tn\/wp-json\/wp\/v2\/product"}],"about":[{"href":"https:\/\/deeva.website\/fr-tn\/wp-json\/wp\/v2\/types\/product"}],"replies":[{"embeddable":true,"href":"https:\/\/deeva.website\/fr-tn\/wp-json\/wp\/v2\/comments?post=4930"}],"version-history":[{"count":2,"href":"https:\/\/deeva.website\/fr-tn\/wp-json\/wp\/v2\/product\/4930\/revisions"}],"predecessor-version":[{"id":4996,"href":"https:\/\/deeva.website\/fr-tn\/wp-json\/wp\/v2\/product\/4930\/revisions\/4996"}],"wp:featuredmedia":[{"embeddable":true,"href":"https:\/\/deeva.website\/fr-tn\/wp-json\/wp\/v2\/media\/4937"}],"wp:attachment":[{"href":"https:\/\/deeva.website\/fr-tn\/wp-json\/wp\/v2\/media?parent=4930"}],"wp:term":[{"taxonomy":"product_cat","embeddable":true,"href":"https:\/\/deeva.website\/fr-tn\/wp-json\/wp\/v2\/product_cat?post=4930"},{"taxonomy":"product_tag","embeddable":true,"href":"https:\/\/deeva.website\/fr-tn\/wp-json\/wp\/v2\/product_tag?post=4930"}],"curies":[{"name":"wp","href":"https:\/\/api.w.org\/{rel}","templated":true}]}}