{"id":4920,"date":"2025-04-21T14:22:14","date_gmt":"2025-04-21T12:22:14","guid":{"rendered":"https:\/\/deeva.website\/?post_type=product&#038;p=4920"},"modified":"2025-04-21T14:22:14","modified_gmt":"2025-04-21T12:22:14","slug":"jean-paul-gaultier-scandal-pour-homme","status":"publish","type":"product","link":"https:\/\/deeva.website\/fr-tn\/produit\/jean-paul-gaultier-scandal-pour-homme\/","title":{"rendered":"Jean Paul Gaultier Scandal Pour Homme"},"content":{"rendered":"<p><strong>Scandal Pour Homme 100ml<\/strong> de <em>Jean Paul Gaultier<\/em> est un\u00a0<strong>parfum identique \u00e0 l\u2019original<\/strong>, m\u00eame senteurs, packaging et flacon.<\/p>\n<p>un parfum Orientale bois\u00e9 pour homme.<\/p>\n<p>Les notes de t\u00eate sont Mandarine et Sauge sclar\u00e9e; les notes de c\u0153ur sont Caramel et F\u00e8ve de tonka; la note de fond est V\u00e9tiver.<\/p>\n<p><img fetchpriority=\"high\" decoding=\"async\" class=\"alignnone size-medium wp-image-4927\" src=\"http:\/\/deeva.website\/wp-content\/uploads\/2025\/04\/img_p_6_1_9_6_3_61963-thickbox_default-300x300.webp\" alt=\"\" width=\"300\" height=\"300\" srcset=\"https:\/\/deeva.website\/wp-content\/uploads\/2025\/04\/img_p_6_1_9_6_3_61963-thickbox_default-300x300.webp 300w, https:\/\/deeva.website\/wp-content\/uploads\/2025\/04\/img_p_6_1_9_6_3_61963-thickbox_default-150x150.webp 150w, https:\/\/deeva.website\/wp-content\/uploads\/2025\/04\/img_p_6_1_9_6_3_61963-thickbox_default-768x768.webp 768w, https:\/\/deeva.website\/wp-content\/uploads\/2025\/04\/img_p_6_1_9_6_3_61963-thickbox_default-400x400.webp 400w, https:\/\/deeva.website\/wp-content\/uploads\/2025\/04\/img_p_6_1_9_6_3_61963-thickbox_default-600x600.webp 600w, https:\/\/deeva.website\/wp-content\/uploads\/2025\/04\/img_p_6_1_9_6_3_61963-thickbox_default-100x100.webp 100w, https:\/\/deeva.website\/wp-content\/uploads\/2025\/04\/img_p_6_1_9_6_3_61963-thickbox_default-24x24.webp 24w, https:\/\/deeva.website\/wp-content\/uploads\/2025\/04\/img_p_6_1_9_6_3_61963-thickbox_default-48x48.webp 48w, https:\/\/deeva.website\/wp-content\/uploads\/2025\/04\/img_p_6_1_9_6_3_61963-thickbox_default-96x96.webp 96w, https:\/\/deeva.website\/wp-content\/uploads\/2025\/04\/img_p_6_1_9_6_3_61963-thickbox_default.webp 800w\" sizes=\"(max-width: 300px) 100vw, 300px\" \/><img decoding=\"async\" class=\"alignnone size-medium wp-image-4925\" src=\"http:\/\/deeva.website\/wp-content\/uploads\/2025\/04\/Capture34-248x300.png\" alt=\"\" width=\"248\" height=\"300\" srcset=\"https:\/\/deeva.website\/wp-content\/uploads\/2025\/04\/Capture34-248x300.png 248w, https:\/\/deeva.website\/wp-content\/uploads\/2025\/04\/Capture34.png 347w\" sizes=\"(max-width: 248px) 100vw, 248px\" \/><\/p>\n","protected":false},"excerpt":{"rendered":"<p><strong>Scandal Pour Homme 100ml<\/strong> de <em>Jean Paul Gaultier<\/em> est un\u00a0<strong>parfum identique \u00e0 l\u2019original<\/strong>, m\u00eame senteurs, packaging et flacon.<\/p>\n<p>un parfum Orientale bois\u00e9 pour homme.<\/p>\n<p>Les notes de t\u00eate sont Mandarine et Sauge sclar\u00e9e; les notes de c\u0153ur sont Caramel et F\u00e8ve de tonka; la note de fond est V\u00e9tiver.<\/p>\n<p><img fetchpriority=\"high\" decoding=\"async\" class=\"alignnone size-medium wp-image-4927\" src=\"http:\/\/deeva.website\/wp-content\/uploads\/2025\/04\/img_p_6_1_9_6_3_61963-thickbox_default-300x300.webp\" alt=\"\" width=\"300\" height=\"300\" srcset=\"https:\/\/deeva.website\/wp-content\/uploads\/2025\/04\/img_p_6_1_9_6_3_61963-thickbox_default-300x300.webp 300w, https:\/\/deeva.website\/wp-content\/uploads\/2025\/04\/img_p_6_1_9_6_3_61963-thickbox_default-150x150.webp 150w, https:\/\/deeva.website\/wp-content\/uploads\/2025\/04\/img_p_6_1_9_6_3_61963-thickbox_default-768x768.webp 768w, https:\/\/deeva.website\/wp-content\/uploads\/2025\/04\/img_p_6_1_9_6_3_61963-thickbox_default-400x400.webp 400w, https:\/\/deeva.website\/wp-content\/uploads\/2025\/04\/img_p_6_1_9_6_3_61963-thickbox_default-600x600.webp 600w, https:\/\/deeva.website\/wp-content\/uploads\/2025\/04\/img_p_6_1_9_6_3_61963-thickbox_default-100x100.webp 100w, https:\/\/deeva.website\/wp-content\/uploads\/2025\/04\/img_p_6_1_9_6_3_61963-thickbox_default-24x24.webp 24w, https:\/\/deeva.website\/wp-content\/uploads\/2025\/04\/img_p_6_1_9_6_3_61963-thickbox_default-48x48.webp 48w, https:\/\/deeva.website\/wp-content\/uploads\/2025\/04\/img_p_6_1_9_6_3_61963-thickbox_default-96x96.webp 96w, https:\/\/deeva.website\/wp-content\/uploads\/2025\/04\/img_p_6_1_9_6_3_61963-thickbox_default.webp 800w\" sizes=\"(max-width: 300px) 100vw, 300px\" \/><img decoding=\"async\" class=\"alignnone size-medium wp-image-4925\" src=\"http:\/\/deeva.website\/wp-content\/uploads\/2025\/04\/Capture34-248x300.png\" alt=\"\" width=\"248\" height=\"300\" srcset=\"https:\/\/deeva.website\/wp-content\/uploads\/2025\/04\/Capture34-248x300.png 248w, https:\/\/deeva.website\/wp-content\/uploads\/2025\/04\/Capture34.png 347w\" sizes=\"(max-width: 248px) 100vw, 248px\" \/><\/p>\n","protected":false},"featured_media":4921,"comment_status":"open","ping_status":"closed","template":"","meta":[],"product_cat":[87],"product_tag":[],"_links":{"self":[{"href":"https:\/\/deeva.website\/fr-tn\/wp-json\/wp\/v2\/product\/4920"}],"collection":[{"href":"https:\/\/deeva.website\/fr-tn\/wp-json\/wp\/v2\/product"}],"about":[{"href":"https:\/\/deeva.website\/fr-tn\/wp-json\/wp\/v2\/types\/product"}],"replies":[{"embeddable":true,"href":"https:\/\/deeva.website\/fr-tn\/wp-json\/wp\/v2\/comments?post=4920"}],"version-history":[{"count":1,"href":"https:\/\/deeva.website\/fr-tn\/wp-json\/wp\/v2\/product\/4920\/revisions"}],"predecessor-version":[{"id":4929,"href":"https:\/\/deeva.website\/fr-tn\/wp-json\/wp\/v2\/product\/4920\/revisions\/4929"}],"wp:featuredmedia":[{"embeddable":true,"href":"https:\/\/deeva.website\/fr-tn\/wp-json\/wp\/v2\/media\/4921"}],"wp:attachment":[{"href":"https:\/\/deeva.website\/fr-tn\/wp-json\/wp\/v2\/media?parent=4920"}],"wp:term":[{"taxonomy":"product_cat","embeddable":true,"href":"https:\/\/deeva.website\/fr-tn\/wp-json\/wp\/v2\/product_cat?post=4920"},{"taxonomy":"product_tag","embeddable":true,"href":"https:\/\/deeva.website\/fr-tn\/wp-json\/wp\/v2\/product_tag?post=4920"}],"curies":[{"name":"wp","href":"https:\/\/api.w.org\/{rel}","templated":true}]}}