{"id":4910,"date":"2025-04-20T22:28:42","date_gmt":"2025-04-20T20:28:42","guid":{"rendered":"https:\/\/deeva.website\/?post_type=product&#038;p=4910"},"modified":"2025-04-20T22:28:42","modified_gmt":"2025-04-20T20:28:42","slug":"chanel-allure-homme-sport","status":"publish","type":"product","link":"https:\/\/deeva.website\/fr-tn\/produit\/chanel-allure-homme-sport\/","title":{"rendered":"Chanel Allure Homme Sport"},"content":{"rendered":"<p><strong>Allure Homme Sport 100ml<\/strong> de <em>Chanel<\/em> est un\u00a0<strong>parfum identique \u00e0 l\u2019original<\/strong>, m\u00eame senteurs, packaging et flacon.<\/p>\n<p>C&#8217;est un parfum Bois\u00e9 \u00c9pic\u00e9 pour homme.<\/p>\n<p>Les notes de t\u00eate sont Orange, Notes marines, Ald\u00e9hydes et Mandarine sanguine; les notes de c\u0153ur sont Poivre, N\u00e9roli et C\u00e8dre; les notes de fond sont Vanille, F\u00e8ve de tonka, Musc blanc, Ambre, V\u00e9tiver et R\u00e9sine d&#8217;\u00e9l\u00e9mi.<\/p>\n<p><img fetchpriority=\"high\" decoding=\"async\" class=\"alignnone size-medium wp-image-4917\" src=\"http:\/\/deeva.website\/wp-content\/uploads\/2025\/04\/Capture33-232x300.png\" alt=\"\" width=\"232\" height=\"300\" srcset=\"https:\/\/deeva.website\/wp-content\/uploads\/2025\/04\/Capture33-232x300.png 232w, https:\/\/deeva.website\/wp-content\/uploads\/2025\/04\/Capture33.png 370w\" sizes=\"(max-width: 232px) 100vw, 232px\" \/> <img decoding=\"async\" class=\"alignnone size-medium wp-image-4911\" src=\"http:\/\/deeva.website\/wp-content\/uploads\/2025\/04\/657d8f1e40fca952f17b2639-chanel-allure-homme-sport-3-4-oz-men-eau-300x157.jpg\" alt=\"\" width=\"300\" height=\"157\" srcset=\"https:\/\/deeva.website\/wp-content\/uploads\/2025\/04\/657d8f1e40fca952f17b2639-chanel-allure-homme-sport-3-4-oz-men-eau-300x157.jpg 300w, https:\/\/deeva.website\/wp-content\/uploads\/2025\/04\/657d8f1e40fca952f17b2639-chanel-allure-homme-sport-3-4-oz-men-eau.jpg 500w\" sizes=\"(max-width: 300px) 100vw, 300px\" \/><\/p>\n","protected":false},"excerpt":{"rendered":"<p><strong>Allure Homme Sport 100ml<\/strong> de <em>Chanel<\/em> est un\u00a0<strong>parfum identique \u00e0 l\u2019original<\/strong>, m\u00eame senteurs, packaging et flacon.<\/p>\n<p>C&#8217;est un parfum Bois\u00e9 \u00c9pic\u00e9 pour homme.<\/p>\n<p>Les notes de t\u00eate sont Orange, Notes marines, Ald\u00e9hydes et Mandarine sanguine; les notes de c\u0153ur sont Poivre, N\u00e9roli et C\u00e8dre; les notes de fond sont Vanille, F\u00e8ve de tonka, Musc blanc, Ambre, V\u00e9tiver et R\u00e9sine d&#8217;\u00e9l\u00e9mi.<\/p>\n<p><img fetchpriority=\"high\" decoding=\"async\" class=\"alignnone size-medium wp-image-4917\" src=\"http:\/\/deeva.website\/wp-content\/uploads\/2025\/04\/Capture33-232x300.png\" alt=\"\" width=\"232\" height=\"300\" srcset=\"https:\/\/deeva.website\/wp-content\/uploads\/2025\/04\/Capture33-232x300.png 232w, https:\/\/deeva.website\/wp-content\/uploads\/2025\/04\/Capture33.png 370w\" sizes=\"(max-width: 232px) 100vw, 232px\" \/> <img decoding=\"async\" class=\"alignnone size-medium wp-image-4911\" src=\"http:\/\/deeva.website\/wp-content\/uploads\/2025\/04\/657d8f1e40fca952f17b2639-chanel-allure-homme-sport-3-4-oz-men-eau-300x157.jpg\" alt=\"\" width=\"300\" height=\"157\" srcset=\"https:\/\/deeva.website\/wp-content\/uploads\/2025\/04\/657d8f1e40fca952f17b2639-chanel-allure-homme-sport-3-4-oz-men-eau-300x157.jpg 300w, https:\/\/deeva.website\/wp-content\/uploads\/2025\/04\/657d8f1e40fca952f17b2639-chanel-allure-homme-sport-3-4-oz-men-eau.jpg 500w\" sizes=\"(max-width: 300px) 100vw, 300px\" \/><\/p>\n","protected":false},"featured_media":4915,"comment_status":"open","ping_status":"closed","template":"","meta":[],"product_cat":[87],"product_tag":[],"_links":{"self":[{"href":"https:\/\/deeva.website\/fr-tn\/wp-json\/wp\/v2\/product\/4910"}],"collection":[{"href":"https:\/\/deeva.website\/fr-tn\/wp-json\/wp\/v2\/product"}],"about":[{"href":"https:\/\/deeva.website\/fr-tn\/wp-json\/wp\/v2\/types\/product"}],"replies":[{"embeddable":true,"href":"https:\/\/deeva.website\/fr-tn\/wp-json\/wp\/v2\/comments?post=4910"}],"version-history":[{"count":1,"href":"https:\/\/deeva.website\/fr-tn\/wp-json\/wp\/v2\/product\/4910\/revisions"}],"predecessor-version":[{"id":4919,"href":"https:\/\/deeva.website\/fr-tn\/wp-json\/wp\/v2\/product\/4910\/revisions\/4919"}],"wp:featuredmedia":[{"embeddable":true,"href":"https:\/\/deeva.website\/fr-tn\/wp-json\/wp\/v2\/media\/4915"}],"wp:attachment":[{"href":"https:\/\/deeva.website\/fr-tn\/wp-json\/wp\/v2\/media?parent=4910"}],"wp:term":[{"taxonomy":"product_cat","embeddable":true,"href":"https:\/\/deeva.website\/fr-tn\/wp-json\/wp\/v2\/product_cat?post=4910"},{"taxonomy":"product_tag","embeddable":true,"href":"https:\/\/deeva.website\/fr-tn\/wp-json\/wp\/v2\/product_tag?post=4910"}],"curies":[{"name":"wp","href":"https:\/\/api.w.org\/{rel}","templated":true}]}}