{"id":4900,"date":"2025-04-20T22:21:14","date_gmt":"2025-04-20T20:21:14","guid":{"rendered":"https:\/\/deeva.website\/?post_type=product&#038;p=4900"},"modified":"2025-04-20T22:21:14","modified_gmt":"2025-04-20T20:21:14","slug":"chanel-bleu-de-chanel","status":"publish","type":"product","link":"https:\/\/deeva.website\/fr-tn\/produit\/chanel-bleu-de-chanel\/","title":{"rendered":"Chanel Bleu de Chanel"},"content":{"rendered":"<p><strong>Bleu de Chanel 100ml<\/strong> Eau de Parfum de <em>Chanel<\/em> est un\u00a0<strong>parfum identique \u00e0 l\u2019original<\/strong>, m\u00eame senteurs, packaging et flacon.<\/p>\n<p>C&#8217;est un parfum Bois\u00e9 Aromatique pour homme.<\/p>\n<p>Les notes de t\u00eate sont Pamplemousse, Citron, Menthe, Bergamote, Poivre rose, Ald\u00e9hydes et Coriandre; les notes de c\u0153ur sont Gingembre, Noix de muscade, Jasmin et Melon; les notes de fond sont Encens, Ambre, C\u00e8dre, Bois de santal, Patchouli, Amberwood et Ciste.<\/p>\n<p><img fetchpriority=\"high\" decoding=\"async\" class=\"alignnone size-full wp-image-4901\" src=\"http:\/\/deeva.website\/wp-content\/uploads\/2025\/04\/images-90.jpg\" alt=\"\" width=\"225\" height=\"225\" srcset=\"https:\/\/deeva.website\/wp-content\/uploads\/2025\/04\/images-90.jpg 225w, https:\/\/deeva.website\/wp-content\/uploads\/2025\/04\/images-90-150x150.jpg 150w, https:\/\/deeva.website\/wp-content\/uploads\/2025\/04\/images-90-100x100.jpg 100w, https:\/\/deeva.website\/wp-content\/uploads\/2025\/04\/images-90-24x24.jpg 24w, https:\/\/deeva.website\/wp-content\/uploads\/2025\/04\/images-90-48x48.jpg 48w, https:\/\/deeva.website\/wp-content\/uploads\/2025\/04\/images-90-96x96.jpg 96w\" sizes=\"(max-width: 225px) 100vw, 225px\" \/> <img decoding=\"async\" class=\"alignnone size-medium wp-image-4907\" src=\"http:\/\/deeva.website\/wp-content\/uploads\/2025\/04\/Capture32-227x300.png\" alt=\"\" width=\"227\" height=\"300\" srcset=\"https:\/\/deeva.website\/wp-content\/uploads\/2025\/04\/Capture32-227x300.png 227w, https:\/\/deeva.website\/wp-content\/uploads\/2025\/04\/Capture32.png 357w\" sizes=\"(max-width: 227px) 100vw, 227px\" \/><\/p>\n","protected":false},"excerpt":{"rendered":"<p><strong>Bleu de Chanel 100ml<\/strong> Eau de Parfum de <em>Chanel<\/em> est un\u00a0<strong>parfum identique \u00e0 l\u2019original<\/strong>, m\u00eame senteurs, packaging et flacon.<\/p>\n<p>C&#8217;est un parfum Bois\u00e9 Aromatique pour homme.<\/p>\n<p>Les notes de t\u00eate sont Pamplemousse, Citron, Menthe, Bergamote, Poivre rose, Ald\u00e9hydes et Coriandre; les notes de c\u0153ur sont Gingembre, Noix de muscade, Jasmin et Melon; les notes de fond sont Encens, Ambre, C\u00e8dre, Bois de santal, Patchouli, Amberwood et Ciste.<\/p>\n<p><img fetchpriority=\"high\" decoding=\"async\" class=\"alignnone size-full wp-image-4901\" src=\"http:\/\/deeva.website\/wp-content\/uploads\/2025\/04\/images-90.jpg\" alt=\"\" width=\"225\" height=\"225\" srcset=\"https:\/\/deeva.website\/wp-content\/uploads\/2025\/04\/images-90.jpg 225w, https:\/\/deeva.website\/wp-content\/uploads\/2025\/04\/images-90-150x150.jpg 150w, https:\/\/deeva.website\/wp-content\/uploads\/2025\/04\/images-90-100x100.jpg 100w, https:\/\/deeva.website\/wp-content\/uploads\/2025\/04\/images-90-24x24.jpg 24w, https:\/\/deeva.website\/wp-content\/uploads\/2025\/04\/images-90-48x48.jpg 48w, https:\/\/deeva.website\/wp-content\/uploads\/2025\/04\/images-90-96x96.jpg 96w\" sizes=\"(max-width: 225px) 100vw, 225px\" \/> <img decoding=\"async\" class=\"alignnone size-medium wp-image-4907\" src=\"http:\/\/deeva.website\/wp-content\/uploads\/2025\/04\/Capture32-227x300.png\" alt=\"\" width=\"227\" height=\"300\" srcset=\"https:\/\/deeva.website\/wp-content\/uploads\/2025\/04\/Capture32-227x300.png 227w, https:\/\/deeva.website\/wp-content\/uploads\/2025\/04\/Capture32.png 357w\" sizes=\"(max-width: 227px) 100vw, 227px\" \/><\/p>\n","protected":false},"featured_media":4905,"comment_status":"open","ping_status":"closed","template":"","meta":[],"product_cat":[81],"product_tag":[],"_links":{"self":[{"href":"https:\/\/deeva.website\/fr-tn\/wp-json\/wp\/v2\/product\/4900"}],"collection":[{"href":"https:\/\/deeva.website\/fr-tn\/wp-json\/wp\/v2\/product"}],"about":[{"href":"https:\/\/deeva.website\/fr-tn\/wp-json\/wp\/v2\/types\/product"}],"replies":[{"embeddable":true,"href":"https:\/\/deeva.website\/fr-tn\/wp-json\/wp\/v2\/comments?post=4900"}],"version-history":[{"count":2,"href":"https:\/\/deeva.website\/fr-tn\/wp-json\/wp\/v2\/product\/4900\/revisions"}],"predecessor-version":[{"id":6655,"href":"https:\/\/deeva.website\/fr-tn\/wp-json\/wp\/v2\/product\/4900\/revisions\/6655"}],"wp:featuredmedia":[{"embeddable":true,"href":"https:\/\/deeva.website\/fr-tn\/wp-json\/wp\/v2\/media\/4905"}],"wp:attachment":[{"href":"https:\/\/deeva.website\/fr-tn\/wp-json\/wp\/v2\/media?parent=4900"}],"wp:term":[{"taxonomy":"product_cat","embeddable":true,"href":"https:\/\/deeva.website\/fr-tn\/wp-json\/wp\/v2\/product_cat?post=4900"},{"taxonomy":"product_tag","embeddable":true,"href":"https:\/\/deeva.website\/fr-tn\/wp-json\/wp\/v2\/product_tag?post=4900"}],"curies":[{"name":"wp","href":"https:\/\/api.w.org\/{rel}","templated":true}]}}